{"id":3,"date":"2024-07-09T21:02:24","date_gmt":"2024-07-10T00:02:24","guid":{"rendered":"https:\/\/sellounico.cl\/web\/?page_id=3"},"modified":"2024-08-20T18:56:27","modified_gmt":"2024-08-20T21:56:27","slug":"politica-de-privacidad","status":"publish","type":"page","link":"https:\/\/sellounico.cl\/sitio\/politica-de-privacidad\/","title":{"rendered":"Pol\u00edtica de privacidad"},"content":{"rendered":"\t\t<div data-elementor-type=\"wp-page\" data-elementor-id=\"3\" class=\"elementor elementor-3\" data-elementor-post-type=\"page\">\n\t\t\t\t<div class=\"elementor-element elementor-element-023f53f e-flex e-con-boxed e-con e-parent\" data-id=\"023f53f\" data-element_type=\"container\" data-e-type=\"container\">\n\t\t\t\t\t<div class=\"e-con-inner\">\n\t\t\t\t<div class=\"elementor-element elementor-element-403f354 elementor-widget elementor-widget-heading\" data-id=\"403f354\" data-element_type=\"widget\" data-e-type=\"widget\" data-widget_type=\"heading.default\">\n\t\t\t\t<div class=\"elementor-widget-container\">\n\t\t\t\t\t<h2 class=\"elementor-heading-title elementor-size-default\">Pol\u00edticas de Privacidad y Seguridad del Cliente<\/h2>\t\t\t\t<\/div>\n\t\t\t\t<\/div>\n\t\t\t\t\t<\/div>\n\t\t\t\t<\/div>\n\t\t<div class=\"elementor-element elementor-element-add4417 e-flex e-con-boxed e-con e-parent\" data-id=\"add4417\" data-element_type=\"container\" data-e-type=\"container\">\n\t\t\t\t\t<div class=\"e-con-inner\">\n\t\t<div class=\"elementor-element elementor-element-3c6bf9d e-con-full e-flex e-con e-child\" data-id=\"3c6bf9d\" data-element_type=\"container\" data-e-type=\"container\">\n\t\t\t\t<div class=\"elementor-element elementor-element-1579830 elementor-widget elementor-widget-heading\" data-id=\"1579830\" data-element_type=\"widget\" data-e-type=\"widget\" data-widget_type=\"heading.default\">\n\t\t\t\t<div class=\"elementor-widget-container\">\n\t\t\t\t\t<h2 class=\"elementor-heading-title elementor-size-default\">1.Nuestro compromiso con la privacidad:<\/h2>\t\t\t\t<\/div>\n\t\t\t\t<\/div>\n\t\t\t\t<div class=\"elementor-element elementor-element-c89109c elementor-widget elementor-widget-text-editor\" data-id=\"c89109c\" data-element_type=\"widget\" data-e-type=\"widget\" data-widget_type=\"text-editor.default\">\n\t\t\t\t<div class=\"elementor-widget-container\">\n\t\t\t\t\t\t\t\t\t<p>Sello \u00danico SpA, en adelante \u201cSello \u00danico\u201d, representante exclusivo para Chile de Sello \u00danico, reconoce que la protecci\u00f3n de la informaci\u00f3n personal que recibe de los visitantes de su sitio web es muy importante. La recolecci\u00f3n de dicha informaci\u00f3n nos permite desarrollar y mantener un contacto cercano con quienes visitan sitio web de propiedad de Sello \u00danico, entendiendo mejor forma sus inquietudes y de esta manera ser m\u00e1s sensibles a usted, as\u00ed como ayudarnos a gestionar mejor nuestro negocio. Para proteger mejor su privacidad, proporcionamos este aviso que explica nuestras pr\u00e1cticas de informaci\u00f3n en l\u00ednea y las opciones que usted puede hacer sobre la forma de recopilaci\u00f3n de informaci\u00f3n utilizada.<\/p>\t\t\t\t\t\t\t\t<\/div>\n\t\t\t\t<\/div>\n\t\t\t\t<div class=\"elementor-element elementor-element-aab452e elementor-widget elementor-widget-heading\" data-id=\"aab452e\" data-element_type=\"widget\" data-e-type=\"widget\" data-widget_type=\"heading.default\">\n\t\t\t\t<div class=\"elementor-widget-container\">\n\t\t\t\t\t<h2 class=\"elementor-heading-title elementor-size-default\">2.Sitio cubierto por esta Pol\u00edtica de Privacidad:<\/h2>\t\t\t\t<\/div>\n\t\t\t\t<\/div>\n\t\t\t\t<div class=\"elementor-element elementor-element-4fdeb45 elementor-widget elementor-widget-text-editor\" data-id=\"4fdeb45\" data-element_type=\"widget\" data-e-type=\"widget\" data-widget_type=\"text-editor.default\">\n\t\t\t\t<div class=\"elementor-widget-container\">\n\t\t\t\t\t\t\t\t\t<p>Esta pol\u00edtica de privacidad se aplica a sitio web \u201cSello \u00danico.cl\u201d de propiedad de Sello \u00danico y operada por el mismo.<\/p>\t\t\t\t\t\t\t\t<\/div>\n\t\t\t\t<\/div>\n\t\t\t\t<div class=\"elementor-element elementor-element-81586ec elementor-widget elementor-widget-heading\" data-id=\"81586ec\" data-element_type=\"widget\" data-e-type=\"widget\" data-widget_type=\"heading.default\">\n\t\t\t\t<div class=\"elementor-widget-container\">\n\t\t\t\t\t<h2 class=\"elementor-heading-title elementor-size-default\">3.La informaci\u00f3n que recopilamos:<\/h2>\t\t\t\t<\/div>\n\t\t\t\t<\/div>\n\t\t\t\t<div class=\"elementor-element elementor-element-83fba89 elementor-widget elementor-widget-text-editor\" data-id=\"83fba89\" data-element_type=\"widget\" data-e-type=\"widget\" data-widget_type=\"text-editor.default\">\n\t\t\t\t<div class=\"elementor-widget-container\">\n\t\t\t\t\t\t\t\t\t<p>Al visitar nuestro sitio web propiedad de Sello \u00danico, recopilamos informaci\u00f3n personal no identificable sobre usted, y tambi\u00e9n podemos recopilar informaci\u00f3n de identificaci\u00f3n personal que usted nos proporciona.<\/p><p>Informaci\u00f3n no personal identificable es informaci\u00f3n que no puede ser usada para identificar o contactar con usted y esta informaci\u00f3n no se asocia con una identidad personal espec\u00edfica. Es aquella informaci\u00f3n que, recopilamos autom\u00e1ticamente a partir de que mediante el seguimiento de su uso de nuestro sitio web propiedad de Sello \u00danico, mediante el uso de la tecnolog\u00eda y la metodolog\u00eda que permite el seguimiento, tales como el uso de cookies, e incluye pero no se limita a la informaci\u00f3n, tales como el tipo de dominio, la versi\u00f3n del navegador, proveedor de servicios, la direcci\u00f3n de protocolo de Internet, el tiempo y p\u00e1gina visitada en nuestro sitio Web operado por Sello \u00danico, as\u00ed como informaci\u00f3n buscada en nuestra p\u00e1gina web operadas por Sello \u00danico. Una \u201ccookie\u201d es un peque\u00f1o archivo que un sitio web transfiere al disco duro del ordenador del visitante para prop\u00f3sitos de mantenimiento de registros.<\/p><p>Este seguimiento a trav\u00e9s del uso de cookies por s\u00ed sola no revela nada acerca de usted personalmente, ni nos proporciona ninguna informaci\u00f3n que le identifique personalmente, como su nombre, direcci\u00f3n de correo electr\u00f3nico u otra informaci\u00f3n de identificaci\u00f3n personal. Dicha informaci\u00f3n de identificaci\u00f3n personal es informaci\u00f3n que usted, a su elecci\u00f3n, voluntariamente nos proporciona durante su visita a nuestro sitio web de propiedad de Sello \u00danico e incluye, pero no se limita a la informaci\u00f3n, tales como sus aficiones e intereses, g\u00e9nero, edad, nivel de educaci\u00f3n, nivel de habilidad fotogr\u00e1fica, as\u00ed como las compras de y su experiencia con nuestros productos, en general informaci\u00f3n que nos permite cercan\u00eda con nuestros clientes, en este \u00e1mbito de relaci\u00f3n.<\/p><p>Informaci\u00f3n de identificaci\u00f3n personal es informaci\u00f3n que est\u00e1 asociada con el nombre de una persona o la identidad personal y se puede utilizar para identificar o ponerse en contacto con usted. Esto incluye, pero no se limita a la informaci\u00f3n tal como su nombre, direcci\u00f3n postal, direcci\u00f3n de correo electr\u00f3nico, n\u00famero de tel\u00e9fono, n\u00famero de fax y tarjeta de cr\u00e9dito \/ informaci\u00f3n de tarjeta de d\u00e9bito. Nosotros no recopilamos informaci\u00f3n personal identificable de ni\u00f1os menores de edad seg\u00fan nuestra legislaci\u00f3n.<\/p>\t\t\t\t\t\t\t\t<\/div>\n\t\t\t\t<\/div>\n\t\t\t\t<div class=\"elementor-element elementor-element-b262956 elementor-widget elementor-widget-heading\" data-id=\"b262956\" data-element_type=\"widget\" data-e-type=\"widget\" data-widget_type=\"heading.default\">\n\t\t\t\t<div class=\"elementor-widget-container\">\n\t\t\t\t\t<h2 class=\"elementor-heading-title elementor-size-default\">4.C\u00f3mo usamos la informaci\u00f3n recopilada:<\/h2>\t\t\t\t<\/div>\n\t\t\t\t<\/div>\n\t\t\t\t<div class=\"elementor-element elementor-element-105cf64 elementor-widget elementor-widget-text-editor\" data-id=\"105cf64\" data-element_type=\"widget\" data-e-type=\"widget\" data-widget_type=\"text-editor.default\">\n\t\t\t\t<div class=\"elementor-widget-container\">\n\t\t\t\t\t\t\t\t\t<p>Sello \u00danico utiliza la informaci\u00f3n recogida para ayudarnos a entender mejor sus necesidades e intereses para que, podamos brindarle un mejor servicio. En concreto, utilizamos informaci\u00f3n de identificaci\u00f3n personal para ayudarle a completar una transacci\u00f3n o pedido con nosotros, responder sus preguntas, peticiones, proporcionar y actualizar informaci\u00f3n de usted en nuestro servicio al cliente y apoyo, para que le notifiquen sobre ofertas promocionales o especiales, para comunicarse con usted acerca de nuestros productos y servicios, y para que pueda participar en una funci\u00f3n interactiva. La informaci\u00f3n personal identificable en forma de tarjeta de cr\u00e9dito \/ d\u00e9bito se utiliza \u00fanicamente para procesar pagos y la prevenci\u00f3n del fraude. Nuestro m\u00e9todo de identificaci\u00f3n no personal de informaci\u00f3n para aumentar la facilidad de funcionalidad y facilidad de nuestro sitio web operadas por Sello \u00danico, as\u00ed como para mejorar la experiencia del dise\u00f1o, el contenido y el usuario de nuestro sitio web operado por Sello \u00danico. Tambi\u00e9n podemos utilizar sin informaci\u00f3n de identificaci\u00f3n personal para fines de investigaci\u00f3n como el an\u00e1lisis de c\u00f3mo los visitantes usan nuestro sitio propiedad de Sello \u00danico. Adem\u00e1s, podemos tomar su informaci\u00f3n personal y hacer que no lo identifique personalmente, o bien si se combina con informaci\u00f3n acerca de otros individuos (la agregaci\u00f3n de la informaci\u00f3n con informaci\u00f3n acerca de otras personas), o mediante la eliminaci\u00f3n de caracter\u00edsticas, como su nombre, que hacen la informaci\u00f3n de identificaci\u00f3n personal para usted, es decir, de-personalizar su informaci\u00f3n. Dada la naturaleza de informaci\u00f3n, no hay restricciones en virtud de esta pol\u00edtica de privacidad en el derecho de Sello \u00danico a la agregaci\u00f3n o de-personalizar su informaci\u00f3n de identificaci\u00f3n personal, y el uso y \/ o compartir con terceros la resultante no informaci\u00f3n de identificaci\u00f3n personal de ninguna manera<\/p>\t\t\t\t\t\t\t\t<\/div>\n\t\t\t\t<\/div>\n\t\t\t\t<div class=\"elementor-element elementor-element-771de3a elementor-widget elementor-widget-heading\" data-id=\"771de3a\" data-element_type=\"widget\" data-e-type=\"widget\" data-widget_type=\"heading.default\">\n\t\t\t\t<div class=\"elementor-widget-container\">\n\t\t\t\t\t<h2 class=\"elementor-heading-title elementor-size-default\">5.Con qui\u00e9n compartimos informaci\u00f3n:<\/h2>\t\t\t\t<\/div>\n\t\t\t\t<\/div>\n\t\t\t\t<div class=\"elementor-element elementor-element-817f4dc elementor-widget elementor-widget-text-editor\" data-id=\"817f4dc\" data-element_type=\"widget\" data-e-type=\"widget\" data-widget_type=\"text-editor.default\">\n\t\t\t\t<div class=\"elementor-widget-container\">\n\t\t\t\t\t\t\t\t\t<p>Sello \u00danico no tiene que vender, alquilar o ceder cualquiera de su informaci\u00f3n personal identificable a terceros. Sello \u00danico tambi\u00e9n no comparte su informaci\u00f3n de identificaci\u00f3n personal con terceros, excepto nosotros podemos revelar informaci\u00f3n de identificaci\u00f3n personal a nuestros propios centros de negocios, casa matriz, y \/ o terceros no afiliados que trabajan en nuestro nombre o con nosotros, como agentes, vendedores y proveedores, pero s\u00f3lo con el prop\u00f3sito de que puedan cumplir con sus solicitudes a nosotros en busca de productos, servicios o informaci\u00f3n. Todas estas partes afiliadas y no afiliadas que tienen acceso a la informaci\u00f3n de identificaci\u00f3n personal est\u00e1n obligadas a mantener dicha informaci\u00f3n confidencial y no pueden usarla para ning\u00fan otro prop\u00f3sito que para llevar a cabo los servicios que est\u00e1n realizando para Sello \u00danico y seg\u00fan lo requerido por la ley. Salvo que se indique lo contrario en esta pol\u00edtica, Sello \u00danico no compartir\u00e1 informaci\u00f3n personal con terceros sin su permiso, a menos que (a) cumplir con cualquier ley de citaci\u00f3n, reglamento u orden judicial, (b) responder a solicitudes de las autoridades gubernamentales, o (c) ayudar a prevenir el fraude o para proteger la seguridad, los derechos, propiedad o seguridad de Sello \u00danico, as\u00ed como la de terceros.<\/p>\t\t\t\t\t\t\t\t<\/div>\n\t\t\t\t<\/div>\n\t\t\t\t<div class=\"elementor-element elementor-element-75339b0 elementor-widget elementor-widget-heading\" data-id=\"75339b0\" data-element_type=\"widget\" data-e-type=\"widget\" data-widget_type=\"heading.default\">\n\t\t\t\t<div class=\"elementor-widget-container\">\n\t\t\t\t\t<h2 class=\"elementor-heading-title elementor-size-default\">6.Enlaces a sitios que no sean de propiedad de Sello \u00danico:<\/h2>\t\t\t\t<\/div>\n\t\t\t\t<\/div>\n\t\t\t\t<div class=\"elementor-element elementor-element-f0fa460 elementor-widget elementor-widget-text-editor\" data-id=\"f0fa460\" data-element_type=\"widget\" data-e-type=\"widget\" data-widget_type=\"text-editor.default\">\n\t\t\t\t<div class=\"elementor-widget-container\">\n\t\t\t\t\t\t\t\t\t<p>El Sitio Web operado por Sello \u00danico puede proporcionar enlaces a otros sitios web que no son propiedad de Sello \u00danico y son propiedad de empresas que, son ya sea afiliado o no afiliado con Sello \u00danico. Estos enlaces a sitios web que no sean de propiedad de Sello \u00danico, se proporcionan como una cuesti\u00f3n de conveniencia y con fines informativos. Si usted accede a cualquiera de estos enlaces, usted ya no estar\u00e1 en una p\u00e1gina web operada por Sello \u00danico. Nosotros no avalamos ni hacemos ninguna declaraci\u00f3n acerca de que no sean sitios web propiedad de Sello \u00danico, y no somos responsables y que renuncia a toda garant\u00eda, expresa o impl\u00edcita, en cuanto a la privacidad, el contenido o la seguridad de este tipo que no sean sitios web de propiedad de Sello \u00danico. Usted es responsable de revisar, y alentamos a que revise las pol\u00edticas, incluyendo la pol\u00edtica de privacidad de tales sitios web que no sean de propiedad de Sello \u00danico.<\/p>\t\t\t\t\t\t\t\t<\/div>\n\t\t\t\t<\/div>\n\t\t\t\t<div class=\"elementor-element elementor-element-ad84c65 elementor-widget elementor-widget-heading\" data-id=\"ad84c65\" data-element_type=\"widget\" data-e-type=\"widget\" data-widget_type=\"heading.default\">\n\t\t\t\t<div class=\"elementor-widget-container\">\n\t\t\t\t\t<h2 class=\"elementor-heading-title elementor-size-default\">7.Nuestro compromiso con la seguridad de la informaci\u00f3n:<\/h2>\t\t\t\t<\/div>\n\t\t\t\t<\/div>\n\t\t\t\t<div class=\"elementor-element elementor-element-5937760 elementor-widget elementor-widget-text-editor\" data-id=\"5937760\" data-element_type=\"widget\" data-e-type=\"widget\" data-widget_type=\"text-editor.default\">\n\t\t\t\t<div class=\"elementor-widget-container\">\n\t\t\t\t\t\t\t\t\t<p>La seguridad de la informaci\u00f3n es importante en Sello \u00danico, y aunque ninguna medida de seguridad es perfecta o impenetrable y no podemos garantizar la seguridad de la informaci\u00f3n que usted nos proporciona, usted puede estar seguro de que mantenemos medidas f\u00edsicas, electr\u00f3nicas, administrativas, garant\u00edas y revisi\u00f3n peri\u00f3dica de dichas medidas de seguridad y de garant\u00edas para proteger su informaci\u00f3n de identificaci\u00f3n personal del acceso no autorizado o inapropiado y uso.<\/p>\t\t\t\t\t\t\t\t<\/div>\n\t\t\t\t<\/div>\n\t\t\t\t<div class=\"elementor-element elementor-element-caaba07 elementor-widget elementor-widget-heading\" data-id=\"caaba07\" data-element_type=\"widget\" data-e-type=\"widget\" data-widget_type=\"heading.default\">\n\t\t\t\t<div class=\"elementor-widget-container\">\n\t\t\t\t\t<h2 class=\"elementor-heading-title elementor-size-default\">8.Nuestro compromiso con la privacidad de los ni\u00f1os:<\/h2>\t\t\t\t<\/div>\n\t\t\t\t<\/div>\n\t\t\t\t<div class=\"elementor-element elementor-element-0fd47b3 elementor-widget elementor-widget-text-editor\" data-id=\"0fd47b3\" data-element_type=\"widget\" data-e-type=\"widget\" data-widget_type=\"text-editor.default\">\n\t\t\t\t<div class=\"elementor-widget-container\">\n\t\t\t\t\t\t\t\t\t<p>Nuestro sitio web de propiedad de Sello \u00danico, no est\u00e1 dirigidos a los ni\u00f1os, y no solicita ni recopila informaci\u00f3n personal de o acerca de los ni\u00f1os menores seg\u00fan nuestra legislaci\u00f3n. Si alg\u00fan padre o tutor descubre que su hijo \/ a ha proporcionado informaci\u00f3n personal a Sello \u00danico, env\u00ede un correo electr\u00f3nico contacto@sellounico.cl para que dicha informaci\u00f3n sea borrada de nuestros registros.<\/p>\t\t\t\t\t\t\t\t<\/div>\n\t\t\t\t<\/div>\n\t\t\t\t<div class=\"elementor-element elementor-element-f60e466 elementor-widget elementor-widget-heading\" data-id=\"f60e466\" data-element_type=\"widget\" data-e-type=\"widget\" data-widget_type=\"heading.default\">\n\t\t\t\t<div class=\"elementor-widget-container\">\n\t\t\t\t\t<h2 class=\"elementor-heading-title elementor-size-default\">9. \u00bfC\u00f3mo acceder o actualizar su informaci\u00f3n?<\/h2>\t\t\t\t<\/div>\n\t\t\t\t<\/div>\n\t\t\t\t<div class=\"elementor-element elementor-element-15aeb1d elementor-widget elementor-widget-text-editor\" data-id=\"15aeb1d\" data-element_type=\"widget\" data-e-type=\"widget\" data-widget_type=\"text-editor.default\">\n\t\t\t\t<div class=\"elementor-widget-container\">\n\t\t\t\t\t\t\t\t\t<p>Se puede acceder a nuestro sitio web, propiedad de Sello \u00danico en cualquier circunstancia, con excepci\u00f3n en casos fortuitos ajenos a Sello \u00danico en su normal y continua conexi\u00f3n a sitio web, pudiendo los usuarios editar, modificar o actualizar datos proporcionados por el mismo con anterioridad, sobre su identificaci\u00f3n personal y que mantenemos, al visitar base de datos de conocimientos de Sello \u00danico. Utilizamos este procedimiento para salvaguardar mejor su informaci\u00f3n de identificaci\u00f3n personal.<\/p><p>Para proteger su privacidad y la seguridad, tambi\u00e9n tomaremos medidas para verificar su identidad antes de permitirle el acceso a modificar o realizar ingreso de informaci\u00f3n personal.<\/p>\t\t\t\t\t\t\t\t<\/div>\n\t\t\t\t<\/div>\n\t\t\t\t<div class=\"elementor-element elementor-element-4bc6455 elementor-widget elementor-widget-heading\" data-id=\"4bc6455\" data-element_type=\"widget\" data-e-type=\"widget\" data-widget_type=\"heading.default\">\n\t\t\t\t<div class=\"elementor-widget-container\">\n\t\t\t\t\t<h2 class=\"elementor-heading-title elementor-size-default\">10. Sus preferencias de privacidad de Informaci\u00f3n, Identificaci\u00f3n Personal de Opci\u00f3n de Entrada \/ Salida<\/h2>\t\t\t\t<\/div>\n\t\t\t\t<\/div>\n\t\t\t\t<div class=\"elementor-element elementor-element-bdd7cbc elementor-widget elementor-widget-text-editor\" data-id=\"bdd7cbc\" data-element_type=\"widget\" data-e-type=\"widget\" data-widget_type=\"text-editor.default\">\n\t\t\t\t<div class=\"elementor-widget-container\">\n\t\t\t\t\t\t\t\t\t<p>Sello \u00danico no har\u00e1 uso de su informaci\u00f3n personal identificable para el prop\u00f3sito (s) que no sea el objetivo (s) principalmente proporcionado a nosotros. Lo que esto significa es que Sello \u00danico no enviar\u00e1 informaci\u00f3n sobre los productos Sello \u00danico, servicios, promociones, eventos, actualizaciones de firmware o el software y avisos de servicio, as\u00ed como la manera de disfrutar m\u00e1s de sus productos Sello \u00danico y fotograf\u00eda a menos que expresamente sea solicitado. Esta solicitud podr\u00e1 realizarla poni\u00e9ndose en contacto con nosotros mediante noticias enviadas por correo electr\u00f3nico a nuestro sitio web. Adem\u00e1s, en el caso de que usted ya no desee recibir informaci\u00f3n requerida por los medios ya indicados, podr\u00e1 ponerse en contacto con nosotros en preferencias de correos electr\u00f3nicos de Sello \u00danico y desistir de dicha informaci\u00f3n.<\/p>\t\t\t\t\t\t\t\t<\/div>\n\t\t\t\t<\/div>\n\t\t\t\t<div class=\"elementor-element elementor-element-3cfd739 elementor-widget elementor-widget-heading\" data-id=\"3cfd739\" data-element_type=\"widget\" data-e-type=\"widget\" data-widget_type=\"heading.default\">\n\t\t\t\t<div class=\"elementor-widget-container\">\n\t\t\t\t\t<h2 class=\"elementor-heading-title elementor-size-default\">11.Cambios en la pol\u00edtica:<\/h2>\t\t\t\t<\/div>\n\t\t\t\t<\/div>\n\t\t\t\t<div class=\"elementor-element elementor-element-e69632c elementor-widget elementor-widget-text-editor\" data-id=\"e69632c\" data-element_type=\"widget\" data-e-type=\"widget\" data-widget_type=\"text-editor.default\">\n\t\t\t\t<div class=\"elementor-widget-container\">\n\t\t\t\t\t\t\t\t\t<p>Al visitar nuestro sitio web operado por Sello \u00danico, usted da su consentimiento a nuestra colecci\u00f3n y uso de su informaci\u00f3n como se establece en esta pol\u00edtica. Sello \u00danico se reserva el derecho a modificar o complementar esta pol\u00edtica de privacidad, incluyendo la recopilaci\u00f3n y el uso y las pr\u00e1cticas relacionadas con el negocio, en cualquier momento mediante la publicaci\u00f3n actualizada en nuestro sitio Web operado por Sello \u00danico. Cambios en esta pol\u00edtica de privacidad son efectivos en el momento en que se publican en nuestro sitio web operado por Sello \u00danico. Por esta raz\u00f3n, es su responsabilidad y Sello \u00danico alienta a que Usted revise esta pol\u00edtica de privacidad cada vez que visite nuestro sitio web propiedad de Sello \u00danico.<\/p>\t\t\t\t\t\t\t\t<\/div>\n\t\t\t\t<\/div>\n\t\t\t\t<div class=\"elementor-element elementor-element-1e8ef38 elementor-widget elementor-widget-heading\" data-id=\"1e8ef38\" data-element_type=\"widget\" data-e-type=\"widget\" data-widget_type=\"heading.default\">\n\t\t\t\t<div class=\"elementor-widget-container\">\n\t\t\t\t\t<h2 class=\"elementor-heading-title elementor-size-default\">12. \u00bfC\u00f3mo comunicarse con nosotros?<\/h2>\t\t\t\t<\/div>\n\t\t\t\t<\/div>\n\t\t\t\t<div class=\"elementor-element elementor-element-23a725b elementor-widget elementor-widget-text-editor\" data-id=\"23a725b\" data-element_type=\"widget\" data-e-type=\"widget\" data-widget_type=\"text-editor.default\">\n\t\t\t\t<div class=\"elementor-widget-container\">\n\t\t\t\t\t\t\t\t\t<p>Si usted tiene alguna pregunta, comentario o inquietud con respecto a nuestras pr\u00e1cticas de privacidad o sobre esta declaraci\u00f3n de pol\u00edtica de privacidad, por favor no dude en contactar con nosotros a correo electr\u00f3nico contacto@sellounico.cl.<\/p>\t\t\t\t\t\t\t\t<\/div>\n\t\t\t\t<\/div>\n\t\t\t\t<\/div>\n\t\t\t\t\t<\/div>\n\t\t\t\t<\/div>\n\t\t\t\t<\/div>\n\t\t","protected":false},"excerpt":{"rendered":"<p>Pol\u00edticas de Privacidad y Seguridad del Cliente 1.Nuestro compromiso con la privacidad: Sello \u00danico SpA, en adelante \u201cSello \u00danico\u201d, representante exclusivo para Chile de Sello \u00danico, reconoce que la protecci\u00f3n de la informaci\u00f3n personal que recibe de los visitantes de su sitio web es muy importante. La recolecci\u00f3n de dicha informaci\u00f3n nos permite desarrollar y [&hellip;]<\/p>\n","protected":false},"author":1,"featured_media":0,"parent":0,"menu_order":0,"comment_status":"closed","ping_status":"closed","template":"","meta":{"footnotes":""},"class_list":["post-3","page","type-page","status-publish","hentry"],"_links":{"self":[{"href":"https:\/\/sellounico.cl\/sitio\/wp-json\/wp\/v2\/pages\/3","targetHints":{"allow":["GET"]}}],"collection":[{"href":"https:\/\/sellounico.cl\/sitio\/wp-json\/wp\/v2\/pages"}],"about":[{"href":"https:\/\/sellounico.cl\/sitio\/wp-json\/wp\/v2\/types\/page"}],"author":[{"embeddable":true,"href":"https:\/\/sellounico.cl\/sitio\/wp-json\/wp\/v2\/users\/1"}],"replies":[{"embeddable":true,"href":"https:\/\/sellounico.cl\/sitio\/wp-json\/wp\/v2\/comments?post=3"}],"version-history":[{"count":0,"href":"https:\/\/sellounico.cl\/sitio\/wp-json\/wp\/v2\/pages\/3\/revisions"}],"wp:attachment":[{"href":"https:\/\/sellounico.cl\/sitio\/wp-json\/wp\/v2\/media?parent=3"}],"curies":[{"name":"wp","href":"https:\/\/api.w.org\/{rel}","templated":true}]}}