{"id":22102,"date":"2024-07-18T16:49:05","date_gmt":"2024-07-18T19:49:05","guid":{"rendered":"https:\/\/sellounico.cl\/web\/producto\/parrilla-maihue-simple\/"},"modified":"2026-03-10T14:34:09","modified_gmt":"2026-03-10T17:34:09","slug":"parrilla-maihue-simple","status":"publish","type":"product","link":"https:\/\/sellounico.cl\/sitio\/producto\/parrilla-maihue-simple\/","title":{"rendered":"Parrilla Maihue Simple"},"content":{"rendered":"<h5>Funcionalidad pura con dise\u00f1o robusto y est\u00e9tica limpia<\/h5>\n<p><span style=\"font-weight: 400;\">La <\/span><b>Parrilla Maihue Simple<\/b><span style=\"font-weight: 400;\"> ofrece una soluci\u00f3n parrillera s\u00f3lida y pr\u00e1ctica para quienes buscan calidad, resistencia y una est\u00e9tica que aporte visualmente al quincho o patio. Est\u00e1 dise\u00f1ada para funcionar con <\/span><b>le\u00f1a o carb\u00f3n<\/b><span style=\"font-weight: 400;\">, y su construcci\u00f3n entrega una experiencia de asado segura, c\u00f3moda y duradera.<\/span><\/p>\n<p><span style=\"font-weight: 400;\">El <\/span><b>caj\u00f3n est\u00e1 fabricado en acero laminado en caliente de 4 mm<\/b><span style=\"font-weight: 400;\">, con bordes de 12 cm de altura, y va protegido con <\/span><b>pintura anticorrosiva para altas temperaturas<\/b><span style=\"font-weight: 400;\">, lo que asegura firmeza estructural y resistencia t\u00e9rmica prolongada.<\/span><\/p>\n<p><span style=\"font-weight: 400;\">Incluye una <\/span><b>rejilla de acero inoxidable desmontable<\/b><span style=\"font-weight: 400;\">, dividida en dos partes para facilitar su lavado, adem\u00e1s de los accesorios b\u00e1sicos para comenzar a asar desde el primer d\u00eda.<\/span><\/p>\n<h5><b>Incluye<\/b><\/h5>\n<p><span style=\"font-weight: 400;\">\u2022 Rejilla de parrilla de acero inoxidable (60 \u00d7 55 cm)<\/span><span style=\"font-weight: 400;\"><br \/>\n<\/span><span style=\"font-weight: 400;\"> \u2022 Atizador y pala<\/span><\/p>\n<h5>Medidas generales<\/h5>\n<p><span style=\"font-weight: 400;\">Largo 120 cm \/ Ancho 60 cm \/ Alto 95 cm<\/span><\/p>\n<p><em><span style=\"font-weight: 400;\">&#8220;Inspirada en el equilibrio entre lo funcional y lo esencial, la Parrilla Maihue Simple es una pieza vers\u00e1til que entrega todo lo necesario para un buen asado, sin perder el sello est\u00e9tico que caracteriza a Sello \u00danico.&#8221;<\/span><\/em><\/p>\n<h5>\ud83c\udde8\ud83c\uddf1 Hecho en Chile, con Sello de Calidad<\/h5>\n<p>En\u00a0<b>Sello \u00danico<\/b>\u00a0dise\u00f1amos y fabricamos cada producto en Chile, cuidando cada detalle, utilizando materiales de alta calidad y con una mirada puesta en la funcionalidad y la est\u00e9tica. Nuestro objetivo es crear piezas duraderas, con car\u00e1cter, que representen lo mejor del dise\u00f1o nacional.<\/p>\n","protected":false},"excerpt":{"rendered":"<div class=\"woocommerce-product-details__short-description\">\n<p><span style=\"font-weight: 400;\">Parrilla a la uruguaya con base fija, le\u00f1era incorporada y rejilla desmontable de acero inoxidable. Estructura de acero de 4 mm con pintura anticorrosiva. Hecha en Chile con procesos y materiales de calidad.<\/span><\/p>\n<\/div>\n","protected":false},"featured_media":22103,"template":"","meta":[],"product_brand":[],"product_cat":[188],"product_tag":[189,144,190,191,192,193,194,195,196,197,198,131,132,152,135,158,162,199,139,200,166,167,201,202,203,204,205,206,169,142],"class_list":{"0":"post-22102","1":"product","2":"type-product","3":"status-publish","4":"has-post-thumbnail","6":"product_cat-parrillas-y-asadores","7":"product_tag-asadero","8":"product_tag-asado","9":"product_tag-asado-a-la-uruguaya","10":"product_tag-asado-al-palo","11":"product_tag-asador","12":"product_tag-asados","13":"product_tag-barbacoa","14":"product_tag-barbecue","15":"product_tag-bbq","16":"product_tag-bracero","17":"product_tag-carbon","18":"product_tag-desing","19":"product_tag-diseno","20":"product_tag-diseno-exclusivo","21":"product_tag-diseno-unico","22":"product_tag-fogon","23":"product_tag-fuego","24":"product_tag-grill","25":"product_tag-hecho-a-mano","26":"product_tag-lenera","27":"product_tag-metal","28":"product_tag-parrilla","29":"product_tag-parrilla-de-carbon","30":"product_tag-parrilla-fierro","31":"product_tag-parrilla-lena","32":"product_tag-parrilladas","33":"product_tag-parrillas","34":"product_tag-parrilleros","35":"product_tag-rustico","36":"product_tag-sello-unico","38":"first","39":"instock","40":"purchasable","41":"product-type-simple"},"_links":{"self":[{"href":"https:\/\/sellounico.cl\/sitio\/wp-json\/wp\/v2\/product\/22102","targetHints":{"allow":["GET"]}}],"collection":[{"href":"https:\/\/sellounico.cl\/sitio\/wp-json\/wp\/v2\/product"}],"about":[{"href":"https:\/\/sellounico.cl\/sitio\/wp-json\/wp\/v2\/types\/product"}],"wp:featuredmedia":[{"embeddable":true,"href":"https:\/\/sellounico.cl\/sitio\/wp-json\/wp\/v2\/media\/22103"}],"wp:attachment":[{"href":"https:\/\/sellounico.cl\/sitio\/wp-json\/wp\/v2\/media?parent=22102"}],"wp:term":[{"taxonomy":"product_brand","embeddable":true,"href":"https:\/\/sellounico.cl\/sitio\/wp-json\/wp\/v2\/product_brand?post=22102"},{"taxonomy":"product_cat","embeddable":true,"href":"https:\/\/sellounico.cl\/sitio\/wp-json\/wp\/v2\/product_cat?post=22102"},{"taxonomy":"product_tag","embeddable":true,"href":"https:\/\/sellounico.cl\/sitio\/wp-json\/wp\/v2\/product_tag?post=22102"}],"curies":[{"name":"wp","href":"https:\/\/api.w.org\/{rel}","templated":true}]}}