{"id":22113,"date":"2024-07-18T16:49:05","date_gmt":"2024-07-18T19:49:05","guid":{"rendered":"https:\/\/sellounico.cl\/web\/producto\/fogon-panguipulli\/"},"modified":"2026-03-24T15:33:15","modified_gmt":"2026-03-24T18:33:15","slug":"fogon-panguipulli","status":"publish","type":"product","link":"https:\/\/sellounico.cl\/sitio\/producto\/fogon-panguipulli\/","title":{"rendered":"Fog\u00f3n Panguipulli"},"content":{"rendered":"<h5>Resistencia y versatilidad para disfrutar al m\u00e1ximo<\/h5>\n<p><span style=\"font-weight: 400;\">El <\/span><b>Fog\u00f3n Panguipulli<\/b><span style=\"font-weight: 400;\"> est\u00e1 confeccionado con planchas de acero al carbono de 4 mm, ofreciendo una robustez y durabilidad excepcionales. Su dise\u00f1o pr\u00e1ctico y multifuncional permite incorporar accesorios parrilleros, entregando una soluci\u00f3n ideal para quienes buscan aprovechar al m\u00e1ximo sus momentos alrededor del fuego, tanto para cocinar como para generar calor en espacios exteriores.<\/span><\/p>\n<p><span style=\"font-weight: 400;\">Cuenta con una pintura anticorrosiva para altas temperaturas resistente hasta 650\u00baC, que protege el fog\u00f3n contra el calor extremo, el uso prolongado y las condiciones clim\u00e1ticas m\u00e1s exigentes, garantizando una larga vida \u00fatil.<\/span><\/p>\n<p><span style=\"font-weight: 400;\">Su dise\u00f1o funcional y s\u00f3lido lo convierte en el complemento perfecto para quinchos, terrazas o jardines que buscan la combinaci\u00f3n ideal entre resistencia, versatilidad y est\u00e9tica.<\/span><\/p>\n<p><em><span style=\"font-weight: 400;\">&#8220;Inspirado en la funcionalidad de la vida al aire libre, este fog\u00f3n parrillero est\u00e1 pensado para los amantes de la cocina al fuego, donde cada reuni\u00f3n se transforma en un momento especial alrededor de las brasas.&#8221;<\/span><\/em><\/p>\n<h5>\ud83c\udde8\ud83c\uddf1 Hecho en Chile, con Sello de Calidad<\/h5>\n<p>En\u00a0<b>Sello \u00danico<\/b>\u00a0dise\u00f1amos y fabricamos cada producto en Chile, cuidando cada detalle, utilizando materiales de alta calidad y con una mirada puesta en la funcionalidad y la est\u00e9tica. Nuestro objetivo es crear piezas duraderas, con car\u00e1cter, que representen lo mejor del dise\u00f1o nacional.<\/p>\n","protected":false},"excerpt":{"rendered":"<p><span style=\"font-weight: 400;\">Fog\u00f3n parrillero multifuncional, fabricado con acero al carbono de 4 mm. Altamente resistente, dise\u00f1ado especialmente para cocinar y disfrutar del fuego al aire libre. Hecho en Chile con protecci\u00f3n anticorrosiva.<\/span><\/p>\n","protected":false},"featured_media":22114,"template":"","meta":[],"product_brand":[],"product_cat":[143],"product_tag":[144,145,146,147,148,149,150,151,131,152,153,154,155,156,157,158,159,160,161,162,139,163,164,165,166,167,168,169,142,170,171,172],"class_list":{"0":"post-22113","1":"product","2":"type-product","3":"status-publish","4":"has-post-thumbnail","6":"product_cat-fogones","7":"product_tag-asado","8":"product_tag-brasas","9":"product_tag-brasero","10":"product_tag-braseros","11":"product_tag-calefaccion","12":"product_tag-calor","13":"product_tag-deco-jardin","14":"product_tag-decoracion-exterior","15":"product_tag-desing","16":"product_tag-diseno-exclusivo","17":"product_tag-diseno-exterior","18":"product_tag-disenos-unicos","19":"product_tag-exterior","20":"product_tag-exterior-design","21":"product_tag-fierro","22":"product_tag-fogon","23":"product_tag-fogon-sin-humo","24":"product_tag-fogoneros","25":"product_tag-fogones","26":"product_tag-fuego","27":"product_tag-hecho-a-mano","28":"product_tag-inoxidable","29":"product_tag-jardin","30":"product_tag-lena","31":"product_tag-metal","32":"product_tag-parrilla","33":"product_tag-reduccion-de-humo","34":"product_tag-rustico","35":"product_tag-sello-unico","36":"product_tag-sin-humo","37":"product_tag-smokeless","38":"product_tag-terraza","40":"first","41":"instock","42":"purchasable","43":"product-type-simple"},"_links":{"self":[{"href":"https:\/\/sellounico.cl\/sitio\/wp-json\/wp\/v2\/product\/22113","targetHints":{"allow":["GET"]}}],"collection":[{"href":"https:\/\/sellounico.cl\/sitio\/wp-json\/wp\/v2\/product"}],"about":[{"href":"https:\/\/sellounico.cl\/sitio\/wp-json\/wp\/v2\/types\/product"}],"wp:featuredmedia":[{"embeddable":true,"href":"https:\/\/sellounico.cl\/sitio\/wp-json\/wp\/v2\/media\/22114"}],"wp:attachment":[{"href":"https:\/\/sellounico.cl\/sitio\/wp-json\/wp\/v2\/media?parent=22113"}],"wp:term":[{"taxonomy":"product_brand","embeddable":true,"href":"https:\/\/sellounico.cl\/sitio\/wp-json\/wp\/v2\/product_brand?post=22113"},{"taxonomy":"product_cat","embeddable":true,"href":"https:\/\/sellounico.cl\/sitio\/wp-json\/wp\/v2\/product_cat?post=22113"},{"taxonomy":"product_tag","embeddable":true,"href":"https:\/\/sellounico.cl\/sitio\/wp-json\/wp\/v2\/product_tag?post=22113"}],"curies":[{"name":"wp","href":"https:\/\/api.w.org\/{rel}","templated":true}]}}