{"id":22132,"date":"2024-07-18T16:49:05","date_gmt":"2024-07-18T19:49:05","guid":{"rendered":"https:\/\/sellounico.cl\/web\/producto\/fogon-smokeless-petrohue\/"},"modified":"2026-04-07T11:55:17","modified_gmt":"2026-04-07T14:55:17","slug":"fogon-smokeless-petrohue","status":"publish","type":"product","link":"https:\/\/sellounico.cl\/sitio\/producto\/fogon-smokeless-petrohue\/","title":{"rendered":"Fog\u00f3n Smokeless Petrohu\u00e9"},"content":{"rendered":"<h5>Fuego intenso sin interrupciones<\/h5>\n<p><span style=\"font-weight: 400;\">El <\/span><b>Fog\u00f3n Smokeless Petrohu\u00e9<\/b><span style=\"font-weight: 400;\"> est\u00e1 dise\u00f1ado para quienes buscan una experiencia de fuego m\u00e1s limpia y eficiente. Gracias a su sistema Smokeless, genera una corriente interna de aire caliente que favorece el tiraje y reduce considerablemente la presencia de humo, entregando una llama m\u00e1s estable e intensa.<\/span><\/p>\n<p><span style=\"font-weight: 400;\">Fabricado en acero al carbono de 2 mm, destaca por su estructura s\u00f3lida y duradera, ideal para enfrentar el uso frecuente y las condiciones propias del exterior. Su tama\u00f1o intermedio lo hace perfecto para terrazas, jardines y quinchos donde se valora el dise\u00f1o funcional y el buen rendimiento.<\/span><\/p>\n<p><span style=\"font-weight: 400;\">La terminaci\u00f3n en pintura electrost\u00e1tica negro mate u \u00f3xido asegura resistencia al calor, rayones y desgaste ambiental, manteniendo su est\u00e9tica impecable por mucho tiempo.<\/span><\/p>\n<p><em><span style=\"font-weight: 400;\">&#8220;Inspirado en la energ\u00eda volc\u00e1nica del sur de Chile, este fog\u00f3n busca replicar la fuerza del fuego en su forma m\u00e1s controlada, entregando calor y compa\u00f1\u00eda con menos humo y m\u00e1s intensidad.&#8221;<\/span><\/em><\/p>\n<h5>\ud83c\udde8\ud83c\uddf1 Hecho en Chile, con Sello de Calidad<\/h5>\n<p>En\u00a0<b>Sello \u00danico<\/b>\u00a0dise\u00f1amos y fabricamos cada producto en Chile, cuidando cada detalle, utilizando materiales de alta calidad y con una mirada puesta en la funcionalidad y la est\u00e9tica. Nuestro objetivo es crear piezas duraderas, con car\u00e1cter, que representen lo mejor del dise\u00f1o nacional.<\/p>\n","protected":false},"excerpt":{"rendered":"<p><span style=\"font-weight: 400;\">Fog\u00f3n con sistema Smokeless para una combusti\u00f3n m\u00e1s limpia y con menos humo. Fabricado en acero al carbono de 2 mm y terminado en pintura electrost\u00e1tica. Hecho en Chile, resistente y funcional.<\/span><\/p>\n","protected":false},"featured_media":22133,"template":"","meta":[],"product_brand":[],"product_cat":[207],"product_tag":[144,145,146,147,148,149,150,151,131,152,153,154,155,156,157,158,159,160,161,162,139,163,164,165,166,167,168,169,142,170,171,172],"class_list":{"0":"post-22132","1":"product","2":"type-product","3":"status-publish","4":"has-post-thumbnail","6":"product_cat-fogonessmokeless","7":"product_tag-asado","8":"product_tag-brasas","9":"product_tag-brasero","10":"product_tag-braseros","11":"product_tag-calefaccion","12":"product_tag-calor","13":"product_tag-deco-jardin","14":"product_tag-decoracion-exterior","15":"product_tag-desing","16":"product_tag-diseno-exclusivo","17":"product_tag-diseno-exterior","18":"product_tag-disenos-unicos","19":"product_tag-exterior","20":"product_tag-exterior-design","21":"product_tag-fierro","22":"product_tag-fogon","23":"product_tag-fogon-sin-humo","24":"product_tag-fogoneros","25":"product_tag-fogones","26":"product_tag-fuego","27":"product_tag-hecho-a-mano","28":"product_tag-inoxidable","29":"product_tag-jardin","30":"product_tag-lena","31":"product_tag-metal","32":"product_tag-parrilla","33":"product_tag-reduccion-de-humo","34":"product_tag-rustico","35":"product_tag-sello-unico","36":"product_tag-sin-humo","37":"product_tag-smokeless","38":"product_tag-terraza","40":"first","41":"instock","42":"purchasable","43":"product-type-simple"},"_links":{"self":[{"href":"https:\/\/sellounico.cl\/sitio\/wp-json\/wp\/v2\/product\/22132","targetHints":{"allow":["GET"]}}],"collection":[{"href":"https:\/\/sellounico.cl\/sitio\/wp-json\/wp\/v2\/product"}],"about":[{"href":"https:\/\/sellounico.cl\/sitio\/wp-json\/wp\/v2\/types\/product"}],"wp:featuredmedia":[{"embeddable":true,"href":"https:\/\/sellounico.cl\/sitio\/wp-json\/wp\/v2\/media\/22133"}],"wp:attachment":[{"href":"https:\/\/sellounico.cl\/sitio\/wp-json\/wp\/v2\/media?parent=22132"}],"wp:term":[{"taxonomy":"product_brand","embeddable":true,"href":"https:\/\/sellounico.cl\/sitio\/wp-json\/wp\/v2\/product_brand?post=22132"},{"taxonomy":"product_cat","embeddable":true,"href":"https:\/\/sellounico.cl\/sitio\/wp-json\/wp\/v2\/product_cat?post=22132"},{"taxonomy":"product_tag","embeddable":true,"href":"https:\/\/sellounico.cl\/sitio\/wp-json\/wp\/v2\/product_tag?post=22132"}],"curies":[{"name":"wp","href":"https:\/\/api.w.org\/{rel}","templated":true}]}}