{"id":22160,"date":"2024-07-18T16:49:05","date_gmt":"2024-07-18T19:49:05","guid":{"rendered":"https:\/\/sellounico.cl\/web\/producto\/parrilla-inoxidable-calafquen\/"},"modified":"2026-01-26T11:46:47","modified_gmt":"2026-01-26T14:46:47","slug":"parrilla-inoxidable-calafquen","status":"publish","type":"product","link":"https:\/\/sellounico.cl\/sitio\/producto\/parrilla-inoxidable-calafquen\/","title":{"rendered":"Parrilla Inox Calafqu\u00e9n"},"content":{"rendered":"<h5><span style=\"font-weight: 400;\">Convierte tu fog\u00f3n en una experiencia parrillera completa.<\/span><\/h5>\n<p><span style=\"font-weight: 400;\"> La Parrilla Calafqu\u00e9n est\u00e1 dise\u00f1ada especialmente para encajar de forma precisa sobre el Fog\u00f3n Calafqu\u00e9n, permiti\u00e9ndote aprovechar todo el potencial del fuego en preparaciones a la parrilla. Su formato circular y estructura firme brindan una excelente superficie de cocci\u00f3n sin perder el estilo del fog\u00f3n.<\/span><\/p>\n<p><span style=\"font-weight: 400;\">Fabricada en acero inoxidable de alta calidad, resiste el calor intenso y el uso continuo sin deformarse, garantizando una larga vida \u00fatil. Es f\u00e1cil de montar y desmontar, lo que la convierte en un accesorio pr\u00e1ctico y vers\u00e1til para tus reuniones al aire libre.<\/span><\/p>\n<p><span style=\"font-weight: 400;\">Una soluci\u00f3n robusta y est\u00e9tica para quienes buscan cocinar sobre el fuego con comodidad y t\u00e9cnica.<\/span><\/p>\n<p><em><span style=\"font-weight: 400;\">\u201cInspirada en el placer de asar sobre brasas vivas, con herramientas que est\u00e1n a la altura del fuego.\u201d<\/span><\/em><\/p>\n<h5>\ud83c\udde8\ud83c\uddf1 Hecho en Chile, con Sello de Calidad<\/h5>\n<p>En\u00a0<b>Sello \u00danico<\/b>\u00a0dise\u00f1amos y fabricamos cada producto en Chile, cuidando cada detalle, utilizando materiales de alta calidad y con una mirada puesta en la funcionalidad y la est\u00e9tica. Nuestro objetivo es crear piezas duraderas, con car\u00e1cter, que representen lo mejor del dise\u00f1o nacional.<\/p>\n","protected":false},"excerpt":{"rendered":"<p>Parrilla redonda de acero inoxidable adaptada al Fog\u00f3n Calafqu\u00e9n Smokeless o Calafqu\u00e9n Smokeless Mini. Ideal para transformar tu fog\u00f3n en una parrilla funcional y duradera. F\u00e1cil de montar, resistente y hecha en Chile para asados con car\u00e1cter.<\/p>\n","protected":false},"featured_media":22161,"template":"","meta":[],"product_brand":[],"product_cat":[208],"product_tag":[189,144,190,191,192,193,194,195,196,197,198,131,132,152,135,158,162,199,139,250,163,200,166,167,201,202,203,204,205,206,169,142,394],"class_list":{"0":"post-22160","1":"product","2":"type-product","3":"status-publish","4":"has-post-thumbnail","6":"product_cat-accesorios","7":"product_tag-asadero","8":"product_tag-asado","9":"product_tag-asado-a-la-uruguaya","10":"product_tag-asado-al-palo","11":"product_tag-asador","12":"product_tag-asados","13":"product_tag-barbacoa","14":"product_tag-barbecue","15":"product_tag-bbq","16":"product_tag-bracero","17":"product_tag-carbon","18":"product_tag-desing","19":"product_tag-diseno","20":"product_tag-diseno-exclusivo","21":"product_tag-diseno-unico","22":"product_tag-fogon","23":"product_tag-fuego","24":"product_tag-grill","25":"product_tag-hecho-a-mano","26":"product_tag-inox","27":"product_tag-inoxidable","28":"product_tag-lenera","29":"product_tag-metal","30":"product_tag-parrilla","31":"product_tag-parrilla-de-carbon","32":"product_tag-parrilla-fierro","33":"product_tag-parrilla-lena","34":"product_tag-parrilladas","35":"product_tag-parrillas","36":"product_tag-parrilleros","37":"product_tag-rustico","38":"product_tag-sello-unico","39":"product_tag-spiedo","41":"first","42":"instock","43":"purchasable","44":"product-type-simple"},"_links":{"self":[{"href":"https:\/\/sellounico.cl\/sitio\/wp-json\/wp\/v2\/product\/22160","targetHints":{"allow":["GET"]}}],"collection":[{"href":"https:\/\/sellounico.cl\/sitio\/wp-json\/wp\/v2\/product"}],"about":[{"href":"https:\/\/sellounico.cl\/sitio\/wp-json\/wp\/v2\/types\/product"}],"wp:featuredmedia":[{"embeddable":true,"href":"https:\/\/sellounico.cl\/sitio\/wp-json\/wp\/v2\/media\/22161"}],"wp:attachment":[{"href":"https:\/\/sellounico.cl\/sitio\/wp-json\/wp\/v2\/media?parent=22160"}],"wp:term":[{"taxonomy":"product_brand","embeddable":true,"href":"https:\/\/sellounico.cl\/sitio\/wp-json\/wp\/v2\/product_brand?post=22160"},{"taxonomy":"product_cat","embeddable":true,"href":"https:\/\/sellounico.cl\/sitio\/wp-json\/wp\/v2\/product_cat?post=22160"},{"taxonomy":"product_tag","embeddable":true,"href":"https:\/\/sellounico.cl\/sitio\/wp-json\/wp\/v2\/product_tag?post=22160"}],"curies":[{"name":"wp","href":"https:\/\/api.w.org\/{rel}","templated":true}]}}