{"id":22171,"date":"2024-07-18T16:49:05","date_gmt":"2024-07-18T19:49:05","guid":{"rendered":"https:\/\/sellounico.cl\/web\/producto\/cava-ladeada\/"},"modified":"2026-04-13T10:32:19","modified_gmt":"2026-04-13T13:32:19","slug":"cava-ladeada","status":"publish","type":"product","link":"https:\/\/sellounico.cl\/sitio\/producto\/cava-ladeada\/","title":{"rendered":"Cava Ladeada"},"content":{"rendered":"<h5>Una cava que rompe con lo convencional.<\/h5>\n<p><span style=\"font-weight: 400;\"> La <\/span><b>Cava Ladeada<\/b><span style=\"font-weight: 400;\"> est\u00e1 fabricada en fierro de alta resistencia y dise\u00f1ada para quienes buscan una pieza funcional, con car\u00e1cter y presencia. Su forma inclinada no solo le da un toque visual \u00fanico, tambi\u00e9n permite almacenar hasta 10 botellas de forma segura y estilizada.<\/span><\/p>\n<p><span style=\"font-weight: 400;\">Con un acabado negro mate aplicado mediante pintura electrost\u00e1tica, esta cava mural resiste rayones, uso diario y mantiene su est\u00e9tica impecable por m\u00e1s tiempo. Se instala f\u00e1cilmente en cualquier muro y se convierte en un punto focal de tu cocina, quincho o comedor.<\/span><\/p>\n<p><em><span style=\"font-weight: 400;\">&#8220;Inspirada en la inclinaci\u00f3n natural de las bodegas tradicionales, esta cava homenajea esa pausa entre la guarda y el descorche, donde el vino espera su mejor momento.&#8221;<\/span><\/em><\/p>\n<h5>\ud83c\udde8\ud83c\uddf1 Hecho en Chile, con Sello de Calidad<\/h5>\n<p>En\u00a0<b>Sello \u00danico<\/b>\u00a0dise\u00f1amos y fabricamos cada producto en Chile, cuidando cada detalle, utilizando materiales de alta calidad y con una mirada puesta en la funcionalidad y la est\u00e9tica. Nuestro objetivo es crear piezas duraderas, con car\u00e1cter, que representen lo mejor del dise\u00f1o nacional.<\/p>\n","protected":false},"excerpt":{"rendered":"<p><span style=\"font-weight: 400;\">Dise\u00f1o en \u00e1ngulo con estructura robusta en fierro negro. Una cava mural distinta, hecha en Chile para destacar tu vino con estilo propio.<\/span><\/p>\n","protected":false},"featured_media":26327,"template":"","meta":[],"product_brand":[],"product_cat":[173],"product_tag":[174,119,120,121,122,123,175,176,125,127,128,177,178,131,132,134,135,179,180,139,181,141,182,183,184,169,142,185,186,187],"class_list":{"0":"post-22171","1":"product","2":"type-product","3":"status-publish","4":"has-post-thumbnail","6":"product_cat-cavas","7":"product_tag-amantes-del-vino","8":"product_tag-art","9":"product_tag-arte","10":"product_tag-boho","11":"product_tag-bohochick","12":"product_tag-bohostyle","13":"product_tag-cava","14":"product_tag-cava-de-vinos","15":"product_tag-deco","16":"product_tag-decor","17":"product_tag-decoracion","18":"product_tag-decoracion-bar","19":"product_tag-decoracion-interior","20":"product_tag-desing","21":"product_tag-diseno","22":"product_tag-diseno-interior","23":"product_tag-diseno-unico","24":"product_tag-disenos-exclusivos","25":"product_tag-enologo","26":"product_tag-hecho-a-mano","27":"product_tag-homedecor","28":"product_tag-madera-nativa","29":"product_tag-natural","30":"product_tag-porta-copas","31":"product_tag-rack-de-copas","32":"product_tag-rustico","33":"product_tag-sello-unico","34":"product_tag-vinas","35":"product_tag-vino","36":"product_tag-vinos","38":"first","39":"instock","40":"purchasable","41":"product-type-simple"},"_links":{"self":[{"href":"https:\/\/sellounico.cl\/sitio\/wp-json\/wp\/v2\/product\/22171","targetHints":{"allow":["GET"]}}],"collection":[{"href":"https:\/\/sellounico.cl\/sitio\/wp-json\/wp\/v2\/product"}],"about":[{"href":"https:\/\/sellounico.cl\/sitio\/wp-json\/wp\/v2\/types\/product"}],"wp:featuredmedia":[{"embeddable":true,"href":"https:\/\/sellounico.cl\/sitio\/wp-json\/wp\/v2\/media\/26327"}],"wp:attachment":[{"href":"https:\/\/sellounico.cl\/sitio\/wp-json\/wp\/v2\/media?parent=22171"}],"wp:term":[{"taxonomy":"product_brand","embeddable":true,"href":"https:\/\/sellounico.cl\/sitio\/wp-json\/wp\/v2\/product_brand?post=22171"},{"taxonomy":"product_cat","embeddable":true,"href":"https:\/\/sellounico.cl\/sitio\/wp-json\/wp\/v2\/product_cat?post=22171"},{"taxonomy":"product_tag","embeddable":true,"href":"https:\/\/sellounico.cl\/sitio\/wp-json\/wp\/v2\/product_tag?post=22171"}],"curies":[{"name":"wp","href":"https:\/\/api.w.org\/{rel}","templated":true}]}}