{"id":22183,"date":"2024-07-18T16:49:33","date_gmt":"2024-07-18T19:49:33","guid":{"rendered":"https:\/\/sellounico.cl\/web\/producto\/macetero-puyehue-xl\/"},"modified":"2025-11-05T12:38:45","modified_gmt":"2025-11-05T15:38:45","slug":"macetero-puyehue-l","status":"publish","type":"product","link":"https:\/\/sellounico.cl\/sitio\/producto\/macetero-puyehue-l\/","title":{"rendered":"Macetero Puyehue L"},"content":{"rendered":"<h5>Una pieza de presencia imponente y dise\u00f1o sobrio<\/h5>\n<p><span style=\"font-weight: 400;\">El <\/span><b>Macetero Puyehue XL<\/b><span style=\"font-weight: 400;\"> est\u00e1 dise\u00f1ado para destacar en cualquier espacio gracias a sus dimensiones generosas y su materialidad noble. Fabricado en <\/span><b>fierro con terminaci\u00f3n \u00f3xido<\/b><span style=\"font-weight: 400;\"> y <\/span><b>sellado con barniz poliuretano<\/b><span style=\"font-weight: 400;\">, este macetero no solo ofrece una est\u00e9tica robusta y elegante, sino tambi\u00e9n resistencia al uso exterior.<\/span><\/p>\n<p><span style=\"font-weight: 400;\">Cuenta con <\/span><b>perforaciones en su base para filtraci\u00f3n<\/b><span style=\"font-weight: 400;\">, permitiendo plantar directamente en su interior sin comprometer la estructura. Tambi\u00e9n funciona perfectamente como <\/span><b>objeto decorativo independiente<\/b><span style=\"font-weight: 400;\">, sumando textura y car\u00e1cter a jardines, terrazas o entradas.<\/span><\/p>\n<h5>Medidas<\/h5>\n<p><span style=\"font-weight: 400;\">Ancho 50 \u00d7 50 cm \/ Alto 70 cm \/ Bordes de 5 cm<\/span><\/p>\n<p><em><span style=\"font-weight: 400;\">&#8220;Inspirado en la fuerza de la materia prima y el paisaje patag\u00f3nico, el Macetero Puyehue XL es una pieza que fusiona funcionalidad y dise\u00f1o para transformar cualquier rinc\u00f3n en un espacio con personalidad.&#8221;<\/span><\/em><\/p>\n<h5>\ud83c\udde8\ud83c\uddf1 Hecho en Chile, con Sello de Calidad<\/h5>\n<p>En\u00a0<b>Sello \u00danico<\/b>\u00a0dise\u00f1amos y fabricamos cada producto en Chile, cuidando cada detalle, utilizando materiales de alta calidad y con una mirada puesta en la funcionalidad y la est\u00e9tica. Nuestro objetivo es crear piezas duraderas, con car\u00e1cter, que representen lo mejor del dise\u00f1o nacional.<\/p>\n","protected":false},"excerpt":{"rendered":"<p><span style=\"font-weight: 400;\">Macetero de fierro con terminaci\u00f3n \u00f3xido y barniz poliuretano. Con perforaciones para filtrado. Ideal para decorar con o sin plantas. Hecho en Chile.<\/span><\/p>\n","protected":false},"featured_media":22184,"template":"","meta":[],"product_brand":[],"product_cat":[117,520],"product_tag":[119,120,121,122,123,125,209,126,150,127,128,151,129,130,131,132,133,134,135,136,137,138,139,140,164,210,211,212,213,214,141,215,216,217,218,142],"class_list":{"0":"post-22183","1":"product","2":"type-product","3":"status-publish","4":"has-post-thumbnail","6":"product_cat-decoracion","7":"product_cat-maceteros","8":"product_tag-art","9":"product_tag-arte","10":"product_tag-boho","11":"product_tag-bohochick","12":"product_tag-bohostyle","13":"product_tag-deco","14":"product_tag-deco-hogar","15":"product_tag-deco-ideas","16":"product_tag-deco-jardin","17":"product_tag-decor","18":"product_tag-decoracion","19":"product_tag-decoracion-exterior","20":"product_tag-decoracion-interiores","21":"product_tag-decoration","22":"product_tag-desing","23":"product_tag-diseno","24":"product_tag-diseno-excluisivo","25":"product_tag-diseno-interior","26":"product_tag-diseno-unico","27":"product_tag-escultura","28":"product_tag-esculturas","29":"product_tag-exterior-desing","30":"product_tag-hecho-a-mano","31":"product_tag-interior-desing","32":"product_tag-jardin","33":"product_tag-macetero","34":"product_tag-macetero-en-oxido","35":"product_tag-macetero-oxidado","36":"product_tag-maceteros","37":"product_tag-maceteros-oxidados","38":"product_tag-madera-nativa","39":"product_tag-oxidado","40":"product_tag-oxido","41":"product_tag-patio","42":"product_tag-plantas","43":"product_tag-sello-unico","45":"first","46":"instock","47":"purchasable","48":"product-type-simple"},"_links":{"self":[{"href":"https:\/\/sellounico.cl\/sitio\/wp-json\/wp\/v2\/product\/22183","targetHints":{"allow":["GET"]}}],"collection":[{"href":"https:\/\/sellounico.cl\/sitio\/wp-json\/wp\/v2\/product"}],"about":[{"href":"https:\/\/sellounico.cl\/sitio\/wp-json\/wp\/v2\/types\/product"}],"wp:featuredmedia":[{"embeddable":true,"href":"https:\/\/sellounico.cl\/sitio\/wp-json\/wp\/v2\/media\/22184"}],"wp:attachment":[{"href":"https:\/\/sellounico.cl\/sitio\/wp-json\/wp\/v2\/media?parent=22183"}],"wp:term":[{"taxonomy":"product_brand","embeddable":true,"href":"https:\/\/sellounico.cl\/sitio\/wp-json\/wp\/v2\/product_brand?post=22183"},{"taxonomy":"product_cat","embeddable":true,"href":"https:\/\/sellounico.cl\/sitio\/wp-json\/wp\/v2\/product_cat?post=22183"},{"taxonomy":"product_tag","embeddable":true,"href":"https:\/\/sellounico.cl\/sitio\/wp-json\/wp\/v2\/product_tag?post=22183"}],"curies":[{"name":"wp","href":"https:\/\/api.w.org\/{rel}","templated":true}]}}