{"id":22229,"date":"2024-07-18T16:49:33","date_gmt":"2024-07-18T19:49:33","guid":{"rendered":"https:\/\/sellounico.cl\/web\/producto\/funda-impermeable-neltume\/"},"modified":"2025-07-30T17:34:14","modified_gmt":"2025-07-30T20:34:14","slug":"funda-impermeable-neltume","status":"publish","type":"product","link":"https:\/\/sellounico.cl\/sitio\/producto\/funda-impermeable-neltume\/","title":{"rendered":"Funda Impermeable Neltume"},"content":{"rendered":"<h5><span style=\"font-weight: 400;\">Protecci\u00f3n total para extender la vida de tu fog\u00f3n.<\/span><\/h5>\n<p><span style=\"font-weight: 400;\">Nuestra funda impermeable est\u00e1 pensada para quienes quieren cuidar su fog\u00f3n como una pieza clave de su espacio exterior. Fabricada en lona de alta resistencia, protege contra la lluvia, el sol, el polvo y la humedad, ayudando a conservar su estructura y acabado original por m\u00e1s tiempo.<\/span><\/p>\n<p><span style=\"font-weight: 400;\">Su dise\u00f1o es flexible pero firme, con costuras reforzadas y un calce c\u00f3modo que permite cubrir y descubrir el fog\u00f3n con facilidad. Ideal para mantenerlo protegido durante todo el a\u00f1o, listo para el pr\u00f3ximo fuego.<\/span><\/p>\n<p><em><span style=\"font-weight: 400;\">\u201cInspirada en quienes cuidan sus espacios y entienden que cada detalle suma a la experiencia&#8221;.<\/span><\/em><\/p>\n<h5>\ud83c\udde8\ud83c\uddf1 Hecho en Chile, con Sello de Calidad<\/h5>\n<p>En\u00a0<b>Sello \u00danico<\/b>\u00a0dise\u00f1amos y fabricamos cada producto en Chile, cuidando cada detalle, utilizando materiales de alta calidad y con una mirada puesta en la funcionalidad y la est\u00e9tica. Nuestro objetivo es crear piezas duraderas, con car\u00e1cter, que representen lo mejor del dise\u00f1o nacional.<\/p>\n","protected":false},"excerpt":{"rendered":"<p>Funda impermeable color negro, hecha en lona resistente y flexible. Protege tu fog\u00f3n contra el clima, el polvo y la humedad. Dise\u00f1ada para durar.<\/p>\n","protected":false},"featured_media":22230,"template":"","meta":[],"product_brand":[],"product_cat":[208],"product_tag":[144,145,146,147,148,149,150,151,131,152,153,154,155,156,157,158,159,160,161,162,139,163,164,165,166,167,168,169,142,170,171,172],"class_list":{"0":"post-22229","1":"product","2":"type-product","3":"status-publish","4":"has-post-thumbnail","6":"product_cat-accesorios","7":"product_tag-asado","8":"product_tag-brasas","9":"product_tag-brasero","10":"product_tag-braseros","11":"product_tag-calefaccion","12":"product_tag-calor","13":"product_tag-deco-jardin","14":"product_tag-decoracion-exterior","15":"product_tag-desing","16":"product_tag-diseno-exclusivo","17":"product_tag-diseno-exterior","18":"product_tag-disenos-unicos","19":"product_tag-exterior","20":"product_tag-exterior-design","21":"product_tag-fierro","22":"product_tag-fogon","23":"product_tag-fogon-sin-humo","24":"product_tag-fogoneros","25":"product_tag-fogones","26":"product_tag-fuego","27":"product_tag-hecho-a-mano","28":"product_tag-inoxidable","29":"product_tag-jardin","30":"product_tag-lena","31":"product_tag-metal","32":"product_tag-parrilla","33":"product_tag-reduccion-de-humo","34":"product_tag-rustico","35":"product_tag-sello-unico","36":"product_tag-sin-humo","37":"product_tag-smokeless","38":"product_tag-terraza","40":"first","41":"instock","42":"purchasable","43":"product-type-simple"},"_links":{"self":[{"href":"https:\/\/sellounico.cl\/sitio\/wp-json\/wp\/v2\/product\/22229","targetHints":{"allow":["GET"]}}],"collection":[{"href":"https:\/\/sellounico.cl\/sitio\/wp-json\/wp\/v2\/product"}],"about":[{"href":"https:\/\/sellounico.cl\/sitio\/wp-json\/wp\/v2\/types\/product"}],"wp:featuredmedia":[{"embeddable":true,"href":"https:\/\/sellounico.cl\/sitio\/wp-json\/wp\/v2\/media\/22230"}],"wp:attachment":[{"href":"https:\/\/sellounico.cl\/sitio\/wp-json\/wp\/v2\/media?parent=22229"}],"wp:term":[{"taxonomy":"product_brand","embeddable":true,"href":"https:\/\/sellounico.cl\/sitio\/wp-json\/wp\/v2\/product_brand?post=22229"},{"taxonomy":"product_cat","embeddable":true,"href":"https:\/\/sellounico.cl\/sitio\/wp-json\/wp\/v2\/product_cat?post=22229"},{"taxonomy":"product_tag","embeddable":true,"href":"https:\/\/sellounico.cl\/sitio\/wp-json\/wp\/v2\/product_tag?post=22229"}],"curies":[{"name":"wp","href":"https:\/\/api.w.org\/{rel}","templated":true}]}}