{"id":22231,"date":"2024-07-18T16:49:33","date_gmt":"2024-07-18T19:49:33","guid":{"rendered":"https:\/\/sellounico.cl\/web\/producto\/parrilla-licancabur\/"},"modified":"2026-04-07T11:56:43","modified_gmt":"2026-04-07T14:56:43","slug":"parrilla-licancabur","status":"publish","type":"product","link":"https:\/\/sellounico.cl\/sitio\/producto\/parrilla-licancabur\/","title":{"rendered":"Parrilla Licancabur"},"content":{"rendered":"<h5>Una isla parrillera para dominar el fuego desde todos los \u00e1ngulos<\/h5>\n<p><span style=\"font-weight: 400;\">La <\/span><b>Parrilla Licancabur<\/b><span style=\"font-weight: 400;\"> es un mueble parrillero completo y funcional que destaca tanto por su presencia como por su practicidad. Dise\u00f1ada como una <\/span><b>parrilla tipo isla<\/b><span style=\"font-weight: 400;\">, permite trabajar desde sus cuatro lados, facilitando el manejo del fuego y de los ingredientes con total libertad.<\/span><\/p>\n<p><span style=\"font-weight: 400;\">Fabricada en acero laminado en caliente de <\/span><b>4 mm<\/b><span style=\"font-weight: 400;\">, su caj\u00f3n cuenta con bordes de 10 cm de altura y va protegido con pintura <\/span><b>anticorrosiva resistente a altas temperaturas<\/b><span style=\"font-weight: 400;\">, asegurando durabilidad y un rendimiento impecable frente al uso intensivo con le\u00f1a o carb\u00f3n.<\/span><\/p>\n<h5><span style=\"font-weight: 400;\">Incluye una pr\u00e1ctica <\/span><b>repisa de madera en forma de L<\/b><span style=\"font-weight: 400;\">, ideal para apoyar utensilios o ingredientes durante la preparaci\u00f3n. El conjunto se completa con una serie de accesorios esenciales que elevan la experiencia de asado.<\/span><\/h5>\n<h5>Incluye<\/h5>\n<ul>\n<li><span style=\"font-weight: 400;\"> Rejilla de acero inoxidable (70 \u00d7 50 cm)<\/span><span style=\"font-weight: 400;\"><br \/>\n<\/span><span style=\"font-weight: 400;\"> \u2022 Le\u00f1era estilo uruguayo<\/span><span style=\"font-weight: 400;\"><br \/>\n<\/span><span style=\"font-weight: 400;\"> \u2022 Tabla de apoyo<\/span><span style=\"font-weight: 400;\"><br \/>\n<\/span><span style=\"font-weight: 400;\"> \u2022 Atizador y pala<\/span><\/li>\n<\/ul>\n<h5>Medidas generales<\/h5>\n<p><span style=\"font-weight: 400;\">Ancho 80 \u00d7 80 cm \/ Alto 85 cm<\/span><\/p>\n<p><em><span style=\"font-weight: 400;\">&#8220;Inspirada en la idea de reunir, cocinar y compartir desde un solo punto central, la Parrilla Licancabur convierte cualquier espacio en el coraz\u00f3n del asado, con est\u00e9tica, robustez y libertad de movimiento.&#8221;<\/span><\/em><\/p>\n<h5>\ud83c\udde8\ud83c\uddf1 Hecho en Chile, con Sello de Calidad<\/h5>\n<p>En\u00a0<b>Sello \u00danico<\/b>\u00a0dise\u00f1amos y fabricamos cada producto en Chile, cuidando cada detalle, utilizando materiales de alta calidad y con una mirada puesta en la funcionalidad y la est\u00e9tica. Nuestro objetivo es crear piezas duraderas, con car\u00e1cter, que representen lo mejor del dise\u00f1o nacional.<\/p>\n","protected":false},"excerpt":{"rendered":"<p><span style=\"font-weight: 400;\">Parrilla tipo isla con le\u00f1era, repisa lateral en L y accesorios incluidos. Fabricada en acero de 4 mm con pintura anticorrosiva. Rejilla desmontable de acero inoxidable. Hecha en Chile con procesos y materiales e calidad.<\/span><\/p>\n","protected":false},"featured_media":22232,"template":"","meta":[],"product_brand":[],"product_cat":[188],"product_tag":[189,144,190,191,192,193,194,195,196,197,198,131,132,152,135,158,162,199,139,200,166,167,201,202,203,204,205,206,169,142],"class_list":{"0":"post-22231","1":"product","2":"type-product","3":"status-publish","4":"has-post-thumbnail","6":"product_cat-parrillas-y-asadores","7":"product_tag-asadero","8":"product_tag-asado","9":"product_tag-asado-a-la-uruguaya","10":"product_tag-asado-al-palo","11":"product_tag-asador","12":"product_tag-asados","13":"product_tag-barbacoa","14":"product_tag-barbecue","15":"product_tag-bbq","16":"product_tag-bracero","17":"product_tag-carbon","18":"product_tag-desing","19":"product_tag-diseno","20":"product_tag-diseno-exclusivo","21":"product_tag-diseno-unico","22":"product_tag-fogon","23":"product_tag-fuego","24":"product_tag-grill","25":"product_tag-hecho-a-mano","26":"product_tag-lenera","27":"product_tag-metal","28":"product_tag-parrilla","29":"product_tag-parrilla-de-carbon","30":"product_tag-parrilla-fierro","31":"product_tag-parrilla-lena","32":"product_tag-parrilladas","33":"product_tag-parrillas","34":"product_tag-parrilleros","35":"product_tag-rustico","36":"product_tag-sello-unico","38":"first","39":"instock","40":"purchasable","41":"product-type-simple"},"_links":{"self":[{"href":"https:\/\/sellounico.cl\/sitio\/wp-json\/wp\/v2\/product\/22231","targetHints":{"allow":["GET"]}}],"collection":[{"href":"https:\/\/sellounico.cl\/sitio\/wp-json\/wp\/v2\/product"}],"about":[{"href":"https:\/\/sellounico.cl\/sitio\/wp-json\/wp\/v2\/types\/product"}],"wp:featuredmedia":[{"embeddable":true,"href":"https:\/\/sellounico.cl\/sitio\/wp-json\/wp\/v2\/media\/22232"}],"wp:attachment":[{"href":"https:\/\/sellounico.cl\/sitio\/wp-json\/wp\/v2\/media?parent=22231"}],"wp:term":[{"taxonomy":"product_brand","embeddable":true,"href":"https:\/\/sellounico.cl\/sitio\/wp-json\/wp\/v2\/product_brand?post=22231"},{"taxonomy":"product_cat","embeddable":true,"href":"https:\/\/sellounico.cl\/sitio\/wp-json\/wp\/v2\/product_cat?post=22231"},{"taxonomy":"product_tag","embeddable":true,"href":"https:\/\/sellounico.cl\/sitio\/wp-json\/wp\/v2\/product_tag?post=22231"}],"curies":[{"name":"wp","href":"https:\/\/api.w.org\/{rel}","templated":true}]}}