{"id":22254,"date":"2024-07-18T16:49:33","date_gmt":"2024-07-18T19:49:33","guid":{"rendered":"https:\/\/sellounico.cl\/web\/producto\/fogon-smokeless-neltume\/"},"modified":"2026-04-28T14:01:47","modified_gmt":"2026-04-28T17:01:47","slug":"fogon-smokeless-neltume","status":"publish","type":"product","link":"https:\/\/sellounico.cl\/sitio\/producto\/fogon-smokeless-neltume\/","title":{"rendered":"Fog\u00f3n Smokeless Neltume"},"content":{"rendered":"<h5>Menos humo y dise\u00f1o pr\u00e1ctico para exteriores<\/h5>\n<p><span style=\"font-weight: 400;\">El <\/span><b>Fog\u00f3n Smokeless Neltume<\/b><span style=\"font-weight: 400;\"> incorpora el innovador sistema Smokeless que, gracias a una corriente interna de aire caliente, optimiza el tiraje del fuego. As\u00ed logra una llama m\u00e1s intensa y reduce significativamente la cantidad de humo, mejorando notablemente la experiencia de uso.<\/span><\/p>\n<p><span style=\"font-weight: 400;\">Construido \u00edntegramente en acero al carbono de 2 mm, este fog\u00f3n se caracteriza por su resistencia y durabilidad, ideal para soportar condiciones exteriores exigentes y uso frecuente. Su dise\u00f1o cuadrado proporciona estabilidad, robustez y un estilo moderno que se adapta f\u00e1cilmente a terrazas, jardines o quinchos.<\/span><\/p>\n<p><span style=\"font-weight: 400;\">Su terminaci\u00f3n en pintura electrost\u00e1tica negro mate u \u00f3xido asegura una alta protecci\u00f3n contra temperaturas extremas, rayones y desgaste ambiental, conservando su est\u00e9tica y funcionalidad durante a\u00f1os.<\/span><b><\/b><\/p>\n<p><em><span style=\"font-weight: 400;\">&#8220;Inspirado en la practicidad de un dise\u00f1o funcional, el Fog\u00f3n Smokeless Neltume combina la eficiencia t\u00e9cnica y la est\u00e9tica contempor\u00e1nea, creando momentos acogedores al aire libre con una experiencia de fuego m\u00e1s limpia.&#8221;<\/span><\/em><\/p>\n<h5>\ud83c\udde8\ud83c\uddf1 Hecho en Chile, con Sello de Calidad<\/h5>\n<p>En\u00a0<b>Sello \u00danico<\/b>\u00a0dise\u00f1amos y fabricamos cada producto en Chile, cuidando cada detalle, utilizando materiales de alta calidad y con una mirada puesta en la funcionalidad y la est\u00e9tica. Nuestro objetivo es crear piezas duraderas, con car\u00e1cter, que representen lo mejor del dise\u00f1o nacional.<\/p>\n","protected":false},"excerpt":{"rendered":"<p><span style=\"font-weight: 400;\">Fog\u00f3n cuadrado con sistema Smokeless para reducir el humo. Fabricado en acero al carbono de 2 mm, resistente y duradero, ideal para exteriores. Hecho en Chile con terminaci\u00f3n en pintura electrost\u00e1tica.<\/span><\/p>\n","protected":false},"featured_media":28291,"template":"","meta":[],"product_brand":[],"product_cat":[207,389],"product_tag":[144,145,146,147,148,149,150,151,131,152,153,154,155,156,157,158,159,160,161,162,139,163,164,165,166,167,168,169,142,170,171,172],"class_list":{"0":"post-22254","1":"product","2":"type-product","3":"status-publish","4":"has-post-thumbnail","6":"product_cat-fogonessmokeless","7":"product_cat-ofertas","8":"product_tag-asado","9":"product_tag-brasas","10":"product_tag-brasero","11":"product_tag-braseros","12":"product_tag-calefaccion","13":"product_tag-calor","14":"product_tag-deco-jardin","15":"product_tag-decoracion-exterior","16":"product_tag-desing","17":"product_tag-diseno-exclusivo","18":"product_tag-diseno-exterior","19":"product_tag-disenos-unicos","20":"product_tag-exterior","21":"product_tag-exterior-design","22":"product_tag-fierro","23":"product_tag-fogon","24":"product_tag-fogon-sin-humo","25":"product_tag-fogoneros","26":"product_tag-fogones","27":"product_tag-fuego","28":"product_tag-hecho-a-mano","29":"product_tag-inoxidable","30":"product_tag-jardin","31":"product_tag-lena","32":"product_tag-metal","33":"product_tag-parrilla","34":"product_tag-reduccion-de-humo","35":"product_tag-rustico","36":"product_tag-sello-unico","37":"product_tag-sin-humo","38":"product_tag-smokeless","39":"product_tag-terraza","41":"first","42":"instock","43":"sale","44":"purchasable","45":"product-type-variable"},"_links":{"self":[{"href":"https:\/\/sellounico.cl\/sitio\/wp-json\/wp\/v2\/product\/22254","targetHints":{"allow":["GET"]}}],"collection":[{"href":"https:\/\/sellounico.cl\/sitio\/wp-json\/wp\/v2\/product"}],"about":[{"href":"https:\/\/sellounico.cl\/sitio\/wp-json\/wp\/v2\/types\/product"}],"wp:featuredmedia":[{"embeddable":true,"href":"https:\/\/sellounico.cl\/sitio\/wp-json\/wp\/v2\/media\/28291"}],"wp:attachment":[{"href":"https:\/\/sellounico.cl\/sitio\/wp-json\/wp\/v2\/media?parent=22254"}],"wp:term":[{"taxonomy":"product_brand","embeddable":true,"href":"https:\/\/sellounico.cl\/sitio\/wp-json\/wp\/v2\/product_brand?post=22254"},{"taxonomy":"product_cat","embeddable":true,"href":"https:\/\/sellounico.cl\/sitio\/wp-json\/wp\/v2\/product_cat?post=22254"},{"taxonomy":"product_tag","embeddable":true,"href":"https:\/\/sellounico.cl\/sitio\/wp-json\/wp\/v2\/product_tag?post=22254"}],"curies":[{"name":"wp","href":"https:\/\/api.w.org\/{rel}","templated":true}]}}