{"id":22312,"date":"2024-07-18T16:50:00","date_gmt":"2024-07-18T19:50:00","guid":{"rendered":"https:\/\/sellounico.cl\/web\/producto\/parrilla-calbuco-2\/"},"modified":"2026-03-13T11:36:58","modified_gmt":"2026-03-13T14:36:58","slug":"parrilla-calbuco-2","status":"publish","type":"product","link":"https:\/\/sellounico.cl\/sitio\/producto\/parrilla-calbuco-2\/","title":{"rendered":"Parrilla Calbuco"},"content":{"rendered":"<h5>Una estaci\u00f3n completa de asado para quienes lo toman en serio<\/h5>\n<p><span style=\"font-weight: 400;\">La <\/span><b>Parrilla Calbuco<\/b><span style=\"font-weight: 400;\"> es mucho m\u00e1s que una parrilla: es una estaci\u00f3n de asado pensada para quienes buscan m\u00e1xima funcionalidad, durabilidad y una experiencia de fuego superior. Su dise\u00f1o modular permite adaptarla a tus preferencias con una amplia gama de accesorios incorporables, todo sobre una base firme y resistente al calor.<\/span><\/p>\n<p><span style=\"font-weight: 400;\">El caj\u00f3n de combusti\u00f3n est\u00e1 fabricado en <\/span><b>acero laminado en caliente de 4 mm<\/b><span style=\"font-weight: 400;\">, con bordes de 12 cm de altura, y protegido con <\/span><b>pintura anticorrosiva resistente a altas temperaturas<\/b><span style=\"font-weight: 400;\">, lo que garantiza estabilidad, durabilidad y rendimiento con el uso continuo a le\u00f1a.<\/span><\/p>\n<p><span style=\"font-weight: 400;\">Incluye una variedad de accesorios desmontables que te permiten configurar tu parrilla seg\u00fan tu estilo de cocci\u00f3n:<\/span><\/p>\n<h5>Incluye<\/h5>\n<p><span style=\"font-weight: 400;\">\u2022 Rejilla de parrilla de acero inoxidable (60 \u00d7 55 cm)<\/span><span style=\"font-weight: 400;\"><br \/>\n<\/span><span style=\"font-weight: 400;\"> \u2022 Le\u00f1era estilo uruguayo<\/span><span style=\"font-weight: 400;\"><br \/>\n<\/span><span style=\"font-weight: 400;\"> \u2022 Tabla de apoyo<\/span><span style=\"font-weight: 400;\"><br \/>\n<\/span><span style=\"font-weight: 400;\"> \u2022 Caj\u00f3n de apoyo<\/span><span style=\"font-weight: 400;\"><br \/>\n<\/span><span style=\"font-weight: 400;\"> \u2022 Atizador y pala<\/span><\/p>\n<h5>Medidas generales<\/h5>\n<p><span style=\"font-weight: 400;\">Largo 100 cm \/ Ancho 60 cm \/ Alto 95 cm<\/span><\/p>\n<p><em><span style=\"font-weight: 400;\">&#8220;Inspirada en la tradici\u00f3n del fuego lento y la t\u00e9cnica del asado uruguayo, la Parrilla Calbuco te entrega una plataforma completa para dominar el arte de cocinar con brasas, desde lo cl\u00e1sico hasta lo m\u00e1s personalizado.&#8221;<\/span><\/em><\/p>\n<h5>\ud83c\udde8\ud83c\uddf1 Hecho en Chile, con Sello de Calidad<\/h5>\n<p>En\u00a0<b>Sello \u00danico<\/b>\u00a0dise\u00f1amos y fabricamos cada producto en Chile, cuidando cada detalle, utilizando materiales de alta calidad y con una mirada puesta en la funcionalidad y la est\u00e9tica. Nuestro objetivo es crear piezas duraderas, con car\u00e1cter, que representen lo mejor del dise\u00f1o nacional.<\/p>\n","protected":false},"excerpt":{"rendered":"<p><span style=\"font-weight: 400;\">Parrilla robusta y modular con estructura de acero y m\u00faltiples accesorios desmontables. Ideal para asados estilo uruguayo a le\u00f1a. Hecha en Chile con procesos y materiales de calidad.<\/span><\/p>\n","protected":false},"featured_media":22313,"template":"","meta":[],"product_brand":[],"product_cat":[389,188],"product_tag":[189,144,190,191,192,193,194,195,196,197,198,131,132,152,135,158,162,199,139,200,166,167,201,202,203,204,205,206,169,142],"class_list":{"0":"post-22312","1":"product","2":"type-product","3":"status-publish","4":"has-post-thumbnail","6":"product_cat-ofertas","7":"product_cat-parrillas-y-asadores","8":"product_tag-asadero","9":"product_tag-asado","10":"product_tag-asado-a-la-uruguaya","11":"product_tag-asado-al-palo","12":"product_tag-asador","13":"product_tag-asados","14":"product_tag-barbacoa","15":"product_tag-barbecue","16":"product_tag-bbq","17":"product_tag-bracero","18":"product_tag-carbon","19":"product_tag-desing","20":"product_tag-diseno","21":"product_tag-diseno-exclusivo","22":"product_tag-diseno-unico","23":"product_tag-fogon","24":"product_tag-fuego","25":"product_tag-grill","26":"product_tag-hecho-a-mano","27":"product_tag-lenera","28":"product_tag-metal","29":"product_tag-parrilla","30":"product_tag-parrilla-de-carbon","31":"product_tag-parrilla-fierro","32":"product_tag-parrilla-lena","33":"product_tag-parrilladas","34":"product_tag-parrillas","35":"product_tag-parrilleros","36":"product_tag-rustico","37":"product_tag-sello-unico","39":"first","40":"instock","41":"sale","42":"purchasable","43":"product-type-simple"},"_links":{"self":[{"href":"https:\/\/sellounico.cl\/sitio\/wp-json\/wp\/v2\/product\/22312","targetHints":{"allow":["GET"]}}],"collection":[{"href":"https:\/\/sellounico.cl\/sitio\/wp-json\/wp\/v2\/product"}],"about":[{"href":"https:\/\/sellounico.cl\/sitio\/wp-json\/wp\/v2\/types\/product"}],"wp:featuredmedia":[{"embeddable":true,"href":"https:\/\/sellounico.cl\/sitio\/wp-json\/wp\/v2\/media\/22313"}],"wp:attachment":[{"href":"https:\/\/sellounico.cl\/sitio\/wp-json\/wp\/v2\/media?parent=22312"}],"wp:term":[{"taxonomy":"product_brand","embeddable":true,"href":"https:\/\/sellounico.cl\/sitio\/wp-json\/wp\/v2\/product_brand?post=22312"},{"taxonomy":"product_cat","embeddable":true,"href":"https:\/\/sellounico.cl\/sitio\/wp-json\/wp\/v2\/product_cat?post=22312"},{"taxonomy":"product_tag","embeddable":true,"href":"https:\/\/sellounico.cl\/sitio\/wp-json\/wp\/v2\/product_tag?post=22312"}],"curies":[{"name":"wp","href":"https:\/\/api.w.org\/{rel}","templated":true}]}}