{"id":22333,"date":"2024-07-18T16:50:00","date_gmt":"2024-07-18T19:50:00","guid":{"rendered":"https:\/\/sellounico.cl\/web\/producto\/fogon-rinihue-smokeless\/"},"modified":"2026-04-07T11:54:45","modified_gmt":"2026-04-07T14:54:45","slug":"fogon-rinihue-smokeless","status":"publish","type":"product","link":"https:\/\/sellounico.cl\/sitio\/producto\/fogon-rinihue-smokeless\/","title":{"rendered":"Fog\u00f3n Smokeless Ri\u00f1ihue"},"content":{"rendered":"<h5>Dise\u00f1o multifuncional y fuego sin interrupciones<\/h5>\n<p><span style=\"font-weight: 400;\">El <\/span><b>Fog\u00f3n Smokeless Ri\u00f1ihue<\/b><span style=\"font-weight: 400;\"> es una pieza vers\u00e1til y robusta que re\u00fane fuego, funcionalidad y dise\u00f1o en un solo producto. Funciona como fog\u00f3n, mesa de centro, le\u00f1era y elemento decorativo para tus espacios exteriores, combinando est\u00e9tica y utilidad.<\/span><\/p>\n<p><span style=\"font-weight: 400;\">Confeccionado en acero al carbono de 4 mm, destaca por su estructura s\u00f3lida y duradera, pensada para acompa\u00f1arte toda la vida. Su terminaci\u00f3n en pintura electrost\u00e1tica negro mate lo protege del desgaste temporal.<\/span><\/p>\n<p><span style=\"font-weight: 400;\">El sistema Smokeless que incorpora mejora el tiraje del fuego gracias a una corriente de aire caliente que circula en su interior, permitiendo una llama m\u00e1s intensa con una considerable reducci\u00f3n de humo.<\/span><\/p>\n<p><em><span style=\"font-weight: 400;\">&#8220;Inspirado en la elegancia de lo funcional, el Fog\u00f3n Smokeless Ri\u00f1ihue est\u00e1 hecho para ser protagonista: re\u00fane dise\u00f1o, durabilidad y una experiencia de fuego limpia que transforma cualquier espacio.&#8221;<\/span><\/em><\/p>\n<h5>\ud83c\udde8\ud83c\uddf1 Hecho en Chile, con Sello de Calidad<\/h5>\n<p>En\u00a0<b>Sello \u00danico<\/b>\u00a0dise\u00f1amos y fabricamos cada producto en Chile, cuidando cada detalle, utilizando materiales de alta calidad y con una mirada puesta en la funcionalidad y la est\u00e9tica. Nuestro objetivo es crear piezas duraderas, con car\u00e1cter, que representen lo mejor del dise\u00f1o nacional.<\/p>\n","protected":false},"excerpt":{"rendered":"<p><span style=\"font-weight: 400;\">Fog\u00f3n multifuncional con sistema Smokeless. Tambi\u00e9n funciona como mesa de centro, le\u00f1era y elemento decorativo. Fabricado en acero al carbono de 4 mm, con terminaci\u00f3n en pintura electrost\u00e1tica. Hecho en Chile.<\/span><\/p>\n","protected":false},"featured_media":22334,"template":"","meta":[],"product_brand":[],"product_cat":[143,207,389],"product_tag":[144,145,146,147,148,149,150,151,131,152,153,154,155,156,157,158,159,160,161,162,139,163,164,165,166,167,168,169,142,170,171,172],"class_list":{"0":"post-22333","1":"product","2":"type-product","3":"status-publish","4":"has-post-thumbnail","6":"product_cat-fogones","7":"product_cat-fogonessmokeless","8":"product_cat-ofertas","9":"product_tag-asado","10":"product_tag-brasas","11":"product_tag-brasero","12":"product_tag-braseros","13":"product_tag-calefaccion","14":"product_tag-calor","15":"product_tag-deco-jardin","16":"product_tag-decoracion-exterior","17":"product_tag-desing","18":"product_tag-diseno-exclusivo","19":"product_tag-diseno-exterior","20":"product_tag-disenos-unicos","21":"product_tag-exterior","22":"product_tag-exterior-design","23":"product_tag-fierro","24":"product_tag-fogon","25":"product_tag-fogon-sin-humo","26":"product_tag-fogoneros","27":"product_tag-fogones","28":"product_tag-fuego","29":"product_tag-hecho-a-mano","30":"product_tag-inoxidable","31":"product_tag-jardin","32":"product_tag-lena","33":"product_tag-metal","34":"product_tag-parrilla","35":"product_tag-reduccion-de-humo","36":"product_tag-rustico","37":"product_tag-sello-unico","38":"product_tag-sin-humo","39":"product_tag-smokeless","40":"product_tag-terraza","42":"first","43":"instock","44":"sale","45":"purchasable","46":"product-type-variable"},"_links":{"self":[{"href":"https:\/\/sellounico.cl\/sitio\/wp-json\/wp\/v2\/product\/22333","targetHints":{"allow":["GET"]}}],"collection":[{"href":"https:\/\/sellounico.cl\/sitio\/wp-json\/wp\/v2\/product"}],"about":[{"href":"https:\/\/sellounico.cl\/sitio\/wp-json\/wp\/v2\/types\/product"}],"wp:featuredmedia":[{"embeddable":true,"href":"https:\/\/sellounico.cl\/sitio\/wp-json\/wp\/v2\/media\/22334"}],"wp:attachment":[{"href":"https:\/\/sellounico.cl\/sitio\/wp-json\/wp\/v2\/media?parent=22333"}],"wp:term":[{"taxonomy":"product_brand","embeddable":true,"href":"https:\/\/sellounico.cl\/sitio\/wp-json\/wp\/v2\/product_brand?post=22333"},{"taxonomy":"product_cat","embeddable":true,"href":"https:\/\/sellounico.cl\/sitio\/wp-json\/wp\/v2\/product_cat?post=22333"},{"taxonomy":"product_tag","embeddable":true,"href":"https:\/\/sellounico.cl\/sitio\/wp-json\/wp\/v2\/product_tag?post=22333"}],"curies":[{"name":"wp","href":"https:\/\/api.w.org\/{rel}","templated":true}]}}