{"id":22353,"date":"2024-07-18T16:50:00","date_gmt":"2024-07-18T19:50:00","guid":{"rendered":"https:\/\/sellounico.cl\/web\/producto\/sistema-de-elevacion\/"},"modified":"2026-02-24T17:30:05","modified_gmt":"2026-02-24T20:30:05","slug":"sistema-de-elevacion","status":"publish","type":"product","link":"https:\/\/sellounico.cl\/sitio\/producto\/sistema-de-elevacion\/","title":{"rendered":"Parrilla con Elevaci\u00f3n"},"content":{"rendered":"<h5>Control total del fuego con fluidez y precisi\u00f3n<\/h5>\n<p><span style=\"font-weight: 400;\">La <\/span><b>Parrilla con Elevaci\u00f3n<\/b><span style=\"font-weight: 400;\"> es la elecci\u00f3n perfecta para quinchos empotrados que buscan funcionalidad, durabilidad y comodidad. Fabricada con materiales de alta calidad, esta parrilla fija se adapta al espacio disponible y permite controlar la cocci\u00f3n con m\u00e1xima precisi\u00f3n.<\/span><\/p>\n<p><span style=\"font-weight: 400;\">Su <\/span><b>sistema de elevaci\u00f3n por cable de acero<\/b><span style=\"font-weight: 400;\"> permite ajustar la altura de la rejilla con fluidez, sin trabas ni peso adicional. Es f\u00e1cil de subir y bajar, ideal para quienes buscan un uso c\u00f3modo, continuo y sin esfuerzo.<\/span><\/p>\n<p><span style=\"font-weight: 400;\">La <\/span><b>rejilla es de acero inoxidable y desmontable<\/b><span style=\"font-weight: 400;\">, lo que facilita el lavado y manipulaci\u00f3n. Todo el conjunto est\u00e1 construido con est\u00e1ndares de resistencia que aseguran una larga vida \u00fatil incluso con uso frecuente e intensivo.<\/span><\/p>\n<p><span style=\"font-weight: 400;\">\u00bfTienes un quincho con otras dimensiones? Tambi\u00e9n la fabricamos 100% a medida. Escr\u00edbenos y la adaptamos a tu espacio.<\/span><\/p>\n<p><em><span style=\"font-weight: 400;\">&#8220;Inspirada en la tradici\u00f3n parrillera y en la necesidad de control absoluto del fuego, esta parrilla ofrece una experiencia completa, fluida y funcional, pensada para durar y destacar.&#8221;<\/span><\/em><\/p>\n<h5>\ud83c\udde8\ud83c\uddf1 Hecho en Chile, con Sello de Calidad<\/h5>\n<p>En\u00a0<b>Sello \u00danico<\/b>\u00a0dise\u00f1amos y fabricamos cada producto en Chile, cuidando cada detalle, utilizando materiales de alta calidad y con una mirada puesta en la funcionalidad y la est\u00e9tica. Nuestro objetivo es crear piezas duraderas, con car\u00e1cter, que representen lo mejor del dise\u00f1o nacional.<\/p>\n","protected":false},"excerpt":{"rendered":"<p><span style=\"font-weight: 400;\">Parrilla con sistema de elevaci\u00f3n por cable de acero, ideal para empotrar en quinchos. Rejilla desmontable de acero inoxidable. Disponible en varios tama\u00f1os o a medida. Hecha en Chile con procesos y materiales de calidad.<\/span><\/p>\n","protected":false},"featured_media":26375,"template":"","meta":[],"product_brand":[],"product_cat":[188],"product_tag":[189,144,190,191,192,193,194,195,196,197,198,131,132,152,135,158,162,199,139,200,166,167,201,202,203,204,205,206,169,142],"class_list":{"0":"post-22353","1":"product","2":"type-product","3":"status-publish","4":"has-post-thumbnail","6":"product_cat-parrillas-y-asadores","7":"product_tag-asadero","8":"product_tag-asado","9":"product_tag-asado-a-la-uruguaya","10":"product_tag-asado-al-palo","11":"product_tag-asador","12":"product_tag-asados","13":"product_tag-barbacoa","14":"product_tag-barbecue","15":"product_tag-bbq","16":"product_tag-bracero","17":"product_tag-carbon","18":"product_tag-desing","19":"product_tag-diseno","20":"product_tag-diseno-exclusivo","21":"product_tag-diseno-unico","22":"product_tag-fogon","23":"product_tag-fuego","24":"product_tag-grill","25":"product_tag-hecho-a-mano","26":"product_tag-lenera","27":"product_tag-metal","28":"product_tag-parrilla","29":"product_tag-parrilla-de-carbon","30":"product_tag-parrilla-fierro","31":"product_tag-parrilla-lena","32":"product_tag-parrilladas","33":"product_tag-parrillas","34":"product_tag-parrilleros","35":"product_tag-rustico","36":"product_tag-sello-unico","38":"first","39":"instock","40":"purchasable","41":"product-type-variable"},"_links":{"self":[{"href":"https:\/\/sellounico.cl\/sitio\/wp-json\/wp\/v2\/product\/22353","targetHints":{"allow":["GET"]}}],"collection":[{"href":"https:\/\/sellounico.cl\/sitio\/wp-json\/wp\/v2\/product"}],"about":[{"href":"https:\/\/sellounico.cl\/sitio\/wp-json\/wp\/v2\/types\/product"}],"wp:featuredmedia":[{"embeddable":true,"href":"https:\/\/sellounico.cl\/sitio\/wp-json\/wp\/v2\/media\/26375"}],"wp:attachment":[{"href":"https:\/\/sellounico.cl\/sitio\/wp-json\/wp\/v2\/media?parent=22353"}],"wp:term":[{"taxonomy":"product_brand","embeddable":true,"href":"https:\/\/sellounico.cl\/sitio\/wp-json\/wp\/v2\/product_brand?post=22353"},{"taxonomy":"product_cat","embeddable":true,"href":"https:\/\/sellounico.cl\/sitio\/wp-json\/wp\/v2\/product_cat?post=22353"},{"taxonomy":"product_tag","embeddable":true,"href":"https:\/\/sellounico.cl\/sitio\/wp-json\/wp\/v2\/product_tag?post=22353"}],"curies":[{"name":"wp","href":"https:\/\/api.w.org\/{rel}","templated":true}]}}