{"id":22354,"date":"2024-07-18T16:50:00","date_gmt":"2024-07-18T19:50:00","guid":{"rendered":"https:\/\/sellounico.cl\/web\/producto\/fogon-calafquen-lenera\/"},"modified":"2026-04-07T11:54:10","modified_gmt":"2026-04-07T14:54:10","slug":"fogon-calafquen-lenera","status":"publish","type":"product","link":"https:\/\/sellounico.cl\/sitio\/producto\/fogon-calafquen-lenera\/","title":{"rendered":"Fog\u00f3n Le\u00f1era Calafqu\u00e9n"},"content":{"rendered":"<h5>Fuego, orden y estilo en tu espacio exterior<\/h5>\n<p><span style=\"font-weight: 400;\">El <\/span><b>Fog\u00f3n Le\u00f1era Calafqu\u00e9n<\/b><span style=\"font-weight: 400;\"> est\u00e1 construido en acero al carbono de 2 mm y dise\u00f1ado especialmente para quienes disfrutan la comodidad y el orden al momento de encender un fuego. Su base integrada tipo le\u00f1era permite almacenar la madera justo debajo, optimizando el espacio y facilitando su uso en todo momento.<\/span><\/p>\n<p><span style=\"font-weight: 400;\">Su estructura circular ofrece una excelente distribuci\u00f3n del calor, generando un ambiente c\u00e1lido y acogedor, ideal para reuniones familiares o encuentros con amigos en terrazas, jardines y quinchos amplios.<\/span><\/p>\n<p><span style=\"font-weight: 400;\">Cuenta con terminaci\u00f3n en pintura electrost\u00e1tica negro mate, que resiste altas temperaturas, condiciones clim\u00e1ticas exigentes y el uso intensivo, manteniendo su est\u00e9tica impecable durante largo tiempo.<\/span><\/p>\n<p><em><span style=\"font-weight: 400;\">&#8220;Inspirado en los encuentros espont\u00e1neos en torno al fuego, donde todo fluye mejor con la comodidad de tener a mano todo lo necesario para disfrutar de buenos momentos.&#8221;<\/span><\/em><\/p>\n<h5>\ud83c\udde8\ud83c\uddf1 Hecho en Chile, con Sello de Calidad<\/h5>\n<p>En\u00a0<b>Sello \u00danico<\/b>\u00a0dise\u00f1amos y fabricamos cada producto en Chile, cuidando cada detalle, utilizando materiales de alta calidad y con una mirada puesta en la funcionalidad y la est\u00e9tica. Nuestro objetivo es crear piezas duraderas, con car\u00e1cter, que representen lo mejor del dise\u00f1o nacional.<\/p>\n","protected":false},"excerpt":{"rendered":"<p><span style=\"font-weight: 400;\">Fog\u00f3n circular con le\u00f1era integrada, fabricado en acero al carbono. Una soluci\u00f3n pr\u00e1ctica para mantener la madera ordenada y el fuego siempre a mano. Dise\u00f1o resistente y funcional, hecho en Chile.<\/span><\/p>\n","protected":false},"featured_media":22355,"template":"","meta":[],"product_brand":[],"product_cat":[143,389],"product_tag":[144,145,146,147,148,149,150,151,131,152,153,154,155,156,157,158,159,160,161,162,139,163,164,165,166,167,168,169,142,170,171,172],"class_list":{"0":"post-22354","1":"product","2":"type-product","3":"status-publish","4":"has-post-thumbnail","6":"product_cat-fogones","7":"product_cat-ofertas","8":"product_tag-asado","9":"product_tag-brasas","10":"product_tag-brasero","11":"product_tag-braseros","12":"product_tag-calefaccion","13":"product_tag-calor","14":"product_tag-deco-jardin","15":"product_tag-decoracion-exterior","16":"product_tag-desing","17":"product_tag-diseno-exclusivo","18":"product_tag-diseno-exterior","19":"product_tag-disenos-unicos","20":"product_tag-exterior","21":"product_tag-exterior-design","22":"product_tag-fierro","23":"product_tag-fogon","24":"product_tag-fogon-sin-humo","25":"product_tag-fogoneros","26":"product_tag-fogones","27":"product_tag-fuego","28":"product_tag-hecho-a-mano","29":"product_tag-inoxidable","30":"product_tag-jardin","31":"product_tag-lena","32":"product_tag-metal","33":"product_tag-parrilla","34":"product_tag-reduccion-de-humo","35":"product_tag-rustico","36":"product_tag-sello-unico","37":"product_tag-sin-humo","38":"product_tag-smokeless","39":"product_tag-terraza","41":"first","42":"instock","43":"sale","44":"purchasable","45":"product-type-simple"},"_links":{"self":[{"href":"https:\/\/sellounico.cl\/sitio\/wp-json\/wp\/v2\/product\/22354","targetHints":{"allow":["GET"]}}],"collection":[{"href":"https:\/\/sellounico.cl\/sitio\/wp-json\/wp\/v2\/product"}],"about":[{"href":"https:\/\/sellounico.cl\/sitio\/wp-json\/wp\/v2\/types\/product"}],"wp:featuredmedia":[{"embeddable":true,"href":"https:\/\/sellounico.cl\/sitio\/wp-json\/wp\/v2\/media\/22355"}],"wp:attachment":[{"href":"https:\/\/sellounico.cl\/sitio\/wp-json\/wp\/v2\/media?parent=22354"}],"wp:term":[{"taxonomy":"product_brand","embeddable":true,"href":"https:\/\/sellounico.cl\/sitio\/wp-json\/wp\/v2\/product_brand?post=22354"},{"taxonomy":"product_cat","embeddable":true,"href":"https:\/\/sellounico.cl\/sitio\/wp-json\/wp\/v2\/product_cat?post=22354"},{"taxonomy":"product_tag","embeddable":true,"href":"https:\/\/sellounico.cl\/sitio\/wp-json\/wp\/v2\/product_tag?post=22354"}],"curies":[{"name":"wp","href":"https:\/\/api.w.org\/{rel}","templated":true}]}}