{"id":22380,"date":"2024-07-18T16:50:00","date_gmt":"2024-07-18T19:50:00","guid":{"rendered":"https:\/\/sellounico.cl\/web\/producto\/mesa-de-comedor-ruddiger\/"},"modified":"2026-04-08T13:12:31","modified_gmt":"2026-04-08T16:12:31","slug":"mesa-de-comedor-ruddiger","status":"publish","type":"product","link":"https:\/\/sellounico.cl\/sitio\/producto\/mesa-de-comedor-ruddiger\/","title":{"rendered":"Mesa Ruddiger"},"content":{"rendered":"<h5>Luz, firmeza y dise\u00f1o para espacios contempor\u00e1neos<\/h5>\n<p><span style=\"font-weight: 400;\">La <\/span><b>Mesa Ruddiger<\/b><span style=\"font-weight: 400;\"> es una propuesta moderna y funcional que destaca por su cubierta de vidrio. Esta transparencia genera una sensaci\u00f3n de amplitud, permitiendo que el espacio fluya y la luz se proyecte de forma natural.<\/span><\/p>\n<p><span style=\"font-weight: 400;\">El espesor de 12 mm es ideal para formatos de hasta 10 personas, mientras que la opci\u00f3n de 15 mm entrega una presencia m\u00e1s s\u00f3lida para quienes buscan un vidrio m\u00e1s grueso o mesas de mayor tama\u00f1o.<\/span><\/p>\n<p><span style=\"font-weight: 400;\">Su estructura met\u00e1lica entrega estabilidad y una est\u00e9tica sobria, mientras que el dise\u00f1o de sus patas aporta un toque distintivo y actual, elevando su valor decorativo sin perder funcionalidad.<\/span><\/p>\n<p><span style=\"font-weight: 400;\">Es ideal para quienes buscan una mesa liviana a la vista pero firme en su construcci\u00f3n.<\/span><\/p>\n<p><em><span style=\"font-weight: 400;\">&#8220;Inspirada en la arquitectura contempor\u00e1nea y los espacios abiertos, la Mesa Ruddiger combina transparencia y estructura para aportar ligereza y presencia en equilibrio perfecto.&#8221;<\/span><\/em><\/p>\n<h5>\ud83c\udde8\ud83c\uddf1 Hecho en Chile, con Sello de Calidad<\/h5>\n<p>En\u00a0<b>Sello \u00danico<\/b>\u00a0dise\u00f1amos y fabricamos cada producto en Chile, cuidando cada detalle, utilizando materiales de alta calidad y con una mirada puesta en la funcionalidad y la est\u00e9tica. Nuestro objetivo es crear piezas duraderas, con car\u00e1cter, que representen lo mejor del dise\u00f1o nacional.<\/p>\n","protected":false},"excerpt":{"rendered":"<p><span style=\"font-weight: 400;\">Mesa de comedor con cubierta de vidrio de 12 o 15 mm y base met\u00e1lica. Dise\u00f1o moderno, resistente y liviano visualmente. Hecha en Chile.<\/span><\/p>\n","protected":false},"featured_media":26957,"template":"","meta":[],"product_brand":[],"product_cat":[225],"product_tag":[226,227,228,229,125,209,230,127,128,129,132,231,232,233,154,139,234,141,235,236,237,238,239,240,241,142],"class_list":{"0":"post-22380","1":"product","2":"type-product","3":"status-publish","4":"has-post-thumbnail","6":"product_cat-mesas-de-comedor","7":"product_tag-carpinteria","8":"product_tag-comedor","9":"product_tag-comedores","10":"product_tag-confeccion-nacional","11":"product_tag-deco","12":"product_tag-deco-hogar","13":"product_tag-deco-home","14":"product_tag-decor","15":"product_tag-decoracion","16":"product_tag-decoracion-interiores","17":"product_tag-diseno","18":"product_tag-diseno-industiral","19":"product_tag-diseno-interiores","20":"product_tag-diseno-moderno","21":"product_tag-disenos-unicos","22":"product_tag-hecho-a-mano","23":"product_tag-industrial-design","24":"product_tag-madera-nativa","25":"product_tag-mesa","26":"product_tag-mesa-comedor","27":"product_tag-mesa-para-quinchos","28":"product_tag-mesas-madera-nativa","29":"product_tag-muebles","30":"product_tag-muebles-a-medida","31":"product_tag-quincho","32":"product_tag-sello-unico","34":"first","35":"instock","36":"featured","37":"purchasable","38":"product-type-variable"},"_links":{"self":[{"href":"https:\/\/sellounico.cl\/sitio\/wp-json\/wp\/v2\/product\/22380","targetHints":{"allow":["GET"]}}],"collection":[{"href":"https:\/\/sellounico.cl\/sitio\/wp-json\/wp\/v2\/product"}],"about":[{"href":"https:\/\/sellounico.cl\/sitio\/wp-json\/wp\/v2\/types\/product"}],"wp:featuredmedia":[{"embeddable":true,"href":"https:\/\/sellounico.cl\/sitio\/wp-json\/wp\/v2\/media\/26957"}],"wp:attachment":[{"href":"https:\/\/sellounico.cl\/sitio\/wp-json\/wp\/v2\/media?parent=22380"}],"wp:term":[{"taxonomy":"product_brand","embeddable":true,"href":"https:\/\/sellounico.cl\/sitio\/wp-json\/wp\/v2\/product_brand?post=22380"},{"taxonomy":"product_cat","embeddable":true,"href":"https:\/\/sellounico.cl\/sitio\/wp-json\/wp\/v2\/product_cat?post=22380"},{"taxonomy":"product_tag","embeddable":true,"href":"https:\/\/sellounico.cl\/sitio\/wp-json\/wp\/v2\/product_tag?post=22380"}],"curies":[{"name":"wp","href":"https:\/\/api.w.org\/{rel}","templated":true}]}}