{"id":22390,"date":"2024-07-18T16:50:29","date_gmt":"2024-07-18T19:50:29","guid":{"rendered":"https:\/\/sellounico.cl\/web\/producto\/fogon-smokeless-calafquen-mini\/"},"modified":"2026-04-08T13:05:42","modified_gmt":"2026-04-08T16:05:42","slug":"fogon-smokeless-calafquen-mini","status":"publish","type":"product","link":"https:\/\/sellounico.cl\/sitio\/producto\/fogon-smokeless-calafquen-mini\/","title":{"rendered":"Fog\u00f3n Smokeless Calafqu\u00e9n Mini"},"content":{"rendered":"<h5>Compacto y eficiente, menos humo en cualquier espacio<\/h5>\n<p><span style=\"font-weight: 400;\">El <\/span><b>Fog\u00f3n Smokeless Calafqu\u00e9n Mini<\/b><span style=\"font-weight: 400;\"> mantiene el sistema Smokeless original, generando una corriente interna de aire caliente que incrementa el tiraje del fuego. De esta manera, logra una llama intensa con una considerable reducci\u00f3n de humo, ahora en un formato compacto, perfecto para terrazas, balcones o peque\u00f1os espacios al aire libre.<\/span><\/p>\n<p><span style=\"font-weight: 400;\">Est\u00e1 construido \u00edntegramente en acero al carbono de 2 mm, ofreciendo una resistencia destacable y alta durabilidad. Su terminaci\u00f3n en pintura electrost\u00e1tica negro mate u \u00f3xido asegura protecci\u00f3n frente a condiciones clim\u00e1ticas exigentes y altas temperaturas, manteniendo intacta su est\u00e9tica funcional.<\/span><\/p>\n<p><span style=\"font-weight: 400;\">Su tama\u00f1o reducido facilita su traslado y ubicaci\u00f3n, permiti\u00e9ndote disfrutar c\u00f3modamente del fuego limpio y acogedor en cualquier lugar.<\/span><\/p>\n<p><em><span style=\"font-weight: 400;\">&#8220;Inspirado en la versatilidad de los espacios peque\u00f1os, este fog\u00f3n ofrece la posibilidad de disfrutar un fuego limpio y potente sin importar el tama\u00f1o de tu entorno, haciendo cada encuentro especial y confortable.&#8221;<\/span><\/em><\/p>\n<h5>\ud83c\udde8\ud83c\uddf1 Hecho en Chile, con Sello de Calidad<\/h5>\n<p>En\u00a0<b>Sello \u00danico<\/b> dise\u00f1amos y fabricamos cada producto en Chile, cuidando cada detalle, utilizando materiales de alta calidad y con una mirada puesta en la funcionalidad y la est\u00e9tica. Nuestro objetivo es crear piezas duraderas, con car\u00e1cter, que representen lo mejor del dise\u00f1o nacional.<\/p>\n","protected":false},"excerpt":{"rendered":"<p><span style=\"font-weight: 400;\">Versi\u00f3n compacta del fog\u00f3n Calafqu\u00e9n con sistema Smokeless, fabricado en acero al carbono de 2 mm. Ideal para espacios reducidos, resistente y con terminaci\u00f3n en pintura electrost\u00e1tica. Hecho en Chile.<\/span><\/p>\n<p>&nbsp;<\/p>\n","protected":false},"featured_media":22391,"template":"","meta":[],"product_brand":[],"product_cat":[207,389],"product_tag":[144,145,146,147,148,149,150,151,131,152,153,154,155,156,157,158,159,160,161,162,139,163,164,165,166,167,168,169,142,170,171,172],"class_list":{"0":"post-22390","1":"product","2":"type-product","3":"status-publish","4":"has-post-thumbnail","6":"product_cat-fogonessmokeless","7":"product_cat-ofertas","8":"product_tag-asado","9":"product_tag-brasas","10":"product_tag-brasero","11":"product_tag-braseros","12":"product_tag-calefaccion","13":"product_tag-calor","14":"product_tag-deco-jardin","15":"product_tag-decoracion-exterior","16":"product_tag-desing","17":"product_tag-diseno-exclusivo","18":"product_tag-diseno-exterior","19":"product_tag-disenos-unicos","20":"product_tag-exterior","21":"product_tag-exterior-design","22":"product_tag-fierro","23":"product_tag-fogon","24":"product_tag-fogon-sin-humo","25":"product_tag-fogoneros","26":"product_tag-fogones","27":"product_tag-fuego","28":"product_tag-hecho-a-mano","29":"product_tag-inoxidable","30":"product_tag-jardin","31":"product_tag-lena","32":"product_tag-metal","33":"product_tag-parrilla","34":"product_tag-reduccion-de-humo","35":"product_tag-rustico","36":"product_tag-sello-unico","37":"product_tag-sin-humo","38":"product_tag-smokeless","39":"product_tag-terraza","41":"first","42":"instock","43":"sale","44":"purchasable","45":"product-type-variable"},"_links":{"self":[{"href":"https:\/\/sellounico.cl\/sitio\/wp-json\/wp\/v2\/product\/22390","targetHints":{"allow":["GET"]}}],"collection":[{"href":"https:\/\/sellounico.cl\/sitio\/wp-json\/wp\/v2\/product"}],"about":[{"href":"https:\/\/sellounico.cl\/sitio\/wp-json\/wp\/v2\/types\/product"}],"wp:featuredmedia":[{"embeddable":true,"href":"https:\/\/sellounico.cl\/sitio\/wp-json\/wp\/v2\/media\/22391"}],"wp:attachment":[{"href":"https:\/\/sellounico.cl\/sitio\/wp-json\/wp\/v2\/media?parent=22390"}],"wp:term":[{"taxonomy":"product_brand","embeddable":true,"href":"https:\/\/sellounico.cl\/sitio\/wp-json\/wp\/v2\/product_brand?post=22390"},{"taxonomy":"product_cat","embeddable":true,"href":"https:\/\/sellounico.cl\/sitio\/wp-json\/wp\/v2\/product_cat?post=22390"},{"taxonomy":"product_tag","embeddable":true,"href":"https:\/\/sellounico.cl\/sitio\/wp-json\/wp\/v2\/product_tag?post=22390"}],"curies":[{"name":"wp","href":"https:\/\/api.w.org\/{rel}","templated":true}]}}