{"id":22401,"date":"2024-07-18T16:50:29","date_gmt":"2024-07-18T19:50:29","guid":{"rendered":"https:\/\/sellounico.cl\/web\/producto\/mesa-hoobler\/"},"modified":"2026-03-31T10:18:21","modified_gmt":"2026-03-31T13:18:21","slug":"mesa-hoobler","status":"publish","type":"product","link":"https:\/\/sellounico.cl\/sitio\/producto\/mesa-hoobler\/","title":{"rendered":"Mesa Hoobler"},"content":{"rendered":"<h5>Transparencia, firmeza y dise\u00f1o para espacios modernos<\/h5>\n<p><span style=\"font-weight: 400;\">La <\/span><b>Mesa Hoobler<\/b><span style=\"font-weight: 400;\"> es una pieza que destaca por su presencia limpia y moderna. Su cubierta de vidrio est\u00e1 disponible en dos espesores: 12 mm o 15 mm, permitiendo adaptar el dise\u00f1o a tus necesidades sin perder solidez ni estilo. La base completa de la mesa est\u00e1 fabricada en madera de Pino Radiata, aportando calidez y robustez a la estructura.<\/span><\/p>\n<p><span style=\"font-weight: 400;\">El espesor de 12 mm es suficiente para mesas de hasta 10 personas, mientras que la opci\u00f3n de 15 mm entrega mayor solidez visual y estructural para quienes buscan un formato m\u00e1s robusto o una mesa de mayor tama\u00f1o.<\/span><\/p>\n<p><span style=\"font-weight: 400;\">Gracias al uso del vidrio, esta mesa genera una sensaci\u00f3n de amplitud visual, ideal para espacios que buscan integrar luz, dise\u00f1o y funcionalidad. El contraste entre la transparencia del vidrio y la firmeza de la madera convierte esta pieza en un elemento decorativo de alto impacto.<\/span><\/p>\n<p><em><span style=\"font-weight: 400;\">&#8220;Inspirada en la elegancia del vidrio y la nobleza de la madera, la Mesa Hoobler fue dise\u00f1ada para crear espacios livianos, modernos y con car\u00e1cter.&#8221;<\/span><\/em><\/p>\n<h5>\ud83c\udde8\ud83c\uddf1 Hecho en Chile, con Sello de Calidad<\/h5>\n<p>En\u00a0<b>Sello \u00danico<\/b>\u00a0dise\u00f1amos y fabricamos cada producto en Chile, cuidando cada detalle, utilizando materiales de alta calidad y con una mirada puesta en la funcionalidad y la est\u00e9tica. Nuestro objetivo es crear piezas duraderas, con car\u00e1cter, que representen lo mejor del dise\u00f1o nacional.<\/p>\n","protected":false},"excerpt":{"rendered":"<p><span style=\"font-weight: 400;\">Mesa de comedor con cubierta de vidrio de 12 o 15 mm y base de madera de Pino Radiata. Dise\u00f1o moderno que aporta amplitud visual y presencia. Hecha en Chile.<\/span><\/p>\n","protected":false},"featured_media":22402,"template":"","meta":[],"product_brand":[],"product_cat":[225,389],"product_tag":[226,227,228,229,125,209,230,127,128,129,132,231,232,233,154,139,234,141,235,236,237,238,239,240,241,142],"class_list":{"0":"post-22401","1":"product","2":"type-product","3":"status-publish","4":"has-post-thumbnail","6":"product_cat-mesas-de-comedor","7":"product_cat-ofertas","8":"product_tag-carpinteria","9":"product_tag-comedor","10":"product_tag-comedores","11":"product_tag-confeccion-nacional","12":"product_tag-deco","13":"product_tag-deco-hogar","14":"product_tag-deco-home","15":"product_tag-decor","16":"product_tag-decoracion","17":"product_tag-decoracion-interiores","18":"product_tag-diseno","19":"product_tag-diseno-industiral","20":"product_tag-diseno-interiores","21":"product_tag-diseno-moderno","22":"product_tag-disenos-unicos","23":"product_tag-hecho-a-mano","24":"product_tag-industrial-design","25":"product_tag-madera-nativa","26":"product_tag-mesa","27":"product_tag-mesa-comedor","28":"product_tag-mesa-para-quinchos","29":"product_tag-mesas-madera-nativa","30":"product_tag-muebles","31":"product_tag-muebles-a-medida","32":"product_tag-quincho","33":"product_tag-sello-unico","35":"first","36":"instock","37":"sale","38":"purchasable","39":"product-type-variable"},"_links":{"self":[{"href":"https:\/\/sellounico.cl\/sitio\/wp-json\/wp\/v2\/product\/22401","targetHints":{"allow":["GET"]}}],"collection":[{"href":"https:\/\/sellounico.cl\/sitio\/wp-json\/wp\/v2\/product"}],"about":[{"href":"https:\/\/sellounico.cl\/sitio\/wp-json\/wp\/v2\/types\/product"}],"wp:featuredmedia":[{"embeddable":true,"href":"https:\/\/sellounico.cl\/sitio\/wp-json\/wp\/v2\/media\/22402"}],"wp:attachment":[{"href":"https:\/\/sellounico.cl\/sitio\/wp-json\/wp\/v2\/media?parent=22401"}],"wp:term":[{"taxonomy":"product_brand","embeddable":true,"href":"https:\/\/sellounico.cl\/sitio\/wp-json\/wp\/v2\/product_brand?post=22401"},{"taxonomy":"product_cat","embeddable":true,"href":"https:\/\/sellounico.cl\/sitio\/wp-json\/wp\/v2\/product_cat?post=22401"},{"taxonomy":"product_tag","embeddable":true,"href":"https:\/\/sellounico.cl\/sitio\/wp-json\/wp\/v2\/product_tag?post=22401"}],"curies":[{"name":"wp","href":"https:\/\/api.w.org\/{rel}","templated":true}]}}