{"id":22523,"date":"2024-07-18T16:50:00","date_gmt":"2024-07-18T19:50:00","guid":{"rendered":"https:\/\/sellounico.cl\/web\/producto\/tablas-l\/"},"modified":"2026-03-12T15:36:54","modified_gmt":"2026-03-12T18:36:54","slug":"tablas-l","status":"publish","type":"product","link":"https:\/\/sellounico.cl\/sitio\/producto\/tablas-l\/","title":{"rendered":"Tablas Gigantes para Asados"},"content":{"rendered":"<h5><span style=\"font-weight: 400;\">Hechas a medida para compartir en grande.<\/span><\/h5>\n<p><span style=\"font-weight: 400;\"> Las Tablas Gigantes para Asados est\u00e1n pensadas para quienes disfrutan de la cocina en grupo, los picoteos generosos y los cortes abundantes. Fabricadas en madera nativa seleccionada, cada tabla se trabaja artesanalmente para lograr una pieza funcional, resistente y con personalidad propia.<\/span><\/p>\n<p><span style=\"font-weight: 400;\">Su tama\u00f1o imponente y su acabado natural las convierte en protagonistas de cualquier reuni\u00f3n, aportando calidez y estilo a la presentaci\u00f3n de tus preparaciones.<\/span><\/p>\n<p><span style=\"font-weight: 400;\">Pide la tuya seg\u00fan tus necesidades: el valor es referencial y se cotiza de acuerdo a tama\u00f1o, dise\u00f1o y tipo de madera. Nuestras medidas est\u00e1ndar son de 70\u00d740 cm. <\/span><em><span style=\"font-weight: 400;\">\u201cDise\u00f1adas para quienes entienden que un buen asado tambi\u00e9n se sirve con estilo.\u201d<\/span><\/em><\/p>\n<h5>\ud83c\udde8\ud83c\uddf1 Hecho en Chile, con Sello de Calidad<\/h5>\n<p>En\u00a0<b>Sello \u00danico<\/b> dise\u00f1amos y fabricamos cada producto en Chile, cuidando cada detalle, utilizando materiales de alta calidad y con una mirada puesta en la funcionalidad y la est\u00e9tica. Nuestro objetivo es crear piezas duraderas, con car\u00e1cter, que representen lo mejor del dise\u00f1o nacional.<\/p>\n","protected":false},"excerpt":{"rendered":"<p>Tablas de madera nativa hechas a medida para asados y picoteos en Roble o Laurel. Cada pieza es \u00fanica y se cotiza seg\u00fan el dise\u00f1o y medidas requeridas. Hechas en Chile con materiales nobles.<\/p>\n","protected":false},"featured_media":22385,"template":"","meta":[],"product_brand":[],"product_cat":[208],"product_tag":[189,144,190,191,192,193,194,195,196,197,198,131,132,152,135,158,162,199,139,200,141,166,167,201,202,203,204,205,206,169,142,243,244,245,246,247,248],"class_list":{"0":"post-22523","1":"product","2":"type-product","3":"status-publish","4":"has-post-thumbnail","6":"product_cat-accesorios","7":"product_tag-asadero","8":"product_tag-asado","9":"product_tag-asado-a-la-uruguaya","10":"product_tag-asado-al-palo","11":"product_tag-asador","12":"product_tag-asados","13":"product_tag-barbacoa","14":"product_tag-barbecue","15":"product_tag-bbq","16":"product_tag-bracero","17":"product_tag-carbon","18":"product_tag-desing","19":"product_tag-diseno","20":"product_tag-diseno-exclusivo","21":"product_tag-diseno-unico","22":"product_tag-fogon","23":"product_tag-fuego","24":"product_tag-grill","25":"product_tag-hecho-a-mano","26":"product_tag-lenera","27":"product_tag-madera-nativa","28":"product_tag-metal","29":"product_tag-parrilla","30":"product_tag-parrilla-de-carbon","31":"product_tag-parrilla-fierro","32":"product_tag-parrilla-lena","33":"product_tag-parrilladas","34":"product_tag-parrillas","35":"product_tag-parrilleros","36":"product_tag-rustico","37":"product_tag-sello-unico","38":"product_tag-tablas-cocina","39":"product_tag-tablas-de-asado","40":"product_tag-tablas-de-picoteo","41":"product_tag-tablas-madera","42":"product_tag-tablas-picoteo","43":"product_tag-tablasde-cocina","45":"first","46":"instock","47":"purchasable","48":"product-type-variable"},"_links":{"self":[{"href":"https:\/\/sellounico.cl\/sitio\/wp-json\/wp\/v2\/product\/22523","targetHints":{"allow":["GET"]}}],"collection":[{"href":"https:\/\/sellounico.cl\/sitio\/wp-json\/wp\/v2\/product"}],"about":[{"href":"https:\/\/sellounico.cl\/sitio\/wp-json\/wp\/v2\/types\/product"}],"wp:featuredmedia":[{"embeddable":true,"href":"https:\/\/sellounico.cl\/sitio\/wp-json\/wp\/v2\/media\/22385"}],"wp:attachment":[{"href":"https:\/\/sellounico.cl\/sitio\/wp-json\/wp\/v2\/media?parent=22523"}],"wp:term":[{"taxonomy":"product_brand","embeddable":true,"href":"https:\/\/sellounico.cl\/sitio\/wp-json\/wp\/v2\/product_brand?post=22523"},{"taxonomy":"product_cat","embeddable":true,"href":"https:\/\/sellounico.cl\/sitio\/wp-json\/wp\/v2\/product_cat?post=22523"},{"taxonomy":"product_tag","embeddable":true,"href":"https:\/\/sellounico.cl\/sitio\/wp-json\/wp\/v2\/product_tag?post=22523"}],"curies":[{"name":"wp","href":"https:\/\/api.w.org\/{rel}","templated":true}]}}