{"id":22524,"date":"2024-07-18T16:50:29","date_gmt":"2024-07-18T19:50:29","guid":{"rendered":"https:\/\/sellounico.cl\/web\/producto\/parrilla-camping\/"},"modified":"2026-02-24T17:11:28","modified_gmt":"2026-02-24T20:11:28","slug":"parrilla-camping","status":"publish","type":"product","link":"https:\/\/sellounico.cl\/sitio\/producto\/parrilla-camping\/","title":{"rendered":"Parrilla Camping"},"content":{"rendered":"<h5>Ll\u00e9vala donde quieras y enciende el fuego en dos pasos<\/h5>\n<p><span style=\"font-weight: 400;\">La <\/span><b>Parrilla Camping<\/b><span style=\"font-weight: 400;\"> est\u00e1 pensada para que puedas disfrutar de un buen asado donde sea que vayas. Su dise\u00f1o port\u00e1til y resistente permite transportarla con facilidad y montarla en minutos: solo necesitas enterrar las estacas en el suelo, fijar la parrilla \u00a1y listo! Ya puedes comenzar a cocinar al aire libre.<\/span><\/p>\n<p><span style=\"font-weight: 400;\">Est\u00e1 fabricada en <\/span><b>acero al carbono de 4 mm<\/b><span style=\"font-weight: 400;\">, un material firme y duradero, ideal para uso r\u00fastico. Se recomienda mantenerla aceitada para prolongar su vida \u00fatil y protegerla de la corrosi\u00f3n. Si prefieres una opci\u00f3n libre de mantenimiento, puedes solicitarla en <\/span><b>acero inoxidable<\/b><span style=\"font-weight: 400;\">, seleccionando la casilla correspondiente al momento de la compra.<\/span><\/p>\n<p><span style=\"font-weight: 400;\">Incluye <\/span><b>funda impermeable<\/b><span style=\"font-weight: 400;\"> para transporte seguro en cualquier clima.<\/span><\/p>\n<p><em><span style=\"font-weight: 400;\">&#8220;Inspirada en la libertad de cocinar al aire libre, la Parrilla Camping fue dise\u00f1ada para acompa\u00f1arte en cada escapada, con la solidez de lo simple y la practicidad de lo bien hecho.&#8221;<\/span><\/em><\/p>\n<h5>\ud83c\udde8\ud83c\uddf1 Hecho en Chile, con Sello de Calidad<\/h5>\n<p>En\u00a0<b>Sello \u00danico<\/b>\u00a0dise\u00f1amos y fabricamos cada producto en Chile, cuidando cada detalle, utilizando materiales de alta calidad y con una mirada puesta en la funcionalidad y la est\u00e9tica. Nuestro objetivo es crear piezas duraderas, con car\u00e1cter, que representen lo mejor del dise\u00f1o nacional.<\/p>\n","protected":false},"excerpt":{"rendered":"<p><span style=\"font-weight: 400;\">Parrilla port\u00e1til de acero al carbono o acero inoxidable, ideal para camping. Liviana, resistente y f\u00e1cil de montar. Incluye funda impermeable. Hecha en Chile con procesos y materiales de calidad.<\/span><\/p>\n","protected":false},"featured_media":22408,"template":"","meta":[],"product_brand":[],"product_cat":[188],"product_tag":[189,144,190,191,249,192,193,194,195,196,197,198,131,132,152,135,158,162,199,139,250,163,200,166,167,251,252,201,253,202,203,254,204,205,206,169,142],"class_list":{"0":"post-22524","1":"product","2":"type-product","3":"status-publish","4":"has-post-thumbnail","6":"product_cat-parrillas-y-asadores","7":"product_tag-asadero","8":"product_tag-asado","9":"product_tag-asado-a-la-uruguaya","10":"product_tag-asado-al-palo","11":"product_tag-asado-camping","12":"product_tag-asador","13":"product_tag-asados","14":"product_tag-barbacoa","15":"product_tag-barbecue","16":"product_tag-bbq","17":"product_tag-bracero","18":"product_tag-carbon","19":"product_tag-desing","20":"product_tag-diseno","21":"product_tag-diseno-exclusivo","22":"product_tag-diseno-unico","23":"product_tag-fogon","24":"product_tag-fuego","25":"product_tag-grill","26":"product_tag-hecho-a-mano","27":"product_tag-inox","28":"product_tag-inoxidable","29":"product_tag-lenera","30":"product_tag-metal","31":"product_tag-parrilla","32":"product_tag-parrilla-acampada","33":"product_tag-parrilla-camping","34":"product_tag-parrilla-de-carbon","35":"product_tag-parrilla-desmontable","36":"product_tag-parrilla-fierro","37":"product_tag-parrilla-lena","38":"product_tag-parrilla-transportable","39":"product_tag-parrilladas","40":"product_tag-parrillas","41":"product_tag-parrilleros","42":"product_tag-rustico","43":"product_tag-sello-unico","45":"first","46":"instock","47":"purchasable","48":"product-type-variable"},"_links":{"self":[{"href":"https:\/\/sellounico.cl\/sitio\/wp-json\/wp\/v2\/product\/22524","targetHints":{"allow":["GET"]}}],"collection":[{"href":"https:\/\/sellounico.cl\/sitio\/wp-json\/wp\/v2\/product"}],"about":[{"href":"https:\/\/sellounico.cl\/sitio\/wp-json\/wp\/v2\/types\/product"}],"wp:featuredmedia":[{"embeddable":true,"href":"https:\/\/sellounico.cl\/sitio\/wp-json\/wp\/v2\/media\/22408"}],"wp:attachment":[{"href":"https:\/\/sellounico.cl\/sitio\/wp-json\/wp\/v2\/media?parent=22524"}],"wp:term":[{"taxonomy":"product_brand","embeddable":true,"href":"https:\/\/sellounico.cl\/sitio\/wp-json\/wp\/v2\/product_brand?post=22524"},{"taxonomy":"product_cat","embeddable":true,"href":"https:\/\/sellounico.cl\/sitio\/wp-json\/wp\/v2\/product_cat?post=22524"},{"taxonomy":"product_tag","embeddable":true,"href":"https:\/\/sellounico.cl\/sitio\/wp-json\/wp\/v2\/product_tag?post=22524"}],"curies":[{"name":"wp","href":"https:\/\/api.w.org\/{rel}","templated":true}]}}