{"id":22527,"date":"2024-07-18T16:50:29","date_gmt":"2024-07-18T19:50:29","guid":{"rendered":"https:\/\/sellounico.cl\/web\/producto\/fogon-camping-2\/"},"modified":"2025-10-15T08:28:59","modified_gmt":"2025-10-15T11:28:59","slug":"fogon-camping-2","status":"publish","type":"product","link":"https:\/\/sellounico.cl\/sitio\/producto\/fogon-camping-2\/","title":{"rendered":"Fog\u00f3n Camping"},"content":{"rendered":"<h5>Lleva el fuego contigo, donde sea que vayas<\/h5>\n<p><span style=\"font-weight: 400;\">El <\/span><b>Fog\u00f3n Camping<\/b><span style=\"font-weight: 400;\"> est\u00e1 fabricado \u00edntegramente en acero al carbono de 2 mm, pensado especialmente para acompa\u00f1arte en tus aventuras al aire libre. Su dise\u00f1o compacto y liviano permite transportarlo c\u00f3modamente, siendo perfecto para terrazas peque\u00f1as, escapadas a la playa o campings.<\/span><\/p>\n<p><span style=\"font-weight: 400;\">Cuenta con una base desmontable que facilita tanto su traslado como almacenamiento, adem\u00e1s de garantizar una excelente estabilidad sobre diversas superficies. Su forma circular asegura una distribuci\u00f3n pareja del calor, ofreci\u00e9ndote un fuego eficiente, pr\u00e1ctico y seguro en cualquier lugar.<\/span><\/p>\n<p><span style=\"font-weight: 400;\">El acabado en pintura electrost\u00e1tica negro mate, altamente resistente al calor y al uso intensivo en exteriores, protege al fog\u00f3n del desgaste y los rayones, prolongando su vida \u00fatil y manteniendo intacta su apariencia moderna.<\/span><\/p>\n<h5>Dimensiones<\/h5>\n<p>Ancho 42 x 42 cm | Alto 25 cm | Profundidad 22 cm<\/p>\n<p><em><span style=\"font-weight: 400;\">&#8220;Inspirado en el esp\u00edritu aventurero de quienes disfrutan viajar ligeros, este fog\u00f3n representa la libertad de encender un fuego acogedor all\u00e1 donde decidas hacer una pausa en tu camino.&#8221;<\/span><\/em><\/p>\n<h5>\ud83c\udde8\ud83c\uddf1 Hecho en Chile, con Sello de Calidad<\/h5>\n<p>En\u00a0<b>Sello \u00danico<\/b>\u00a0dise\u00f1amos y fabricamos cada producto en Chile, cuidando cada detalle, utilizando materiales de alta calidad y con una mirada puesta en la funcionalidad y la est\u00e9tica. Nuestro objetivo es crear piezas duraderas, con car\u00e1cter, que representen lo mejor del dise\u00f1o nacional.<\/p>\n","protected":false},"excerpt":{"rendered":"<p><span style=\"font-weight: 400;\">Fog\u00f3n port\u00e1til de acero al carbono con base desmontable. Ideal para disfrutar de una experiencia pr\u00e1ctica y segura en campings, terrazas o viajes. Fabricado en Chile con materiales resistentes y dise\u00f1o funcional.<\/span><\/p>\n<p>Ancho 42 x 42 cm<\/p>\n<p>Alto 25 cm<\/p>\n<p>Profundidad 22 cm<\/p>\n","protected":false},"featured_media":22419,"template":"","meta":[],"product_brand":[],"product_cat":[143],"product_tag":[255,144,145,146,256,147,148,149,257,150,151,131,152,153,154,155,156,157,158,258,159,160,161,162,139,163,164,165,166,167,252,168,169,142,170,171,172],"class_list":{"0":"post-22527","1":"product","2":"type-product","3":"status-publish","4":"has-post-thumbnail","6":"product_cat-fogones","7":"product_tag-acesorios-camping","8":"product_tag-asado","9":"product_tag-brasas","10":"product_tag-brasero","11":"product_tag-brasero-camping","12":"product_tag-braseros","13":"product_tag-calefaccion","14":"product_tag-calor","15":"product_tag-camping","16":"product_tag-deco-jardin","17":"product_tag-decoracion-exterior","18":"product_tag-desing","19":"product_tag-diseno-exclusivo","20":"product_tag-diseno-exterior","21":"product_tag-disenos-unicos","22":"product_tag-exterior","23":"product_tag-exterior-design","24":"product_tag-fierro","25":"product_tag-fogon","26":"product_tag-fogon-camping","27":"product_tag-fogon-sin-humo","28":"product_tag-fogoneros","29":"product_tag-fogones","30":"product_tag-fuego","31":"product_tag-hecho-a-mano","32":"product_tag-inoxidable","33":"product_tag-jardin","34":"product_tag-lena","35":"product_tag-metal","36":"product_tag-parrilla","37":"product_tag-parrilla-camping","38":"product_tag-reduccion-de-humo","39":"product_tag-rustico","40":"product_tag-sello-unico","41":"product_tag-sin-humo","42":"product_tag-smokeless","43":"product_tag-terraza","45":"first","46":"instock","47":"featured","48":"purchasable","49":"product-type-simple"},"_links":{"self":[{"href":"https:\/\/sellounico.cl\/sitio\/wp-json\/wp\/v2\/product\/22527","targetHints":{"allow":["GET"]}}],"collection":[{"href":"https:\/\/sellounico.cl\/sitio\/wp-json\/wp\/v2\/product"}],"about":[{"href":"https:\/\/sellounico.cl\/sitio\/wp-json\/wp\/v2\/types\/product"}],"wp:featuredmedia":[{"embeddable":true,"href":"https:\/\/sellounico.cl\/sitio\/wp-json\/wp\/v2\/media\/22419"}],"wp:attachment":[{"href":"https:\/\/sellounico.cl\/sitio\/wp-json\/wp\/v2\/media?parent=22527"}],"wp:term":[{"taxonomy":"product_brand","embeddable":true,"href":"https:\/\/sellounico.cl\/sitio\/wp-json\/wp\/v2\/product_brand?post=22527"},{"taxonomy":"product_cat","embeddable":true,"href":"https:\/\/sellounico.cl\/sitio\/wp-json\/wp\/v2\/product_cat?post=22527"},{"taxonomy":"product_tag","embeddable":true,"href":"https:\/\/sellounico.cl\/sitio\/wp-json\/wp\/v2\/product_tag?post=22527"}],"curies":[{"name":"wp","href":"https:\/\/api.w.org\/{rel}","templated":true}]}}