{"id":22531,"date":"2024-07-18T16:50:29","date_gmt":"2024-07-18T19:50:29","guid":{"rendered":"https:\/\/sellounico.cl\/web\/producto\/sillon-de-terraza-4c\/"},"modified":"2026-04-08T13:09:43","modified_gmt":"2026-04-08T16:09:43","slug":"sillon-de-terraza-4c","status":"publish","type":"product","link":"https:\/\/sellounico.cl\/sitio\/producto\/sillon-de-terraza-4c\/","title":{"rendered":"Sill\u00f3n Albany 4C"},"content":{"rendered":"<h5>Espacio amplio, dise\u00f1o s\u00f3lido y m\u00e1xima comodidad<\/h5>\n<p><span style=\"font-weight: 400;\">El <\/span><b>Sill\u00f3n de Terraza 4C<\/b><span style=\"font-weight: 400;\"> est\u00e1 dise\u00f1ado para ofrecer una experiencia c\u00f3moda y duradera en exteriores. Fabricado en acero al carbono y recubierto con pintura en polvo electrost\u00e1tica color grafito, resiste el uso intensivo, la humedad y la exposici\u00f3n solar sin perder su apariencia ni firmeza.<\/span><\/p>\n<p><span style=\"font-weight: 400;\">Con espacio para cuatro personas, es ideal para terrazas, patios o quinchos donde el dise\u00f1o y la funcionalidad se unen para invitar al relajo. Sus cojines de espuma de alta densidad aseguran confort, y sus fundas de tela impermeable con filtro UV permiten mantenerlos siempre limpios, secos y protegidos.<\/span><\/p>\n<p><span style=\"font-weight: 400;\">Una pieza de presencia generosa, ideal para compartir buenos momentos en ambientes bien pensados.<\/span><\/p>\n<h6>Medidas<\/h6>\n<p><span style=\"font-weight: 400;\">Ancho 210 cm \/ Profundidad 68 cm \/ Alto 72 cm<\/span><\/p>\n<p><em><span style=\"font-weight: 400;\">&#8220;Inspirado en la amplitud de las reuniones al aire libre, este sill\u00f3n entrega firmeza, confort y dise\u00f1o para disfrutar en compa\u00f1\u00eda, todos los d\u00edas del a\u00f1o.&#8221;<\/span><\/em><\/p>\n<h5>\ud83c\udde8\ud83c\uddf1 Hecho en Chile, con Sello de Calidad<\/h5>\n<p>En\u00a0<b>Sello \u00danico<\/b>\u00a0dise\u00f1amos y fabricamos cada producto en Chile, cuidando cada detalle, utilizando materiales de alta calidad y con una mirada puesta en la funcionalidad y la est\u00e9tica. Nuestro objetivo es crear piezas duraderas, con car\u00e1cter, que representen lo mejor del dise\u00f1o nacional.<\/p>\n","protected":false},"excerpt":{"rendered":"<p><span style=\"font-weight: 400;\">Sill\u00f3n de cuatro cuerpos fabricado en acero con pintura electrost\u00e1tica color grafito. Incluye cojines impermeables, lavables y con protecci\u00f3n UV. Ideal para exteriores. Hecho en Chile.<\/span><\/p>\n","protected":false},"featured_media":22455,"template":"","meta":[],"product_brand":[],"product_cat":[259,389],"product_tag":[151,260,261,153,262,263,264,239,265,266,267,142,268,269,270,271,272,273,274,275,172],"class_list":{"0":"post-22531","1":"product","2":"type-product","3":"status-publish","4":"has-post-thumbnail","6":"product_cat-muebles-de-terraza","7":"product_cat-ofertas","8":"product_tag-decoracion-exterior","9":"product_tag-decoracion-terraza","10":"product_tag-design","11":"product_tag-diseno-exterior","12":"product_tag-living-exterior","13":"product_tag-living-terraza","14":"product_tag-mesa-exterior","15":"product_tag-muebles","16":"product_tag-muebles-exterior","17":"product_tag-muebles-fierro","18":"product_tag-muebles-terraza","19":"product_tag-sello-unico","20":"product_tag-set-terraza","21":"product_tag-sillon-fierro","22":"product_tag-sillones-fierro","23":"product_tag-sillones-metal","24":"product_tag-sillones-terraza","25":"product_tag-sofa-exterior","26":"product_tag-sofa-terraza","27":"product_tag-sosa-fierro","28":"product_tag-terraza","30":"first","31":"instock","32":"sale","33":"purchasable","34":"product-type-simple"},"_links":{"self":[{"href":"https:\/\/sellounico.cl\/sitio\/wp-json\/wp\/v2\/product\/22531","targetHints":{"allow":["GET"]}}],"collection":[{"href":"https:\/\/sellounico.cl\/sitio\/wp-json\/wp\/v2\/product"}],"about":[{"href":"https:\/\/sellounico.cl\/sitio\/wp-json\/wp\/v2\/types\/product"}],"wp:featuredmedia":[{"embeddable":true,"href":"https:\/\/sellounico.cl\/sitio\/wp-json\/wp\/v2\/media\/22455"}],"wp:attachment":[{"href":"https:\/\/sellounico.cl\/sitio\/wp-json\/wp\/v2\/media?parent=22531"}],"wp:term":[{"taxonomy":"product_brand","embeddable":true,"href":"https:\/\/sellounico.cl\/sitio\/wp-json\/wp\/v2\/product_brand?post=22531"},{"taxonomy":"product_cat","embeddable":true,"href":"https:\/\/sellounico.cl\/sitio\/wp-json\/wp\/v2\/product_cat?post=22531"},{"taxonomy":"product_tag","embeddable":true,"href":"https:\/\/sellounico.cl\/sitio\/wp-json\/wp\/v2\/product_tag?post=22531"}],"curies":[{"name":"wp","href":"https:\/\/api.w.org\/{rel}","templated":true}]}}