{"id":22538,"date":"2024-07-18T16:50:49","date_gmt":"2024-07-18T19:50:49","guid":{"rendered":"https:\/\/sellounico.cl\/web\/producto\/base-smokeless\/"},"modified":"2025-07-30T09:45:24","modified_gmt":"2025-07-30T12:45:24","slug":"base-smokeless","status":"publish","type":"product","link":"https:\/\/sellounico.cl\/sitio\/producto\/base-smokeless\/","title":{"rendered":"Base Smokeless"},"content":{"rendered":"<h5><span style=\"font-weight: 400;\">Menos humo, m\u00e1s eficiencia y protecci\u00f3n<\/span><\/h5>\n<p><span style=\"font-weight: 400;\"> Esta base est\u00e1 dise\u00f1ada para complementar distintos modelos de fogones Smokeless de Sello \u00danico, mejorando el flujo de aire y potenciando el efecto de combusti\u00f3n limpia que reduce significativamente el humo durante el uso.<\/span><\/p>\n<p><span style=\"font-weight: 400;\">Adem\u00e1s de optimizar el rendimiento del fuego, esta base act\u00faa como barrera t\u00e9rmica entre el fog\u00f3n y el suelo, ayudando a proteger superficies delicadas o evitar marcas por calor en terrazas, patios o pisos exteriores.<\/span><\/p>\n<p><span style=\"font-weight: 400;\">Fabricada en acero de alta resistencia, su estructura firme y duradera permite un uso prolongado incluso en condiciones exigentes. Para asegurar compatibilidad, el cliente debe indicar en los comentarios del pedido el modelo de fog\u00f3n que utiliza.<\/span><\/p>\n<p><b>Dimensiones:<\/b><span style=\"font-weight: 400;\"> 95 \u00d7 95 \u00d7 5 cm<\/span><span style=\"font-weight: 400;\"><br \/>\n<\/span> <b>Peso:<\/b><span style=\"font-weight: 400;\"> 2 kg<\/span><\/p>\n<p><em><span style=\"font-weight: 400;\">\u201cPensada para quienes buscan una experiencia m\u00e1s limpia, eficiente y segura en torno al fuego.\u201d<\/span><\/em><\/p>\n<h5>\ud83c\udde8\ud83c\uddf1 Hecho en Chile, con Sello de Calidad<\/h5>\n<p>En\u00a0<b>Sello \u00danico<\/b>\u00a0dise\u00f1amos y fabricamos cada producto en Chile, cuidando cada detalle, utilizando materiales de alta calidad y con una mirada puesta en la funcionalidad y la est\u00e9tica. Nuestro objetivo es crear piezas duraderas, con car\u00e1cter, que representen lo mejor del dise\u00f1o nacional.<\/p>\n","protected":false},"excerpt":{"rendered":"<p>Base de acero para potenciar el efecto smokeless en fogones seleccionados. Protege el piso y mejora el rendimiento del fuego. El cliente debe indicar en \u201ccomentarios\u201d del pedido para qu\u00e9 fog\u00f3n se requiere. Hecho en Chile, funcionalidad con sello de calidad.<\/p>\n","protected":false},"featured_media":22518,"template":"","meta":[],"product_brand":[],"product_cat":[208],"product_tag":[144,400,145,146,147,148,149,150,151,131,152,153,154,155,156,157,158,159,160,161,162,139,163,164,165,166,167,168,169,142,170,171,172],"class_list":{"0":"post-22538","1":"product","2":"type-product","3":"status-publish","4":"has-post-thumbnail","6":"product_cat-accesorios","7":"product_tag-asado","8":"product_tag-bases","9":"product_tag-brasas","10":"product_tag-brasero","11":"product_tag-braseros","12":"product_tag-calefaccion","13":"product_tag-calor","14":"product_tag-deco-jardin","15":"product_tag-decoracion-exterior","16":"product_tag-desing","17":"product_tag-diseno-exclusivo","18":"product_tag-diseno-exterior","19":"product_tag-disenos-unicos","20":"product_tag-exterior","21":"product_tag-exterior-design","22":"product_tag-fierro","23":"product_tag-fogon","24":"product_tag-fogon-sin-humo","25":"product_tag-fogoneros","26":"product_tag-fogones","27":"product_tag-fuego","28":"product_tag-hecho-a-mano","29":"product_tag-inoxidable","30":"product_tag-jardin","31":"product_tag-lena","32":"product_tag-metal","33":"product_tag-parrilla","34":"product_tag-reduccion-de-humo","35":"product_tag-rustico","36":"product_tag-sello-unico","37":"product_tag-sin-humo","38":"product_tag-smokeless","39":"product_tag-terraza","41":"first","42":"instock","43":"purchasable","44":"product-type-simple"},"_links":{"self":[{"href":"https:\/\/sellounico.cl\/sitio\/wp-json\/wp\/v2\/product\/22538","targetHints":{"allow":["GET"]}}],"collection":[{"href":"https:\/\/sellounico.cl\/sitio\/wp-json\/wp\/v2\/product"}],"about":[{"href":"https:\/\/sellounico.cl\/sitio\/wp-json\/wp\/v2\/types\/product"}],"wp:featuredmedia":[{"embeddable":true,"href":"https:\/\/sellounico.cl\/sitio\/wp-json\/wp\/v2\/media\/22518"}],"wp:attachment":[{"href":"https:\/\/sellounico.cl\/sitio\/wp-json\/wp\/v2\/media?parent=22538"}],"wp:term":[{"taxonomy":"product_brand","embeddable":true,"href":"https:\/\/sellounico.cl\/sitio\/wp-json\/wp\/v2\/product_brand?post=22538"},{"taxonomy":"product_cat","embeddable":true,"href":"https:\/\/sellounico.cl\/sitio\/wp-json\/wp\/v2\/product_cat?post=22538"},{"taxonomy":"product_tag","embeddable":true,"href":"https:\/\/sellounico.cl\/sitio\/wp-json\/wp\/v2\/product_tag?post=22538"}],"curies":[{"name":"wp","href":"https:\/\/api.w.org\/{rel}","templated":true}]}}