{"id":25460,"date":"2025-01-20T12:40:20","date_gmt":"2025-01-20T15:40:20","guid":{"rendered":"https:\/\/sellounico.cl\/sitio\/?post_type=product&#038;p=25460"},"modified":"2026-04-07T11:48:07","modified_gmt":"2026-04-07T14:48:07","slug":"escultura-en-fierro-4","status":"publish","type":"product","link":"https:\/\/sellounico.cl\/sitio\/producto\/escultura-en-fierro-4\/","title":{"rendered":"Escultura Nativa #4"},"content":{"rendered":"<p>Escultura \u00fanica, madera nativa rescatada de las profundidades del Lago Pellaifa. Qui\u00e9n sabe cuantos a\u00f1os paso esta pieza hundida transformado su forma por erosi\u00f3n hasta llegar a nuestras manos. Cada pieza ofrecida en esta categor\u00eda es exclusiva y si se encuentra publicada es porque est\u00e1 disponible.<\/p>\n<p>&nbsp;<\/p>\n","protected":false},"excerpt":{"rendered":"<p>Cada pieza ofrecida en esta categor\u00eda es exclusiva!<\/p>\n<p>Base 45&#215;30 cm \/ Alto 188 cm<\/p>\n","protected":false},"featured_media":27795,"template":"","meta":[],"product_brand":[],"product_cat":[301],"product_tag":[119,299,125,128,295,294,261,300,136,298,297,293,141,296,142],"class_list":{"0":"post-25460","1":"product","2":"type-product","3":"status-publish","4":"has-post-thumbnail","6":"product_cat-piezasunicas","7":"product_tag-art","8":"product_tag-arte-diseno","9":"product_tag-deco","10":"product_tag-decoracion","11":"product_tag-decoracion-de-interiores","12":"product_tag-decoradas","13":"product_tag-design","14":"product_tag-diseno-de-interiores","15":"product_tag-escultura","16":"product_tag-escultura-nativa","17":"product_tag-esculturas-madera","18":"product_tag-esculturas-unicas","19":"product_tag-madera-nativa","20":"product_tag-piezas-de-arte","21":"product_tag-sello-unico","23":"first","24":"instock","25":"sale","26":"sold-individually","27":"shipping-taxable","28":"purchasable","29":"product-type-simple"},"_links":{"self":[{"href":"https:\/\/sellounico.cl\/sitio\/wp-json\/wp\/v2\/product\/25460","targetHints":{"allow":["GET"]}}],"collection":[{"href":"https:\/\/sellounico.cl\/sitio\/wp-json\/wp\/v2\/product"}],"about":[{"href":"https:\/\/sellounico.cl\/sitio\/wp-json\/wp\/v2\/types\/product"}],"wp:featuredmedia":[{"embeddable":true,"href":"https:\/\/sellounico.cl\/sitio\/wp-json\/wp\/v2\/media\/27795"}],"wp:attachment":[{"href":"https:\/\/sellounico.cl\/sitio\/wp-json\/wp\/v2\/media?parent=25460"}],"wp:term":[{"taxonomy":"product_brand","embeddable":true,"href":"https:\/\/sellounico.cl\/sitio\/wp-json\/wp\/v2\/product_brand?post=25460"},{"taxonomy":"product_cat","embeddable":true,"href":"https:\/\/sellounico.cl\/sitio\/wp-json\/wp\/v2\/product_cat?post=25460"},{"taxonomy":"product_tag","embeddable":true,"href":"https:\/\/sellounico.cl\/sitio\/wp-json\/wp\/v2\/product_tag?post=25460"}],"curies":[{"name":"wp","href":"https:\/\/api.w.org\/{rel}","templated":true}]}}