{"id":25531,"date":"2025-01-24T13:44:08","date_gmt":"2025-01-24T16:44:08","guid":{"rendered":"https:\/\/sellounico.cl\/sitio\/?post_type=product&#038;p=25531"},"modified":"2025-11-18T09:45:02","modified_gmt":"2025-11-18T12:45:02","slug":"mesa-lateral-hester","status":"publish","type":"product","link":"https:\/\/sellounico.cl\/sitio\/producto\/mesa-lateral-hester\/","title":{"rendered":"Mesa Lateral Hester"},"content":{"rendered":"<h5>Un complemento vers\u00e1til con car\u00e1cter propio<\/h5>\n<p><span style=\"font-weight: 400;\">La <\/span><b>Mesa Lateral Hester<\/b><span style=\"font-weight: 400;\"> es una pieza funcional y resistente, ideal para acompa\u00f1ar terrazas, balcones, livings o rincones exteriores. Fabricada completamente en fierro, est\u00e1 pensada para soportar el uso diario en distintas condiciones sin perder presencia.<\/span><\/p>\n<p><span style=\"font-weight: 400;\">Su terminaci\u00f3n en pintura electrost\u00e1tica negro mate microtexturado le entrega un acabado elegante y una alta resistencia frente al calor, rayones y humedad, asegurando durabilidad tanto en interiores como exteriores.<\/span><\/p>\n<p><span style=\"font-weight: 400;\">Compacta, sobria y s\u00f3lida: perfecta como mesa auxiliar o como parte de un conjunto m\u00e1s amplio.<\/span><\/p>\n<h6>Medidas<\/h6>\n<p><span style=\"font-weight: 400;\">45 \u00d7 45 cm \/ Alto 45 cm<\/span><\/p>\n<p><em><span style=\"font-weight: 400;\">&#8220;Inspirada en la utilidad de los detalles bien resueltos, la Mesa Hester acompa\u00f1a tus espacios con dise\u00f1o simple, materiales firmes y una est\u00e9tica que se integra con facilidad.&#8221;<\/span><\/em><\/p>\n<h5>\ud83c\udde8\ud83c\uddf1 Hecho en Chile, con Sello de Calidad<\/h5>\n<p>En\u00a0<b>Sello \u00danico<\/b>\u00a0dise\u00f1amos y fabricamos cada producto en Chile, cuidando cada detalle, utilizando materiales de alta calidad y con una mirada puesta en la funcionalidad y la est\u00e9tica. Nuestro objetivo es crear piezas duraderas, con car\u00e1cter, que representen lo mejor del dise\u00f1o nacional.<\/p>\n","protected":false},"excerpt":{"rendered":"<p><span style=\"font-weight: 400;\">Mesa lateral en fierro, dise\u00f1ada para interiores y exteriores. Resistente, funcional y con terminaci\u00f3n en pintura electrost\u00e1tica negro mate microtexturado. Hecha en Chile.<\/span><\/p>\n","protected":false},"featured_media":25527,"template":"","meta":[],"product_brand":[],"product_cat":[259],"product_tag":[151,260,261,153,262,263,264,239,265,266,267,142,268,269,270,271,272,273,274,275,172],"class_list":{"0":"post-25531","1":"product","2":"type-product","3":"status-publish","4":"has-post-thumbnail","6":"product_cat-muebles-de-terraza","7":"product_tag-decoracion-exterior","8":"product_tag-decoracion-terraza","9":"product_tag-design","10":"product_tag-diseno-exterior","11":"product_tag-living-exterior","12":"product_tag-living-terraza","13":"product_tag-mesa-exterior","14":"product_tag-muebles","15":"product_tag-muebles-exterior","16":"product_tag-muebles-fierro","17":"product_tag-muebles-terraza","18":"product_tag-sello-unico","19":"product_tag-set-terraza","20":"product_tag-sillon-fierro","21":"product_tag-sillones-fierro","22":"product_tag-sillones-metal","23":"product_tag-sillones-terraza","24":"product_tag-sofa-exterior","25":"product_tag-sofa-terraza","26":"product_tag-sosa-fierro","27":"product_tag-terraza","29":"first","30":"instock","31":"sale","32":"purchasable","33":"product-type-variable"},"_links":{"self":[{"href":"https:\/\/sellounico.cl\/sitio\/wp-json\/wp\/v2\/product\/25531","targetHints":{"allow":["GET"]}}],"collection":[{"href":"https:\/\/sellounico.cl\/sitio\/wp-json\/wp\/v2\/product"}],"about":[{"href":"https:\/\/sellounico.cl\/sitio\/wp-json\/wp\/v2\/types\/product"}],"wp:featuredmedia":[{"embeddable":true,"href":"https:\/\/sellounico.cl\/sitio\/wp-json\/wp\/v2\/media\/25527"}],"wp:attachment":[{"href":"https:\/\/sellounico.cl\/sitio\/wp-json\/wp\/v2\/media?parent=25531"}],"wp:term":[{"taxonomy":"product_brand","embeddable":true,"href":"https:\/\/sellounico.cl\/sitio\/wp-json\/wp\/v2\/product_brand?post=25531"},{"taxonomy":"product_cat","embeddable":true,"href":"https:\/\/sellounico.cl\/sitio\/wp-json\/wp\/v2\/product_cat?post=25531"},{"taxonomy":"product_tag","embeddable":true,"href":"https:\/\/sellounico.cl\/sitio\/wp-json\/wp\/v2\/product_tag?post=25531"}],"curies":[{"name":"wp","href":"https:\/\/api.w.org\/{rel}","templated":true}]}}