{"id":26076,"date":"2025-03-05T13:20:05","date_gmt":"2025-03-05T16:20:05","guid":{"rendered":"https:\/\/sellounico.cl\/sitio\/?post_type=product&#038;p=26076"},"modified":"2026-04-28T12:05:39","modified_gmt":"2026-04-28T15:05:39","slug":"mesa-vest","status":"publish","type":"product","link":"https:\/\/sellounico.cl\/sitio\/producto\/mesa-vest\/","title":{"rendered":"Mesa Vest"},"content":{"rendered":"<h5>Dise\u00f1o firme con un giro contempor\u00e1neo<\/h5>\n<p><span style=\"font-weight: 400;\">La <\/span><b>Mesa Vest<\/b><span style=\"font-weight: 400;\"> combina una estructura met\u00e1lica robusta con una cubierta de madera nativa de 2 pulgadas, disponible en roble o laurel. La madera va sellada con poliuretano transparente, que le otorga alta resistencia f\u00edsica y qu\u00edmica, protegiendo su textura y color frente al uso diario.<\/span><\/p>\n<p><span style=\"font-weight: 400;\">Lo que distingue a esta mesa es su dise\u00f1o de patas entrelazadas, que no solo aporta estabilidad estructural, sino tambi\u00e9n un detalle visual \u00fanico y moderno, ideal para comedores con una propuesta decorativa m\u00e1s audaz y elegante.<\/span><\/p>\n<p><em><span style=\"font-weight: 400;\">&#8220;Inspirada en las formas geom\u00e9tricas contempor\u00e1neas, la Mesa Vest propone un equilibrio entre dise\u00f1o estructural, materiales nobles y presencia visual con personalidad propia.&#8221;<\/span><\/em><\/p>\n<h5>\ud83c\udde8\ud83c\uddf1 Hecho en Chile, con Sello de Calidad<\/h5>\n<p>En\u00a0<b>Sello \u00danico<\/b>\u00a0dise\u00f1amos y fabricamos cada producto en Chile, cuidando cada detalle, utilizando materiales de alta calidad y con una mirada puesta en la funcionalidad y la est\u00e9tica. Nuestro objetivo es crear piezas duraderas, con car\u00e1cter, que representen lo mejor del dise\u00f1o nacional.<\/p>\n","protected":false},"excerpt":{"rendered":"<p><span style=\"font-weight: 400;\">Mesa de comedor con base de fierro y cubierta de madera nativa de 2 pulgadas. Disponible en roble o laurel. Hecha en Chile con terminaci\u00f3n de alta resistencia y dise\u00f1o distintivo.<\/span><\/p>\n","protected":false},"featured_media":26085,"template":"","meta":[],"product_brand":[],"product_cat":[225,389],"product_tag":[226,227,228,229,125,209,230,127,128,129,132,231,232,233,154,139,234,141,235,236,237,238,239,240,241,142],"class_list":{"0":"post-26076","1":"product","2":"type-product","3":"status-publish","4":"has-post-thumbnail","6":"product_cat-mesas-de-comedor","7":"product_cat-ofertas","8":"product_tag-carpinteria","9":"product_tag-comedor","10":"product_tag-comedores","11":"product_tag-confeccion-nacional","12":"product_tag-deco","13":"product_tag-deco-hogar","14":"product_tag-deco-home","15":"product_tag-decor","16":"product_tag-decoracion","17":"product_tag-decoracion-interiores","18":"product_tag-diseno","19":"product_tag-diseno-industiral","20":"product_tag-diseno-interiores","21":"product_tag-diseno-moderno","22":"product_tag-disenos-unicos","23":"product_tag-hecho-a-mano","24":"product_tag-industrial-design","25":"product_tag-madera-nativa","26":"product_tag-mesa","27":"product_tag-mesa-comedor","28":"product_tag-mesa-para-quinchos","29":"product_tag-mesas-madera-nativa","30":"product_tag-muebles","31":"product_tag-muebles-a-medida","32":"product_tag-quincho","33":"product_tag-sello-unico","35":"first","36":"instock","37":"sale","38":"purchasable","39":"product-type-variable"},"_links":{"self":[{"href":"https:\/\/sellounico.cl\/sitio\/wp-json\/wp\/v2\/product\/26076","targetHints":{"allow":["GET"]}}],"collection":[{"href":"https:\/\/sellounico.cl\/sitio\/wp-json\/wp\/v2\/product"}],"about":[{"href":"https:\/\/sellounico.cl\/sitio\/wp-json\/wp\/v2\/types\/product"}],"wp:featuredmedia":[{"embeddable":true,"href":"https:\/\/sellounico.cl\/sitio\/wp-json\/wp\/v2\/media\/26085"}],"wp:attachment":[{"href":"https:\/\/sellounico.cl\/sitio\/wp-json\/wp\/v2\/media?parent=26076"}],"wp:term":[{"taxonomy":"product_brand","embeddable":true,"href":"https:\/\/sellounico.cl\/sitio\/wp-json\/wp\/v2\/product_brand?post=26076"},{"taxonomy":"product_cat","embeddable":true,"href":"https:\/\/sellounico.cl\/sitio\/wp-json\/wp\/v2\/product_cat?post=26076"},{"taxonomy":"product_tag","embeddable":true,"href":"https:\/\/sellounico.cl\/sitio\/wp-json\/wp\/v2\/product_tag?post=26076"}],"curies":[{"name":"wp","href":"https:\/\/api.w.org\/{rel}","templated":true}]}}