{"id":26096,"date":"2025-03-05T14:46:30","date_gmt":"2025-03-05T17:46:30","guid":{"rendered":"https:\/\/sellounico.cl\/sitio\/?post_type=product&#038;p=26096"},"modified":"2026-04-08T13:11:53","modified_gmt":"2026-04-08T16:11:53","slug":"mesa-lipton","status":"publish","type":"product","link":"https:\/\/sellounico.cl\/sitio\/producto\/mesa-lipton\/","title":{"rendered":"Mesa Lipton"},"content":{"rendered":"<h5>Car\u00e1cter y simpleza que se adaptan a tu espacio<\/h5>\n<p><span style=\"font-weight: 400;\">La <\/span><b>Mesa Lipton<\/b><span style=\"font-weight: 400;\"> combina una estructura firme de fierro con una cubierta de madera nativa a elecci\u00f3n: roble o laurel, ambas de 2 pulgadas de espesor. Esta mezcla de materiales nobles entrega solidez, calidez y una est\u00e9tica atemporal.<\/span><\/p>\n<p><span style=\"font-weight: 400;\">El dise\u00f1o incorpora una base met\u00e1lica de l\u00edneas limpias con un toque vanguardista en sus patas, lo que aporta un sello moderno sin perder sobriedad. La cubierta est\u00e1 sellada con un protector de poliuretano transparente, que la resguarda frente al uso diario, humedad y desgaste, preservando la textura y tono natural de la madera.<\/span><\/p>\n<p><em><span style=\"font-weight: 400;\">&#8220;Inspirada en la simpleza bien ejecutada, la Mesa Lipton re\u00fane materiales nobles y dise\u00f1o funcional para compartir desde lo esencial, todos los d\u00edas.&#8221;<\/span><\/em><\/p>\n<h5>\ud83c\udde8\ud83c\uddf1 Hecho en Chile, con Sello de Calidad<\/h5>\n<p>En\u00a0<b>Sello \u00danico<\/b>\u00a0dise\u00f1amos y fabricamos cada producto en Chile, cuidando cada detalle, utilizando materiales de alta calidad y con una mirada puesta en la funcionalidad y la est\u00e9tica. Nuestro objetivo es crear piezas duraderas, con car\u00e1cter, que representen lo mejor del dise\u00f1o nacional.<\/p>\n","protected":false},"excerpt":{"rendered":"<p><span style=\"font-weight: 400;\">Mesa de comedor con base de fierro y cubierta de madera nativa de 2 pulgadas. Disponible en roble o laurel. Hecha en Chile con terminaci\u00f3n de alta resistencia y dise\u00f1o sobrio.<\/span><\/p>\n","protected":false},"featured_media":26105,"template":"","meta":[],"product_brand":[],"product_cat":[225,389],"product_tag":[226,227,228,229,125,209,230,127,128,129,132,231,232,233,154,139,234,141,235,236,237,238,239,240,241,142],"class_list":{"0":"post-26096","1":"product","2":"type-product","3":"status-publish","4":"has-post-thumbnail","6":"product_cat-mesas-de-comedor","7":"product_cat-ofertas","8":"product_tag-carpinteria","9":"product_tag-comedor","10":"product_tag-comedores","11":"product_tag-confeccion-nacional","12":"product_tag-deco","13":"product_tag-deco-hogar","14":"product_tag-deco-home","15":"product_tag-decor","16":"product_tag-decoracion","17":"product_tag-decoracion-interiores","18":"product_tag-diseno","19":"product_tag-diseno-industiral","20":"product_tag-diseno-interiores","21":"product_tag-diseno-moderno","22":"product_tag-disenos-unicos","23":"product_tag-hecho-a-mano","24":"product_tag-industrial-design","25":"product_tag-madera-nativa","26":"product_tag-mesa","27":"product_tag-mesa-comedor","28":"product_tag-mesa-para-quinchos","29":"product_tag-mesas-madera-nativa","30":"product_tag-muebles","31":"product_tag-muebles-a-medida","32":"product_tag-quincho","33":"product_tag-sello-unico","35":"first","36":"instock","37":"sale","38":"purchasable","39":"product-type-variable"},"_links":{"self":[{"href":"https:\/\/sellounico.cl\/sitio\/wp-json\/wp\/v2\/product\/26096","targetHints":{"allow":["GET"]}}],"collection":[{"href":"https:\/\/sellounico.cl\/sitio\/wp-json\/wp\/v2\/product"}],"about":[{"href":"https:\/\/sellounico.cl\/sitio\/wp-json\/wp\/v2\/types\/product"}],"wp:featuredmedia":[{"embeddable":true,"href":"https:\/\/sellounico.cl\/sitio\/wp-json\/wp\/v2\/media\/26105"}],"wp:attachment":[{"href":"https:\/\/sellounico.cl\/sitio\/wp-json\/wp\/v2\/media?parent=26096"}],"wp:term":[{"taxonomy":"product_brand","embeddable":true,"href":"https:\/\/sellounico.cl\/sitio\/wp-json\/wp\/v2\/product_brand?post=26096"},{"taxonomy":"product_cat","embeddable":true,"href":"https:\/\/sellounico.cl\/sitio\/wp-json\/wp\/v2\/product_cat?post=26096"},{"taxonomy":"product_tag","embeddable":true,"href":"https:\/\/sellounico.cl\/sitio\/wp-json\/wp\/v2\/product_tag?post=26096"}],"curies":[{"name":"wp","href":"https:\/\/api.w.org\/{rel}","templated":true}]}}