{"id":26346,"date":"2025-03-26T14:03:43","date_gmt":"2025-03-26T17:03:43","guid":{"rendered":"https:\/\/sellounico.cl\/sitio\/?post_type=product&#038;p=26346"},"modified":"2026-02-24T16:54:50","modified_gmt":"2026-02-24T19:54:50","slug":"parrilla-fija-acero-inox","status":"publish","type":"product","link":"https:\/\/sellounico.cl\/sitio\/producto\/parrilla-fija-acero-inox\/","title":{"rendered":"Parrilla Fija Acero Inox"},"content":{"rendered":"<h5>Simple, resistente y adaptable a cualquier estructura<\/h5>\n<p><span style=\"font-weight: 400;\">La <\/span><b>Parrilla Fija Acero Inox<\/b><span style=\"font-weight: 400;\"> es una base s\u00f3lida y confiable para quienes buscan una parrilla de altura fija, f\u00e1cil de limpiar y fabricada con materiales duraderos. Su <\/span><b>rejilla de acero inoxidable<\/b><span style=\"font-weight: 400;\"> est\u00e1 hecha con <\/span><b>fierro liso redondo de 6 mm<\/b><span style=\"font-weight: 400;\">, lo que garantiza una excelente resistencia al calor y al uso intensivo.<\/span><\/p>\n<p><span style=\"font-weight: 400;\">La rejilla es <\/span><b>desmontable<\/b><span style=\"font-weight: 400;\">, lo que facilita su limpieza y manipulaci\u00f3n despu\u00e9s de cada uso. Adem\u00e1s, este modelo es <\/span><b>totalmente compatible con todos los modelos de parrilla de Sello \u00danico<\/b><span style=\"font-weight: 400;\">, lo que la convierte en una excelente opci\u00f3n tanto para reemplazo como para proyectos personalizados.<\/span><\/p>\n<p><span style=\"font-weight: 400;\">\u00bfNecesitas una medida especial? Escr\u00edbenos y fabricamos la tuya a pedido.<\/span><\/p>\n<p><em><span style=\"font-weight: 400;\">&#8220;Inspirada en la simpleza bien ejecutada, esta parrilla entrega lo esencial para el asado: firmeza, resistencia y facilidad de uso, sin perder el sello de calidad que distingue a Sello \u00danico.&#8221;<\/span><\/em><\/p>\n<h5>\ud83c\udde8\ud83c\uddf1 Hecho en Chile, con Sello de Calidad<\/h5>\n<p>En\u00a0<b>Sello \u00danico<\/b>\u00a0dise\u00f1amos y fabricamos cada producto en Chile, cuidando cada detalle, utilizando materiales de alta calidad y con una mirada puesta en la funcionalidad y la est\u00e9tica. Nuestro objetivo es crear piezas duraderas, con car\u00e1cter, que representen lo mejor del dise\u00f1o nacional.<\/p>\n<p>&nbsp;<\/p>\n","protected":false},"excerpt":{"rendered":"<p><span style=\"font-weight: 400;\">Parrilla con base fija y rejilla de acero inoxidable de 6 mm. Compatible con todos los modelos de parrilla de Sello \u00danico. Disponible en tama\u00f1os est\u00e1ndar o personalizada. Hecha en Chile con procesos y materiales de calidad.<\/span><\/p>\n","protected":false},"featured_media":26360,"template":"","meta":[],"product_brand":[],"product_cat":[188],"product_tag":[189,144,190,191,192,193,194,195,196,197,198,131,132,152,135,158,162,199,139,250,163,200,166,167,201,202,203,204,205,206,169,142],"class_list":{"0":"post-26346","1":"product","2":"type-product","3":"status-publish","4":"has-post-thumbnail","6":"product_cat-parrillas-y-asadores","7":"product_tag-asadero","8":"product_tag-asado","9":"product_tag-asado-a-la-uruguaya","10":"product_tag-asado-al-palo","11":"product_tag-asador","12":"product_tag-asados","13":"product_tag-barbacoa","14":"product_tag-barbecue","15":"product_tag-bbq","16":"product_tag-bracero","17":"product_tag-carbon","18":"product_tag-desing","19":"product_tag-diseno","20":"product_tag-diseno-exclusivo","21":"product_tag-diseno-unico","22":"product_tag-fogon","23":"product_tag-fuego","24":"product_tag-grill","25":"product_tag-hecho-a-mano","26":"product_tag-inox","27":"product_tag-inoxidable","28":"product_tag-lenera","29":"product_tag-metal","30":"product_tag-parrilla","31":"product_tag-parrilla-de-carbon","32":"product_tag-parrilla-fierro","33":"product_tag-parrilla-lena","34":"product_tag-parrilladas","35":"product_tag-parrillas","36":"product_tag-parrilleros","37":"product_tag-rustico","38":"product_tag-sello-unico","40":"first","41":"instock","42":"purchasable","43":"product-type-variable"},"_links":{"self":[{"href":"https:\/\/sellounico.cl\/sitio\/wp-json\/wp\/v2\/product\/26346","targetHints":{"allow":["GET"]}}],"collection":[{"href":"https:\/\/sellounico.cl\/sitio\/wp-json\/wp\/v2\/product"}],"about":[{"href":"https:\/\/sellounico.cl\/sitio\/wp-json\/wp\/v2\/types\/product"}],"wp:featuredmedia":[{"embeddable":true,"href":"https:\/\/sellounico.cl\/sitio\/wp-json\/wp\/v2\/media\/26360"}],"wp:attachment":[{"href":"https:\/\/sellounico.cl\/sitio\/wp-json\/wp\/v2\/media?parent=26346"}],"wp:term":[{"taxonomy":"product_brand","embeddable":true,"href":"https:\/\/sellounico.cl\/sitio\/wp-json\/wp\/v2\/product_brand?post=26346"},{"taxonomy":"product_cat","embeddable":true,"href":"https:\/\/sellounico.cl\/sitio\/wp-json\/wp\/v2\/product_cat?post=26346"},{"taxonomy":"product_tag","embeddable":true,"href":"https:\/\/sellounico.cl\/sitio\/wp-json\/wp\/v2\/product_tag?post=26346"}],"curies":[{"name":"wp","href":"https:\/\/api.w.org\/{rel}","templated":true}]}}