{"id":26566,"date":"2025-04-07T17:12:02","date_gmt":"2025-04-07T20:12:02","guid":{"rendered":"https:\/\/sellounico.cl\/sitio\/?post_type=product&#038;p=26566"},"modified":"2026-02-24T16:53:54","modified_gmt":"2026-02-24T19:53:54","slug":"kit-parrilla-elevacion","status":"publish","type":"product","link":"https:\/\/sellounico.cl\/sitio\/producto\/kit-parrilla-elevacion\/","title":{"rendered":"Kit Parrilla Elevaci\u00f3n"},"content":{"rendered":"<h5>Todo lo que tu quincho necesita en un solo kit<\/h5>\n<p><span style=\"font-weight: 400;\">El <\/span><b>Kit Parrilla Elevaci\u00f3n<\/b><span style=\"font-weight: 400;\"> re\u00fane los elementos esenciales para un asado completo, pr\u00e1ctico y bien resuelto. Incluye una <\/span><b>parrilla regulable en altura<\/b><span style=\"font-weight: 400;\">, un <\/span><b>brasero uruguayo<\/b><span style=\"font-weight: 400;\"> ideal para la producci\u00f3n constante de brasas, y un set de <\/span><b>atizador y pala<\/b><span style=\"font-weight: 400;\"> para una manipulaci\u00f3n eficiente del fuego.<\/span><\/p>\n<p><span style=\"font-weight: 400;\">La estructura est\u00e1 construida en fierro liso redondo de 6 mm, garantizando estabilidad y resistencia al calor. La <\/span><b>rejilla es de acero inoxidable y removible<\/b><span style=\"font-weight: 400;\">, lo que facilita su limpieza y manejo despu\u00e9s de cada uso.<\/span><\/p>\n<p><span style=\"font-weight: 400;\">Disponible en distintos formatos para adaptarse a tu espacio. Tambi\u00e9n realizamos trabajos a medida si necesitas algo personalizado.<\/span><\/p>\n<p><em><span style=\"font-weight: 400;\">&#8220;Inspirado en la experiencia del fuego bien dominado, este kit est\u00e1 pensado para quienes disfrutan del ritual del asado con herramientas confiables, pr\u00e1cticas y duraderas.&#8221;<\/span><\/em><\/p>\n<h5>\ud83c\udde8\ud83c\uddf1 Hecho en Chile, con Sello de Calidad<\/h5>\n<p>En\u00a0<b>Sello \u00danico<\/b>\u00a0dise\u00f1amos y fabricamos cada producto en Chile, cuidando cada detalle, utilizando materiales de alta calidad y con una mirada puesta en la funcionalidad y la est\u00e9tica. Nuestro objetivo es crear piezas duraderas, con car\u00e1cter, que representen lo mejor del dise\u00f1o nacional.<\/p>\n","protected":false},"excerpt":{"rendered":"<p><span style=\"font-weight: 400;\">Kit de parrilla con sistema de elevaci\u00f3n, brasero uruguayo y accesorios incluidos. Fabricado en fierro liso redondo de 6 mm, con rejilla de acero inoxidable removible. Hecho en Chile con procesos y materiales de calidad.<\/span><\/p>\n","protected":false},"featured_media":26575,"template":"","meta":[],"product_brand":[],"product_cat":[188],"product_tag":[189,144,190,191,192,193,194,195,196,197,198,131,132,152,135,158,162,199,139,250,163,200,166,167,201,202,203,204,205,206,169,142],"class_list":{"0":"post-26566","1":"product","2":"type-product","3":"status-publish","4":"has-post-thumbnail","6":"product_cat-parrillas-y-asadores","7":"product_tag-asadero","8":"product_tag-asado","9":"product_tag-asado-a-la-uruguaya","10":"product_tag-asado-al-palo","11":"product_tag-asador","12":"product_tag-asados","13":"product_tag-barbacoa","14":"product_tag-barbecue","15":"product_tag-bbq","16":"product_tag-bracero","17":"product_tag-carbon","18":"product_tag-desing","19":"product_tag-diseno","20":"product_tag-diseno-exclusivo","21":"product_tag-diseno-unico","22":"product_tag-fogon","23":"product_tag-fuego","24":"product_tag-grill","25":"product_tag-hecho-a-mano","26":"product_tag-inox","27":"product_tag-inoxidable","28":"product_tag-lenera","29":"product_tag-metal","30":"product_tag-parrilla","31":"product_tag-parrilla-de-carbon","32":"product_tag-parrilla-fierro","33":"product_tag-parrilla-lena","34":"product_tag-parrilladas","35":"product_tag-parrillas","36":"product_tag-parrilleros","37":"product_tag-rustico","38":"product_tag-sello-unico","40":"first","41":"instock","42":"purchasable","43":"product-type-variable"},"_links":{"self":[{"href":"https:\/\/sellounico.cl\/sitio\/wp-json\/wp\/v2\/product\/26566","targetHints":{"allow":["GET"]}}],"collection":[{"href":"https:\/\/sellounico.cl\/sitio\/wp-json\/wp\/v2\/product"}],"about":[{"href":"https:\/\/sellounico.cl\/sitio\/wp-json\/wp\/v2\/types\/product"}],"wp:featuredmedia":[{"embeddable":true,"href":"https:\/\/sellounico.cl\/sitio\/wp-json\/wp\/v2\/media\/26575"}],"wp:attachment":[{"href":"https:\/\/sellounico.cl\/sitio\/wp-json\/wp\/v2\/media?parent=26566"}],"wp:term":[{"taxonomy":"product_brand","embeddable":true,"href":"https:\/\/sellounico.cl\/sitio\/wp-json\/wp\/v2\/product_brand?post=26566"},{"taxonomy":"product_cat","embeddable":true,"href":"https:\/\/sellounico.cl\/sitio\/wp-json\/wp\/v2\/product_cat?post=26566"},{"taxonomy":"product_tag","embeddable":true,"href":"https:\/\/sellounico.cl\/sitio\/wp-json\/wp\/v2\/product_tag?post=26566"}],"curies":[{"name":"wp","href":"https:\/\/api.w.org\/{rel}","templated":true}]}}