{"id":27682,"date":"2025-07-26T17:19:23","date_gmt":"2025-07-26T20:19:23","guid":{"rendered":"https:\/\/sellounico.cl\/sitio\/?post_type=product&#038;p=27682"},"modified":"2026-04-08T13:21:00","modified_gmt":"2026-04-08T16:21:00","slug":"sillon-long-bay-1c","status":"publish","type":"product","link":"https:\/\/sellounico.cl\/sitio\/producto\/sillon-long-bay-1c\/","title":{"rendered":"Sill\u00f3n Long Bay 1C"},"content":{"rendered":"<h5><span style=\"font-weight: 400;\">Dise\u00f1o contempor\u00e1neo para disfrutar al aire libre todo el a\u00f1o.<\/span><\/h5>\n<p><span style=\"font-weight: 400;\">El Sill\u00f3n Long Bay es la combinaci\u00f3n perfecta entre comodidad, estilo y resistencia. Su estructura est\u00e1 fabricada en acero al carbono con recubrimiento de pintura en polvo electrost\u00e1tica, lo que le entrega durabilidad y una excelente respuesta frente a las condiciones exteriores.<\/span><\/p>\n<p><span style=\"font-weight: 400;\">Cuenta con cojines con fundas de tela impermeable, lavables y con protecci\u00f3n contra rayos UV, ideales para su uso en terrazas, balcones o jardines sin preocuparse por el sol o la humedad.<\/span><\/p>\n<p><span style=\"font-weight: 400;\">Su dise\u00f1o innovador se destaca por una base delgada y minimalista, y una superficie de asiento curvada que aporta comodidad, fluidez visual y un toque de elegancia. Una pieza funcional que puede complementar otros m\u00f3dulos o lucirse por s\u00ed sola.<\/span><\/p>\n<p><b>Medidas<\/b><b><br \/>\n<\/b><span style=\"font-weight: 400;\"> Ancho: 72 cm<\/span><span style=\"font-weight: 400;\"><br \/>\n<\/span><span style=\"font-weight: 400;\"> Profundidad: 75 cm<\/span><span style=\"font-weight: 400;\"><br \/>\n<\/span><span style=\"font-weight: 400;\"> Alto: 62,5 cm<\/span><\/p>\n<p><em><span style=\"font-weight: 400;\">\u201cInspirado en quienes buscan una est\u00e9tica simple, funcional y pensada para durar en el tiempo.\u201d<\/span><\/em><\/p>\n<h5>\ud83c\udde8\ud83c\uddf1 Hecho en Chile, con Sello de Calidad<\/h5>\n<p>En\u00a0<b>Sello \u00danico<\/b>\u00a0dise\u00f1amos y fabricamos cada producto en Chile, cuidando cada detalle, utilizando materiales de alta calidad y con una mirada puesta en la funcionalidad y la est\u00e9tica. Nuestro objetivo es crear piezas duraderas, con car\u00e1cter, que representen lo mejor del dise\u00f1o nacional.<\/p>\n","protected":false},"excerpt":{"rendered":"<p class=\"p1\">Sill\u00f3n de terraza de 1 cuerpo fabricado en acero al carbono con pintura electrost\u00e1tica negra. Cojines con funda impermeable, lavable y con protecci\u00f3n UV. Dise\u00f1ado para el exterior, resistente y con car\u00e1cter.<\/p>\n","protected":false},"featured_media":29619,"template":"","meta":[],"product_brand":[],"product_cat":[259],"product_tag":[151,260,261,153,262,263,264,239,265,266,267,142,268,269,270,271,272,273,274,275,172],"class_list":{"0":"post-27682","1":"product","2":"type-product","3":"status-publish","4":"has-post-thumbnail","6":"product_cat-muebles-de-terraza","7":"product_tag-decoracion-exterior","8":"product_tag-decoracion-terraza","9":"product_tag-design","10":"product_tag-diseno-exterior","11":"product_tag-living-exterior","12":"product_tag-living-terraza","13":"product_tag-mesa-exterior","14":"product_tag-muebles","15":"product_tag-muebles-exterior","16":"product_tag-muebles-fierro","17":"product_tag-muebles-terraza","18":"product_tag-sello-unico","19":"product_tag-set-terraza","20":"product_tag-sillon-fierro","21":"product_tag-sillones-fierro","22":"product_tag-sillones-metal","23":"product_tag-sillones-terraza","24":"product_tag-sofa-exterior","25":"product_tag-sofa-terraza","26":"product_tag-sosa-fierro","27":"product_tag-terraza","29":"first","30":"instock","31":"purchasable","32":"product-type-variable"},"_links":{"self":[{"href":"https:\/\/sellounico.cl\/sitio\/wp-json\/wp\/v2\/product\/27682","targetHints":{"allow":["GET"]}}],"collection":[{"href":"https:\/\/sellounico.cl\/sitio\/wp-json\/wp\/v2\/product"}],"about":[{"href":"https:\/\/sellounico.cl\/sitio\/wp-json\/wp\/v2\/types\/product"}],"wp:featuredmedia":[{"embeddable":true,"href":"https:\/\/sellounico.cl\/sitio\/wp-json\/wp\/v2\/media\/29619"}],"wp:attachment":[{"href":"https:\/\/sellounico.cl\/sitio\/wp-json\/wp\/v2\/media?parent=27682"}],"wp:term":[{"taxonomy":"product_brand","embeddable":true,"href":"https:\/\/sellounico.cl\/sitio\/wp-json\/wp\/v2\/product_brand?post=27682"},{"taxonomy":"product_cat","embeddable":true,"href":"https:\/\/sellounico.cl\/sitio\/wp-json\/wp\/v2\/product_cat?post=27682"},{"taxonomy":"product_tag","embeddable":true,"href":"https:\/\/sellounico.cl\/sitio\/wp-json\/wp\/v2\/product_tag?post=27682"}],"curies":[{"name":"wp","href":"https:\/\/api.w.org\/{rel}","templated":true}]}}