{"id":27884,"date":"2025-08-04T15:43:07","date_gmt":"2025-08-04T18:43:07","guid":{"rendered":"https:\/\/sellounico.cl\/sitio\/?post_type=product&#038;p=27884"},"modified":"2026-04-07T11:46:28","modified_gmt":"2026-04-07T14:46:28","slug":"escultura-nativa-26","status":"publish","type":"product","link":"https:\/\/sellounico.cl\/sitio\/producto\/escultura-nativa-26\/","title":{"rendered":"Escultura Nativa #26"},"content":{"rendered":"<p>Esculturas de madera nativa de roble pell\u00edn, era antiguo cerco del Cerro Chaillupen en el Lago Calafqu\u00e9n. Esta pieza tiene m\u00e1s de 200 a\u00f1os de antig\u00fcedad.<\/p>\n","protected":false},"excerpt":{"rendered":"<p>Cada pieza ofrecida en esta categor\u00eda es exclusiva!<\/p>\n<p>Bases 45&#215;34 cm \/ Alto 226 cm<\/p>\n<p>&nbsp;<\/p>\n<p>&nbsp;<\/p>\n","protected":false},"featured_media":27885,"template":"","meta":[],"product_brand":[],"product_cat":[301],"product_tag":[119,299,125,128,295,294,261,300,136,298,297,293,141,296,142],"class_list":{"0":"post-27884","1":"product","2":"type-product","3":"status-publish","4":"has-post-thumbnail","6":"product_cat-piezasunicas","7":"product_tag-art","8":"product_tag-arte-diseno","9":"product_tag-deco","10":"product_tag-decoracion","11":"product_tag-decoracion-de-interiores","12":"product_tag-decoradas","13":"product_tag-design","14":"product_tag-diseno-de-interiores","15":"product_tag-escultura","16":"product_tag-escultura-nativa","17":"product_tag-esculturas-madera","18":"product_tag-esculturas-unicas","19":"product_tag-madera-nativa","20":"product_tag-piezas-de-arte","21":"product_tag-sello-unico","23":"first","24":"instock","25":"sale","26":"sold-individually","27":"shipping-taxable","28":"purchasable","29":"product-type-simple"},"_links":{"self":[{"href":"https:\/\/sellounico.cl\/sitio\/wp-json\/wp\/v2\/product\/27884","targetHints":{"allow":["GET"]}}],"collection":[{"href":"https:\/\/sellounico.cl\/sitio\/wp-json\/wp\/v2\/product"}],"about":[{"href":"https:\/\/sellounico.cl\/sitio\/wp-json\/wp\/v2\/types\/product"}],"wp:featuredmedia":[{"embeddable":true,"href":"https:\/\/sellounico.cl\/sitio\/wp-json\/wp\/v2\/media\/27885"}],"wp:attachment":[{"href":"https:\/\/sellounico.cl\/sitio\/wp-json\/wp\/v2\/media?parent=27884"}],"wp:term":[{"taxonomy":"product_brand","embeddable":true,"href":"https:\/\/sellounico.cl\/sitio\/wp-json\/wp\/v2\/product_brand?post=27884"},{"taxonomy":"product_cat","embeddable":true,"href":"https:\/\/sellounico.cl\/sitio\/wp-json\/wp\/v2\/product_cat?post=27884"},{"taxonomy":"product_tag","embeddable":true,"href":"https:\/\/sellounico.cl\/sitio\/wp-json\/wp\/v2\/product_tag?post=27884"}],"curies":[{"name":"wp","href":"https:\/\/api.w.org\/{rel}","templated":true}]}}