{"id":27925,"date":"2025-08-04T20:59:11","date_gmt":"2025-08-04T23:59:11","guid":{"rendered":"https:\/\/sellounico.cl\/sitio\/?post_type=product&#038;p=27925"},"modified":"2026-04-20T12:50:55","modified_gmt":"2026-04-20T15:50:55","slug":"botes-pucatrihue-b24","status":"publish","type":"product","link":"https:\/\/sellounico.cl\/sitio\/producto\/botes-pucatrihue-b24\/","title":{"rendered":"Bote Pucatrihue Rojo B21"},"content":{"rendered":"<div class=\"ng-tns-c2794297868-19\">\n<section id=\"processing-state-0\" class=\"processing-state_container ng-tns-c2794297868-19 is-gpi-avatar ng-trigger ng-trigger-processingStateShowHide ng-star-inserted is-done-processing\">\n<div id=\"processing-state-0-summary\" class=\"processing-state_details ng-trigger ng-trigger-menuExpansion ng-tns-c2794297868-19 is-gpi-avatar ng-star-inserted\" aria-hidden=\"true\">\n<div class=\"tool-summary ng-tns-c2794297868-19\">\n<div class=\"gds-body-l tool-summary-message ng-tns-c2794297868-19 ng-star-inserted\">\n<div class=\"ng-tns-c2794297868-19\">Este bote escult\u00f3rico es una pieza de arte \u00fanica, creada por una artista del sur de Chile. Est\u00e1 hecho de fierro, trabajado y entrelazado para formar la silueta de un bote, d\u00e1ndole una sensaci\u00f3n de movimiento y fragilidad. La escultura presenta una rica gama de matices rojos, desde el intenso carmes\u00ed hasta tonos m\u00e1s oscuros y oxidados, que le otorgan car\u00e1cter y una textura visual intrigante. La combinaci\u00f3n de la robustez del material con la delicadeza de su forma evoca una profunda conexi\u00f3n con el mar y las tradiciones mar\u00edtimas del sur chileno.<\/div>\n<\/div>\n<\/div>\n<\/div>\n<\/section>\n<\/div>\n<p>&nbsp;<\/p>\n<p>&nbsp;<\/p>\n","protected":false},"excerpt":{"rendered":"<p>Largo 58 cm | Ancho 24 cm | Alto 23 cm<\/p>\n","protected":false},"featured_media":29288,"template":"","meta":[],"product_brand":[],"product_cat":[301],"product_tag":[119,120,121,122,123,124,125,126,127,128,129,130,131,132,133,134,135,136,137,138,139,140,141,142],"class_list":{"0":"post-27925","1":"product","2":"type-product","3":"status-publish","4":"has-post-thumbnail","6":"product_cat-piezasunicas","7":"product_tag-art","8":"product_tag-arte","9":"product_tag-boho","10":"product_tag-bohochick","11":"product_tag-bohostyle","12":"product_tag-bote","13":"product_tag-deco","14":"product_tag-deco-ideas","15":"product_tag-decor","16":"product_tag-decoracion","17":"product_tag-decoracion-interiores","18":"product_tag-decoration","19":"product_tag-desing","20":"product_tag-diseno","21":"product_tag-diseno-excluisivo","22":"product_tag-diseno-interior","23":"product_tag-diseno-unico","24":"product_tag-escultura","25":"product_tag-esculturas","26":"product_tag-exterior-desing","27":"product_tag-hecho-a-mano","28":"product_tag-interior-desing","29":"product_tag-madera-nativa","30":"product_tag-sello-unico","32":"first","33":"instock","34":"purchasable","35":"product-type-simple"},"_links":{"self":[{"href":"https:\/\/sellounico.cl\/sitio\/wp-json\/wp\/v2\/product\/27925","targetHints":{"allow":["GET"]}}],"collection":[{"href":"https:\/\/sellounico.cl\/sitio\/wp-json\/wp\/v2\/product"}],"about":[{"href":"https:\/\/sellounico.cl\/sitio\/wp-json\/wp\/v2\/types\/product"}],"wp:featuredmedia":[{"embeddable":true,"href":"https:\/\/sellounico.cl\/sitio\/wp-json\/wp\/v2\/media\/29288"}],"wp:attachment":[{"href":"https:\/\/sellounico.cl\/sitio\/wp-json\/wp\/v2\/media?parent=27925"}],"wp:term":[{"taxonomy":"product_brand","embeddable":true,"href":"https:\/\/sellounico.cl\/sitio\/wp-json\/wp\/v2\/product_brand?post=27925"},{"taxonomy":"product_cat","embeddable":true,"href":"https:\/\/sellounico.cl\/sitio\/wp-json\/wp\/v2\/product_cat?post=27925"},{"taxonomy":"product_tag","embeddable":true,"href":"https:\/\/sellounico.cl\/sitio\/wp-json\/wp\/v2\/product_tag?post=27925"}],"curies":[{"name":"wp","href":"https:\/\/api.w.org\/{rel}","templated":true}]}}