{"id":28622,"date":"2025-10-06T20:29:26","date_gmt":"2025-10-06T23:29:26","guid":{"rendered":"https:\/\/sellounico.cl\/sitio\/?post_type=product&#038;p=28622"},"modified":"2026-01-15T14:22:25","modified_gmt":"2026-01-15T17:22:25","slug":"bote-pucatrihue-b52","status":"publish","type":"product","link":"https:\/\/sellounico.cl\/sitio\/producto\/bote-pucatrihue-b52\/","title":{"rendered":"Bote Pucatrihue B16"},"content":{"rendered":"<div class=\"ng-tns-c2794297868-19\">\n<section id=\"processing-state-0\" class=\"processing-state_container ng-tns-c2794297868-19 is-gpi-avatar ng-trigger ng-trigger-processingStateShowHide ng-star-inserted is-done-processing\">\n<div id=\"processing-state-0-summary\" class=\"processing-state_details ng-trigger ng-trigger-menuExpansion ng-tns-c2794297868-19 is-gpi-avatar ng-star-inserted\" aria-hidden=\"true\">\n<div class=\"tool-summary ng-tns-c2794297868-19\">\n<div class=\"gds-body-l tool-summary-message ng-tns-c2794297868-19 ng-star-inserted\">\n<div class=\"ng-tns-c2794297868-19\">\n<div class=\"ng-tns-c2794297868-30\">\n<section id=\"processing-state-1\" class=\"processing-state_container ng-tns-c2794297868-30 is-gpi-avatar ng-trigger ng-trigger-processingStateShowHide ng-star-inserted is-done-processing\">\n<div id=\"processing-state-1-summary\" class=\"processing-state_details ng-trigger ng-trigger-menuExpansion ng-tns-c2794297868-30 is-gpi-avatar ng-star-inserted\" aria-hidden=\"true\">\n<div class=\"tool-summary ng-tns-c2794297868-30\">\n<div class=\"gds-body-l tool-summary-message ng-tns-c2794297868-30 ng-star-inserted\">\n<div class=\"ng-tns-c2794297868-30\">Esta escultura de bote, creada por una artista del sur de Chile, est\u00e1 construida en fierro, con una estructura de listones entrelazados que insin\u00faan la forma de una embarcaci\u00f3n. La pieza est\u00e1 adornada con una paleta de colores que combina tonos blancos, negros y caf\u00e9, creando un efecto de desgaste y p\u00e1tina que le da un aire de antig\u00fcedad. La robustez del metal y el acabado texturizado de la superficie evocan la fuerza y la historia de las tradiciones mar\u00edtimas chilenas, capturando un momento de calma y de viaje.<\/div>\n<\/div>\n<\/div>\n<\/div>\n<\/section>\n<\/div>\n<\/div>\n<\/div>\n<\/div>\n<\/div>\n<\/section>\n<\/div>\n<p>&nbsp;<\/p>\n<p>&nbsp;<\/p>\n","protected":false},"excerpt":{"rendered":"<p>Largo 65 cm | Ancho 20 cm | Alto 20 cm<\/p>\n","protected":false},"featured_media":29283,"template":"","meta":[],"product_brand":[],"product_cat":[301],"product_tag":[119,120,121,122,123,124,125,126,127,128,129,130,131,132,133,134,135,136,137,138,139,140,141,142],"class_list":{"0":"post-28622","1":"product","2":"type-product","3":"status-publish","4":"has-post-thumbnail","6":"product_cat-piezasunicas","7":"product_tag-art","8":"product_tag-arte","9":"product_tag-boho","10":"product_tag-bohochick","11":"product_tag-bohostyle","12":"product_tag-bote","13":"product_tag-deco","14":"product_tag-deco-ideas","15":"product_tag-decor","16":"product_tag-decoracion","17":"product_tag-decoracion-interiores","18":"product_tag-decoration","19":"product_tag-desing","20":"product_tag-diseno","21":"product_tag-diseno-excluisivo","22":"product_tag-diseno-interior","23":"product_tag-diseno-unico","24":"product_tag-escultura","25":"product_tag-esculturas","26":"product_tag-exterior-desing","27":"product_tag-hecho-a-mano","28":"product_tag-interior-desing","29":"product_tag-madera-nativa","30":"product_tag-sello-unico","32":"first","33":"instock","34":"sale","35":"purchasable","36":"product-type-simple"},"_links":{"self":[{"href":"https:\/\/sellounico.cl\/sitio\/wp-json\/wp\/v2\/product\/28622","targetHints":{"allow":["GET"]}}],"collection":[{"href":"https:\/\/sellounico.cl\/sitio\/wp-json\/wp\/v2\/product"}],"about":[{"href":"https:\/\/sellounico.cl\/sitio\/wp-json\/wp\/v2\/types\/product"}],"wp:featuredmedia":[{"embeddable":true,"href":"https:\/\/sellounico.cl\/sitio\/wp-json\/wp\/v2\/media\/29283"}],"wp:attachment":[{"href":"https:\/\/sellounico.cl\/sitio\/wp-json\/wp\/v2\/media?parent=28622"}],"wp:term":[{"taxonomy":"product_brand","embeddable":true,"href":"https:\/\/sellounico.cl\/sitio\/wp-json\/wp\/v2\/product_brand?post=28622"},{"taxonomy":"product_cat","embeddable":true,"href":"https:\/\/sellounico.cl\/sitio\/wp-json\/wp\/v2\/product_cat?post=28622"},{"taxonomy":"product_tag","embeddable":true,"href":"https:\/\/sellounico.cl\/sitio\/wp-json\/wp\/v2\/product_tag?post=28622"}],"curies":[{"name":"wp","href":"https:\/\/api.w.org\/{rel}","templated":true}]}}