{"id":28763,"date":"2025-10-08T09:05:28","date_gmt":"2025-10-08T12:05:28","guid":{"rendered":"https:\/\/sellounico.cl\/sitio\/?post_type=product&#038;p=28763"},"modified":"2026-02-24T16:37:33","modified_gmt":"2026-02-24T19:37:33","slug":"lampara-colgante-316","status":"publish","type":"product","link":"https:\/\/sellounico.cl\/sitio\/producto\/lampara-colgante-316\/","title":{"rendered":"Lampara Colgante #316"},"content":{"rendered":"<p data-start=\"469\" data-end=\"799\">Fabricada en fierro trabajado con una <strong data-start=\"522\" data-end=\"548\">terminaci\u00f3n envejecida<\/strong>, la estructura presenta un dise\u00f1o robusto, acompa\u00f1ado de un tejido de <strong data-start=\"627\" data-end=\"649\">alambre decorativo<\/strong> que aporta textura y detalle visual.<\/p>\n<p data-start=\"801\" data-end=\"1031\"><strong data-start=\"801\" data-end=\"855\">Esta l\u00e1mpara es absolutamente \u00fanica e irrepetible.<\/strong> Solo se fabricar\u00e1 una vez, lo que la convierte en una pieza exclusiva para coleccionistas o amantes del dise\u00f1o con car\u00e1cter. Una vez vendida, <strong data-start=\"998\" data-end=\"1030\">no habr\u00e1 una segunda edici\u00f3n<\/strong>.<\/p>\n","protected":false},"excerpt":{"rendered":"<p>Imponente y llena de car\u00e1cter, esta l\u00e1mpara colgante es una verdadera obra de arte en fierro. Con un di\u00e1metro exterior de <strong data-start=\"309\" data-end=\"318\">76 cm<\/strong>, di\u00e1metro interior de <strong data-start=\"341\" data-end=\"350\">58 cm<\/strong> y una altura de <strong data-start=\"367\" data-end=\"376\">36 cm<\/strong>, su presencia transforma cualquier espacio en un ambiente r\u00fastico y aut\u00e9ntico.<\/p>\n","protected":false},"featured_media":28644,"template":"","meta":[],"product_brand":[],"product_cat":[117,301],"product_tag":[440,442,431,457,443,449,455,435,437,445,447,438,439,433,456,429,427,451,426,434,432,441,444,428,436,453,454,452,458,430,448,450,446],"class_list":{"0":"post-28763","1":"product","2":"type-product","3":"status-publish","4":"has-post-thumbnail","6":"product_cat-decoracion","7":"product_cat-piezasunicas","8":"product_tag-alambre-decorativo","9":"product_tag-craneo-decorativo","10":"product_tag-decoracion-con-craneos","11":"product_tag-decoracion-de-cabana","12":"product_tag-decoracion-estilo-texas","13":"product_tag-decoracion-exclusiva","14":"product_tag-decoracion-para-bar","15":"product_tag-decoracion-unica","16":"product_tag-decoracion-vaquera","17":"product_tag-diseno-rustico-industrial","18":"product_tag-edicion-limitada","19":"product_tag-estilo-rancho-moderno","20":"product_tag-fierro-forjado-decorativo","21":"product_tag-iluminacion-de-fierro-forjado","22":"product_tag-iluminacion-de-interiores","23":"product_tag-iluminacion-industrial","24":"product_tag-lampara-artesanal","25":"product_tag-lampara-coleccionable","26":"product_tag-lampara-colgante","27":"product_tag-lampara-con-acabado-envejecido","28":"product_tag-lampara-con-cuernos","29":"product_tag-lampara-con-tejido-metalico","30":"product_tag-lampara-de-res","31":"product_tag-lampara-de-techo-rustica","32":"product_tag-lampara-estilo-western","33":"product_tag-lampara-para-galeria","34":"product_tag-lampara-para-loft","35":"product_tag-lampara-para-restaurante","36":"product_tag-lampara-para-salon-rustico","37":"product_tag-lampara-vintage","38":"product_tag-obra-de-arte-funcional","39":"product_tag-pieza-irrepetible","40":"product_tag-pieza-unica","42":"first","43":"instock","44":"shipping-taxable","45":"purchasable","46":"product-type-simple"},"_links":{"self":[{"href":"https:\/\/sellounico.cl\/sitio\/wp-json\/wp\/v2\/product\/28763","targetHints":{"allow":["GET"]}}],"collection":[{"href":"https:\/\/sellounico.cl\/sitio\/wp-json\/wp\/v2\/product"}],"about":[{"href":"https:\/\/sellounico.cl\/sitio\/wp-json\/wp\/v2\/types\/product"}],"wp:featuredmedia":[{"embeddable":true,"href":"https:\/\/sellounico.cl\/sitio\/wp-json\/wp\/v2\/media\/28644"}],"wp:attachment":[{"href":"https:\/\/sellounico.cl\/sitio\/wp-json\/wp\/v2\/media?parent=28763"}],"wp:term":[{"taxonomy":"product_brand","embeddable":true,"href":"https:\/\/sellounico.cl\/sitio\/wp-json\/wp\/v2\/product_brand?post=28763"},{"taxonomy":"product_cat","embeddable":true,"href":"https:\/\/sellounico.cl\/sitio\/wp-json\/wp\/v2\/product_cat?post=28763"},{"taxonomy":"product_tag","embeddable":true,"href":"https:\/\/sellounico.cl\/sitio\/wp-json\/wp\/v2\/product_tag?post=28763"}],"curies":[{"name":"wp","href":"https:\/\/api.w.org\/{rel}","templated":true}]}}