{"id":28785,"date":"2025-10-08T14:28:08","date_gmt":"2025-10-08T17:28:08","guid":{"rendered":"https:\/\/sellounico.cl\/sitio\/?post_type=product&#038;p=28785"},"modified":"2026-04-07T11:41:14","modified_gmt":"2026-04-07T14:41:14","slug":"luna-421","status":"publish","type":"product","link":"https:\/\/sellounico.cl\/sitio\/producto\/luna-421\/","title":{"rendered":"Luna #421"},"content":{"rendered":"<p data-start=\"184\" data-end=\"429\">Esta pieza de arte mural es una interpretaci\u00f3n contempor\u00e1nea y po\u00e9tica de la luna. Fabricada en <strong data-start=\"280\" data-end=\"307\">fierro trabajado a mano<\/strong>, combina materiales nobles y texturas suaves para crear un objeto decorativo con gran presencia visual y carga simb\u00f3lica.<\/p>\n<p data-start=\"431\" data-end=\"779\">La parte superior semicircular representa la luna en su fase creciente, elaborada en fierro con acabado texturizado y detalles de <strong data-start=\"561\" data-end=\"582\">piedras naturales<\/strong> que le aportan un car\u00e1cter org\u00e1nico. Desde su base, caen finamente <strong data-start=\"650\" data-end=\"670\">cordones de seda<\/strong>, formando una elegante cascada en forma de punta que aporta movimiento y delicadeza.<\/p>\n<p data-start=\"431\" data-end=\"779\"><strong>Medidas:\u00a0<\/strong>11o cm de alto x 60 cm de ancho.<\/p>\n","protected":false},"excerpt":{"rendered":"<p>Ideal para muros protag\u00f3nicos, espacios meditativos o ambientes que buscan una decoraci\u00f3n sofisticada y con identidad. Una obra que invita a la contemplaci\u00f3n y transforma cualquier espacio.<\/p>\n","protected":false},"featured_media":28670,"template":"","meta":[],"product_brand":[],"product_cat":[418,117,301],"product_tag":[519,514,512,516,505,508,511,476,507,509,517,510,295,513,498,504,518,515,506,446],"class_list":{"0":"post-28785","1":"product","2":"type-product","3":"status-publish","4":"has-post-thumbnail","6":"product_cat-cuadros","7":"product_cat-decoracion","8":"product_cat-piezasunicas","9":"product_tag-arte-colgante","10":"product_tag-arte-con-piedras","11":"product_tag-arte-en-fierro","12":"product_tag-arte-hecho-a-mano","13":"product_tag-arte-para-pared","14":"product_tag-arte-textil","15":"product_tag-colgante-de-pared","16":"product_tag-decoracion-artesanal","17":"product_tag-decoracion-bohemia","18":"product_tag-decoracion-con-hilos","19":"product_tag-decoracion-con-textura","20":"product_tag-decoracion-contemporanea","21":"product_tag-decoracion-de-interiores","22":"product_tag-decoracion-elegante","23":"product_tag-decoracion-moderna","24":"product_tag-decoracion-mural","25":"product_tag-decoracion-natural","26":"product_tag-mural-decorativo","27":"product_tag-pieza-decorativa","28":"product_tag-pieza-unica","30":"first","31":"instock","32":"sale","33":"shipping-taxable","34":"purchasable","35":"product-type-simple"},"_links":{"self":[{"href":"https:\/\/sellounico.cl\/sitio\/wp-json\/wp\/v2\/product\/28785","targetHints":{"allow":["GET"]}}],"collection":[{"href":"https:\/\/sellounico.cl\/sitio\/wp-json\/wp\/v2\/product"}],"about":[{"href":"https:\/\/sellounico.cl\/sitio\/wp-json\/wp\/v2\/types\/product"}],"wp:featuredmedia":[{"embeddable":true,"href":"https:\/\/sellounico.cl\/sitio\/wp-json\/wp\/v2\/media\/28670"}],"wp:attachment":[{"href":"https:\/\/sellounico.cl\/sitio\/wp-json\/wp\/v2\/media?parent=28785"}],"wp:term":[{"taxonomy":"product_brand","embeddable":true,"href":"https:\/\/sellounico.cl\/sitio\/wp-json\/wp\/v2\/product_brand?post=28785"},{"taxonomy":"product_cat","embeddable":true,"href":"https:\/\/sellounico.cl\/sitio\/wp-json\/wp\/v2\/product_cat?post=28785"},{"taxonomy":"product_tag","embeddable":true,"href":"https:\/\/sellounico.cl\/sitio\/wp-json\/wp\/v2\/product_tag?post=28785"}],"curies":[{"name":"wp","href":"https:\/\/api.w.org\/{rel}","templated":true}]}}