{"id":28801,"date":"2025-10-08T15:21:20","date_gmt":"2025-10-08T18:21:20","guid":{"rendered":"https:\/\/sellounico.cl\/sitio\/?post_type=product&#038;p=28801"},"modified":"2026-02-24T16:41:41","modified_gmt":"2026-02-24T19:41:41","slug":"colgador-nativo-317","status":"publish","type":"product","link":"https:\/\/sellounico.cl\/sitio\/producto\/colgador-nativo-317\/","title":{"rendered":"Colgador Nativo #317"},"content":{"rendered":"<p>Este colgador de ropa es una pieza \u00fanica hecha a mano a partir de materiales nobles y recuperados: madera envejecida naturalmente, recolectada en r\u00edos y lagos del sur de Chile<\/p>\n<p>Medidas 77 x 33 cm<\/p>\n","protected":false},"excerpt":{"rendered":"<p>Ideal para entradas, pasillos o espacios con estilo r\u00fastico, bohemio o de monta\u00f1a, este colgador no solo es funcional, sino tambi\u00e9n una obra de arte mural que refleja el alma del territorio.<\/p>\n<p>&nbsp;<\/p>\n<p>&nbsp;<\/p>\n","protected":false},"featured_media":28721,"template":"","meta":[],"product_brand":[],"product_cat":[301],"product_tag":[119,299,125,128,295,294,261,300,136,298,297,293,141,296,142],"class_list":{"0":"post-28801","1":"product","2":"type-product","3":"status-publish","4":"has-post-thumbnail","6":"product_cat-piezasunicas","7":"product_tag-art","8":"product_tag-arte-diseno","9":"product_tag-deco","10":"product_tag-decoracion","11":"product_tag-decoracion-de-interiores","12":"product_tag-decoradas","13":"product_tag-design","14":"product_tag-diseno-de-interiores","15":"product_tag-escultura","16":"product_tag-escultura-nativa","17":"product_tag-esculturas-madera","18":"product_tag-esculturas-unicas","19":"product_tag-madera-nativa","20":"product_tag-piezas-de-arte","21":"product_tag-sello-unico","23":"first","24":"instock","25":"sold-individually","26":"shipping-taxable","27":"purchasable","28":"product-type-simple"},"_links":{"self":[{"href":"https:\/\/sellounico.cl\/sitio\/wp-json\/wp\/v2\/product\/28801","targetHints":{"allow":["GET"]}}],"collection":[{"href":"https:\/\/sellounico.cl\/sitio\/wp-json\/wp\/v2\/product"}],"about":[{"href":"https:\/\/sellounico.cl\/sitio\/wp-json\/wp\/v2\/types\/product"}],"wp:featuredmedia":[{"embeddable":true,"href":"https:\/\/sellounico.cl\/sitio\/wp-json\/wp\/v2\/media\/28721"}],"wp:attachment":[{"href":"https:\/\/sellounico.cl\/sitio\/wp-json\/wp\/v2\/media?parent=28801"}],"wp:term":[{"taxonomy":"product_brand","embeddable":true,"href":"https:\/\/sellounico.cl\/sitio\/wp-json\/wp\/v2\/product_brand?post=28801"},{"taxonomy":"product_cat","embeddable":true,"href":"https:\/\/sellounico.cl\/sitio\/wp-json\/wp\/v2\/product_cat?post=28801"},{"taxonomy":"product_tag","embeddable":true,"href":"https:\/\/sellounico.cl\/sitio\/wp-json\/wp\/v2\/product_tag?post=28801"}],"curies":[{"name":"wp","href":"https:\/\/api.w.org\/{rel}","templated":true}]}}