{"id":29739,"date":"2026-04-13T10:23:46","date_gmt":"2026-04-13T13:23:46","guid":{"rendered":"https:\/\/sellounico.cl\/sitio\/?post_type=product&#038;p=29739"},"modified":"2026-04-16T17:22:38","modified_gmt":"2026-04-16T20:22:38","slug":"servicio-se-instalacion-despacho","status":"publish","type":"product","link":"https:\/\/sellounico.cl\/sitio\/producto\/servicio-se-instalacion-despacho\/","title":{"rendered":"Instalaci\u00f3n + Despacho (Disponible dentro de Santiago)"},"content":{"rendered":"","protected":false},"excerpt":{"rendered":"<p>Incluye el despacho del producto, no hay que pagarlo aparte. Seleccionar la opci\u00f3n de env\u00edo en el check out de &#8220;Env\u00edo por Pagar&#8221;.<\/p>\n","protected":false},"featured_media":29741,"template":"","meta":[],"product_brand":[],"product_cat":[301],"product_tag":[],"class_list":{"0":"post-29739","1":"product","2":"type-product","3":"status-publish","4":"has-post-thumbnail","6":"product_cat-piezasunicas","8":"first","9":"instock","10":"shipping-taxable","11":"purchasable","12":"product-type-simple"},"_links":{"self":[{"href":"https:\/\/sellounico.cl\/sitio\/wp-json\/wp\/v2\/product\/29739","targetHints":{"allow":["GET"]}}],"collection":[{"href":"https:\/\/sellounico.cl\/sitio\/wp-json\/wp\/v2\/product"}],"about":[{"href":"https:\/\/sellounico.cl\/sitio\/wp-json\/wp\/v2\/types\/product"}],"wp:featuredmedia":[{"embeddable":true,"href":"https:\/\/sellounico.cl\/sitio\/wp-json\/wp\/v2\/media\/29741"}],"wp:attachment":[{"href":"https:\/\/sellounico.cl\/sitio\/wp-json\/wp\/v2\/media?parent=29739"}],"wp:term":[{"taxonomy":"product_brand","embeddable":true,"href":"https:\/\/sellounico.cl\/sitio\/wp-json\/wp\/v2\/product_brand?post=29739"},{"taxonomy":"product_cat","embeddable":true,"href":"https:\/\/sellounico.cl\/sitio\/wp-json\/wp\/v2\/product_cat?post=29739"},{"taxonomy":"product_tag","embeddable":true,"href":"https:\/\/sellounico.cl\/sitio\/wp-json\/wp\/v2\/product_tag?post=29739"}],"curies":[{"name":"wp","href":"https:\/\/api.w.org\/{rel}","templated":true}]}}